{"id":29371,"date":"2020-06-05T20:40:04","date_gmt":"2020-06-05T20:40:04","guid":{"rendered":"https:\/\/henclewskiwyjatek.pl\/?page_id=29371"},"modified":"2023-03-17T15:10:48","modified_gmt":"2023-03-17T15:10:48","slug":"leistungsspektrum","status":"publish","type":"page","link":"https:\/\/henclewskiwyjatek.pl\/de\/leistungsspektrum\/","title":{"rendered":"Leistungsspektrum"},"content":{"rendered":"<p>[mk_page_section attachment=&#8220;fixed&#8220; bg_position=&#8220;left top&#8220; bg_stretch=&#8220;true&#8220; enable_3d=&#8220;true&#8220; speed_factor=&#8220;0.2&#8243; top_shadow=&#8220;false&#8220; section_layout=&#8220;full&#8220; min_height=&#8220;50&#8243; padding_top=&#8220;65&#8243; padding_bottom=&#8220;70&#8243; margin_bottom=&#8220;0&#8243; last_page=&#8220;true&#8220; width=&#8220;1\/1&#8243; el_position=&#8220;first last&#8220; bg_repeat=&#8220;repeat&#8220; bg_video=&#8220;no&#8220; video_mask=&#8220;false&#8220; first_page=&#8220;false&#8220; section_id=&#8220;Zaufali nam&#8220; bg_image=&#8220;https:\/\/henclewskiwyjatek.pl\/wp-content\/uploads\/2013\/08\/adwokaci-biznesu-sprawy.jpg&#8220; layout_structure=&#8220;full&#8220; video_source=&#8220;self&#8220; stream_host_website=&#8220;youtube&#8220; bg_gradient=&#8220;false&#8220; gr_end=&#8220;#1e73be&#8220; video_opacity=&#8220;0.6&#8243; sidebar=&#8220;sidebar-1&#8243; full_width=&#8220;false&#8220; full_height=&#8220;true&#8220; intro_effect=&#8220;false&#8220; skip_arrow=&#8220;false&#8220; skip_arrow_skin=&#8220;light&#8220;][vc_column width=&#8220;1\/3&#8243;][mk_icon_box title=&#8220;Korporacje&#8220; text_size=&#8220;16&#8243; font_weight=&#8220;inhert&#8220; icon=&#8220;icon-sitemap&#8220; style=&#8220;boxed&#8220; icon_size=&#8220;small&#8220; icon_location=&#8220;left&#8220; circled=&#8220;false&#8220; icon_color=&#8220;#751361&#8243; icon_circle_color=&#8220;#ffffff&#8220; box_blur=&#8220;false&#8220; margin=&#8220;20&#8243; read_more_txt=&#8220;Wi\u0119cej&#8220; read_more_url=&#8220;https:\/\/henclewskiwyjatek.pl\/uslugi\/obsluga-korporacyjna\/&#8220; title_color=&#8220;#751361&#8243; txt_color=&#8220;#000000&#8243;]<\/p>\n<p>Zdajemy sobie spraw\u0119, jak wa\u017cne jest zrozumienie filozofii i zasad dzia\u0142ania korporacji oraz du\u017cych przedsi\u0119biorstw z mi\u0119dzynarodowym kapita\u0142em. Wiemy tym samym, \u017ce takie podmioty wymagaj\u0105 dostosowania si\u0119 przez Kancelari\u0119 do ich wewn\u0119trznych standard\u00f3w.<\/p>\n<p>[\/mk_icon_box][mk_padding_divider size=&#8220;20&#8243;][mk_padding_divider size=&#8220;20&#8243;][mk_padding_divider size=&#8220;20&#8243;][mk_padding_divider size=&#8220;5&#8243;][mk_icon_box title=&#8220;Sprawy cywilne&#8220; text_size=&#8220;16&#8243; font_weight=&#8220;inhert&#8220; icon=&#8220;moon-library&#8220; style=&#8220;boxed&#8220; icon_size=&#8220;small&#8220; icon_location=&#8220;left&#8220; circled=&#8220;false&#8220; icon_color=&#8220;#751361&#8243; icon_circle_color=&#8220;#ffffff&#8220; box_blur=&#8220;false&#8220; margin=&#8220;20&#8243; read_more_txt=&#8220;Wi\u0119cej&#8220; read_more_url=&#8220;https:\/\/henclewskiwyjatek.pl\/uslugi\/sprawy-cywilne\/&#8220; title_color=&#8220;#751361&#8243; txt_color=&#8220;#000000&#8243;]<\/p>\n<p>Aby zapewni\u0107 kompleksow\u0105 obs\u0142ug\u0119 firm, zapewniamy r\u00f3wnie\u017c obs\u0142ug\u0119 prawn\u0105 os\u00f3b fizycznych, kt\u00f3rzy stanowi\u0105 kadr\u0119 zarz\u0105dzaj\u0105c\u0105 firm lub s\u0105 ich w\u0142a\u015bcicielami (dotyczy to r\u00f3wnie\u017c wolnych zawod\u00f3w, np. lekarzy).<\/p>\n<p>[\/mk_icon_box][\/vc_column][vc_column width=&#8220;1\/3&#8243;][mk_icon_box title=&#8220;Ma\u0142e i \u015arednie Firmy&#8220; text_size=&#8220;16&#8243; font_weight=&#8220;inhert&#8220; icon=&#8220;icon-group&#8220; style=&#8220;boxed&#8220; icon_size=&#8220;small&#8220; icon_location=&#8220;left&#8220; circled=&#8220;false&#8220; icon_color=&#8220;#751361&#8243; icon_circle_color=&#8220;#ffffff&#8220; box_blur=&#8220;false&#8220; margin=&#8220;20&#8243; read_more_txt=&#8220;Wi\u0119cej&#8220; read_more_url=&#8220;https:\/\/henclewskiwyjatek.pl\/uslugi\/male-i-srednie-przedsiebiorstwa\/&#8220; title_color=&#8220;#751361&#8243; txt_color=&#8220;#000000&#8243;]<\/p>\n<p>Wiemy, \u017ce dla tego typu podmiot\u00f3w liczy si\u0119 dopasowanie us\u0142ugi prawnej do cz\u0119sto zr\u00f3\u017cnicowanej struktury organizacyjnej oraz zapewnienie mo\u017cliwie kompleksowej obs\u0142ugi zwi\u0105zanej z prowadzonymi przez dan\u0105 firm\u0119 biznesami oraz jej formy organizacyjno-prawnej.<\/p>\n<p>[\/mk_icon_box][mk_padding_divider size=&#8220;20&#8243;][mk_padding_divider size=&#8220;20&#8243;][mk_padding_divider size=&#8220;20&#8243;][mk_padding_divider size=&#8220;5&#8243;][mk_icon_box title=&#8220;Sprawy karne&#8220; text_size=&#8220;16&#8243; font_weight=&#8220;inhert&#8220; icon=&#8220;moon-library-2&#8243; style=&#8220;boxed&#8220; icon_size=&#8220;small&#8220; icon_location=&#8220;left&#8220; circled=&#8220;false&#8220; icon_color=&#8220;#751361&#8243; icon_circle_color=&#8220;#ffffff&#8220; box_blur=&#8220;false&#8220; margin=&#8220;20&#8243; read_more_txt=&#8220;Wi\u0119cej&#8220; read_more_url=&#8220;https:\/\/henclewskiwyjatek.pl\/uslugi\/sprawy-karne\/&#8220; title_color=&#8220;#751361&#8243; txt_color=&#8220;#000000&#8243;]<\/p>\n<p>Jako prawnicy znaj\u0105cy realia \u017cycia gospodarczego wiemy, \u017ce osoby piastuj\u0105ce funkcje kierownicze w przedsi\u0119biorstwach ponosz\u0105 odpowiedzialno\u015b\u0107 za podejmowane decyzje.\u00a0Dlatego przy wszystkich tego typu sprawach ho\u0142dujemy zasadzie, \u017ce \u201dlepiej zapobiega\u0107, ni\u017c leczy\u0107\u201d.<\/p>\n<p>[\/mk_icon_box][mk_padding_divider size=&#8220;20&#8243;][mk_icon_box title=&#8220;prawo nowych technologii&#8220; text_size=&#8220;16&#8243; font_weight=&#8220;inhert&#8220; icon=&#8220;moon-atom-2&#8243; style=&#8220;boxed&#8220; icon_size=&#8220;small&#8220; icon_location=&#8220;left&#8220; circled=&#8220;false&#8220; icon_color=&#8220;#751361&#8243; icon_circle_color=&#8220;#ffffff&#8220; box_blur=&#8220;false&#8220; margin=&#8220;20&#8243; read_more_txt=&#8220;Wi\u0119cej&#8220; read_more_url=&#8220;https:\/\/henclewskiwyjatek.pl\/uslugi\/prawo-nowych-technologii\/&#8220; title_color=&#8220;#751361&#8243; txt_color=&#8220;#000000&#8243;]<\/p>\n<p>Rozw\u00f3j technologii informacyjnych stanowi przysz\u0142o\u015b\u0107 naszej gospodarki. Wdra\u017canie innowacyjnych rozwi\u0105za\u0144 w biznesie cz\u0119sto potrafi zdecydowa\u0107 o sukcesie i przewadze konkurencyjnej danego przedsi\u0119biorstwa. Rozumiemy nowoczesne technologie informacyjne, gdy\u017c sami z nich korzystamy.<\/p>\n<p>[\/mk_icon_box][\/vc_column][vc_column width=&#8220;1\/3&#8243;][mk_icon_box title=&#8220;Prawo imigracyjne&#8220; text_size=&#8220;16&#8243; font_weight=&#8220;inhert&#8220; icon=&#8220;moon-briefcase-2&#8243; style=&#8220;boxed&#8220; icon_size=&#8220;small&#8220; icon_location=&#8220;left&#8220; circled=&#8220;false&#8220; icon_color=&#8220;#751361&#8243; icon_circle_color=&#8220;#ffffff&#8220; box_blur=&#8220;false&#8220; margin=&#8220;20&#8243; read_more_txt=&#8220;Wi\u0119cej&#8220; read_more_url=&#8220;https:\/\/henclewskiwyjatek.pl\/uslugi\/prawo-imigracyjne\/&#8220; title_color=&#8220;#751361&#8243; txt_color=&#8220;#000000&#8243;]<\/p>\n<p>Zatrudnianie cudzoziemc\u00f3w i udzia\u0142 w post\u0119powaniach zwi\u0105zanych z legalizacj\u0105 pobytu to us\u0142ugi przeznaczone nie tylko dla os\u00f3b prywatnych, lecz r\u00f3wnie\u017c przedsi\u0119biorstw zatrudniaj\u0105cych cudzoziemc\u00f3w. W dobie swobodnego przep\u0142ywu os\u00f3b i kapita\u0142u to dziedzina prawa szczeg\u00f3lnie doceniana przez naszych Klient\u00f3w.<\/p>\n<p>[\/mk_icon_box][mk_padding_divider size=&#8220;20&#8243;][mk_icon_box title=&#8220;Najemcy galerii handlowych&#8220; text_size=&#8220;16&#8243; font_weight=&#8220;inhert&#8220; icon=&#8220;moon-cart-5&#8243; style=&#8220;boxed&#8220; icon_size=&#8220;small&#8220; icon_location=&#8220;left&#8220; circled=&#8220;false&#8220; icon_color=&#8220;#751361&#8243; icon_circle_color=&#8220;#ffffff&#8220; box_blur=&#8220;false&#8220; margin=&#8220;20&#8243; read_more_txt=&#8220;Wi\u0119cej&#8220; read_more_url=&#8220;https:\/\/henclewskiwyjatek.pl\/uslugi\/najemcy-galerii-handlowych\/&#8220; title_color=&#8220;#751361&#8243; txt_color=&#8220;#000000&#8243;]<\/p>\n<p>Specjalizujemy si\u0119 w ochronie prawnej najemc\u00f3w galerii handlowych. Posiadamy bogate do\u015bwiadczenie w negocjowaniu d\u0142ugich i trudnych um\u00f3w najmu, kt\u00f3rych wzorce proponowane przez Wynajmuj\u0105cych, najcz\u0119\u015bciej chroni\u0105 wy\u0142\u0105cznie jedn\u0105 stron\u0119 umowy.<\/p>\n<p>[\/mk_icon_box][\/vc_column][\/mk_page_section]<\/p>\n","protected":false},"excerpt":{"rendered":"<p>[mk_page_section attachment=&#8220;fixed&#8220; bg_position=&#8220;left top&#8220; bg_stretch=&#8220;true&#8220; enable_3d=&#8220;true&#8220; speed_factor=&#8220;0.2&#8243; top_shadow=&#8220;false&#8220; section_layout=&#8220;full&#8220; min_height=&#8220;50&#8243; padding_top=&#8220;65&#8243; padding_bottom=&#8220;70&#8243; margin_bottom=&#8220;0&#8243; last_page=&#8220;true&#8220; width=&#8220;1\/1&#8243; el_position=&#8220;first last&#8220; bg_repeat=&#8220;repeat&#8220; bg_video=&#8220;no&#8220; video_mask=&#8220;false&#8220; first_page=&#8220;false&#8220; section_id=&#8220;Zaufali nam&#8220; bg_image=&#8220;https:\/\/henclewskiwyjatek.pl\/wp-content\/uploads\/2013\/08\/adwokaci-biznesu-sprawy.jpg&#8220; layout_structure=&#8220;full&#8220; video_source=&#8220;self&#8220; stream_host_website=&#8220;youtube&#8220; bg_gradient=&#8220;false&#8220; gr_end=&#8220;#1e73be&#8220; video_opacity=&#8220;0.6&#8243; sidebar=&#8220;sidebar-1&#8243; full_width=&#8220;false&#8220; full_height=&#8220;true&#8220; intro_effect=&#8220;false&#8220; skip_arrow=&#8220;false&#8220; skip_arrow_skin=&#8220;light&#8220;][vc_column width=&#8220;1\/3&#8243;][mk_icon_box title=&#8220;Korporacje&#8220; text_size=&#8220;16&#8243; font_weight=&#8220;inhert&#8220; icon=&#8220;icon-sitemap&#8220; style=&#8220;boxed&#8220; icon_size=&#8220;small&#8220; icon_location=&#8220;left&#8220; circled=&#8220;false&#8220; icon_color=&#8220;#751361&#8243; icon_circle_color=&#8220;#ffffff&#8220; box_blur=&#8220;false&#8220; margin=&#8220;20&#8243; read_more_txt=&#8220;Wi\u0119cej&#8220; read_more_url=&#8220;https:\/\/henclewskiwyjatek.pl\/uslugi\/obsluga-korporacyjna\/&#8220; title_color=&#8220;#751361&#8243; txt_color=&#8220;#000000&#8243;] Zdajemy sobie [&hellip;]<\/p>\n","protected":false},"author":1,"featured_media":0,"parent":0,"menu_order":36,"comment_status":"closed","ping_status":"closed","template":"offers-template.php","meta":{"_monsterinsights_skip_tracking":false,"_monsterinsights_sitenote_active":false,"_monsterinsights_sitenote_note":"","_monsterinsights_sitenote_category":0,"footnotes":""},"class_list":["post-29371","page","type-page","status-publish","hentry"],"yoast_head":"<!-- This site is optimized with the Yoast SEO plugin v27.3 - https:\/\/yoast.com\/product\/yoast-seo-wordpress\/ -->\n<title>Leistungsspektrum - Henclewski &amp; Wyjatek<\/title>\n<meta name=\"robots\" content=\"index, follow, max-snippet:-1, max-image-preview:large, max-video-preview:-1\" \/>\n<link rel=\"canonical\" href=\"https:\/\/henclewskiwyjatek.pl\/uslugi\/\" \/>\n<meta property=\"og:locale\" content=\"de_DE\" \/>\n<meta property=\"og:type\" content=\"article\" \/>\n<meta property=\"og:title\" content=\"Leistungsspektrum - Henclewski &amp; Wyjatek\" \/>\n<meta property=\"og:description\" content=\"[mk_page_section attachment=&#8220;fixed&#8220; bg_position=&#8220;left top&#8220; bg_stretch=&#8220;true&#8220; enable_3d=&#8220;true&#8220; speed_factor=&#8220;0.2&#8243; top_shadow=&#8220;false&#8220; section_layout=&#8220;full&#8220; min_height=&#8220;50&#8243; padding_top=&#8220;65&#8243; padding_bottom=&#8220;70&#8243; margin_bottom=&#8220;0&#8243; last_page=&#8220;true&#8220; width=&#8220;1\/1&#8243; el_position=&#8220;first last&#8220; bg_repeat=&#8220;repeat&#8220; bg_video=&#8220;no&#8220; video_mask=&#8220;false&#8220; first_page=&#8220;false&#8220; section_id=&#8220;Zaufali nam&#8220; bg_image=&#8220;https:\/\/henclewskiwyjatek.pl\/wp-content\/uploads\/2013\/08\/adwokaci-biznesu-sprawy.jpg&#8220; layout_structure=&#8220;full&#8220; video_source=&#8220;self&#8220; stream_host_website=&#8220;youtube&#8220; bg_gradient=&#8220;false&#8220; gr_end=&#8220;#1e73be&#8220; video_opacity=&#8220;0.6&#8243; sidebar=&#8220;sidebar-1&#8243; full_width=&#8220;false&#8220; full_height=&#8220;true&#8220; intro_effect=&#8220;false&#8220; skip_arrow=&#8220;false&#8220; skip_arrow_skin=&#8220;light&#8220;][vc_column width=&#8220;1\/3&#8243;][mk_icon_box title=&#8220;Korporacje&#8220; text_size=&#8220;16&#8243; font_weight=&#8220;inhert&#8220; icon=&#8220;icon-sitemap&#8220; style=&#8220;boxed&#8220; icon_size=&#8220;small&#8220; icon_location=&#8220;left&#8220; circled=&#8220;false&#8220; icon_color=&#8220;#751361&#8243; icon_circle_color=&#8220;#ffffff&#8220; box_blur=&#8220;false&#8220; margin=&#8220;20&#8243; read_more_txt=&#8220;Wi\u0119cej&#8220; read_more_url=&#8220;https:\/\/henclewskiwyjatek.pl\/uslugi\/obsluga-korporacyjna\/&#8220; title_color=&#8220;#751361&#8243; txt_color=&#8220;#000000&#8243;] Zdajemy sobie [&hellip;]\" \/>\n<meta property=\"og:url\" content=\"https:\/\/henclewskiwyjatek.pl\/uslugi\/\" \/>\n<meta property=\"og:site_name\" content=\"Henclewski &amp; Wyjatek\" \/>\n<meta property=\"article:publisher\" content=\"https:\/\/www.facebook.com\/profile.php?id=100087508418448\" \/>\n<meta property=\"article:modified_time\" content=\"2023-03-17T15:10:48+00:00\" \/>\n<meta name=\"twitter:card\" content=\"summary_large_image\" \/>\n<meta name=\"twitter:label1\" content=\"Gesch\u00e4tzte Lesezeit\" \/>\n\t<meta name=\"twitter:data1\" content=\"4\u00a0Minuten\" \/>\n<script type=\"application\/ld+json\" class=\"yoast-schema-graph\">{\"@context\":\"https:\\\/\\\/schema.org\",\"@graph\":[{\"@type\":\"WebPage\",\"@id\":\"https:\\\/\\\/henclewskiwyjatek.pl\\\/uslugi\\\/\",\"url\":\"https:\\\/\\\/henclewskiwyjatek.pl\\\/uslugi\\\/\",\"name\":\"Leistungsspektrum - Henclewski &amp; Wyjatek\",\"isPartOf\":{\"@id\":\"https:\\\/\\\/henclewskiwyjatek.pl\\\/#website\"},\"datePublished\":\"2020-06-05T20:40:04+00:00\",\"dateModified\":\"2023-03-17T15:10:48+00:00\",\"breadcrumb\":{\"@id\":\"https:\\\/\\\/henclewskiwyjatek.pl\\\/uslugi\\\/#breadcrumb\"},\"inLanguage\":\"de\",\"potentialAction\":[{\"@type\":\"ReadAction\",\"target\":[\"https:\\\/\\\/henclewskiwyjatek.pl\\\/uslugi\\\/\"]}]},{\"@type\":\"BreadcrumbList\",\"@id\":\"https:\\\/\\\/henclewskiwyjatek.pl\\\/uslugi\\\/#breadcrumb\",\"itemListElement\":[{\"@type\":\"ListItem\",\"position\":1,\"name\":\"Strona g\u0142\u00f3wna\",\"item\":\"https:\\\/\\\/henclewskiwyjatek.pl\\\/de\\\/\"},{\"@type\":\"ListItem\",\"position\":2,\"name\":\"Leistungsspektrum\"}]},{\"@type\":\"WebSite\",\"@id\":\"https:\\\/\\\/henclewskiwyjatek.pl\\\/#website\",\"url\":\"https:\\\/\\\/henclewskiwyjatek.pl\\\/\",\"name\":\"Henclewski &amp; Wyjatek Kancelaria\",\"description\":\"Ihre Wirtschaftsanw\u00e4lte\",\"publisher\":{\"@id\":\"https:\\\/\\\/henclewskiwyjatek.pl\\\/#organization\"},\"potentialAction\":[{\"@type\":\"SearchAction\",\"target\":{\"@type\":\"EntryPoint\",\"urlTemplate\":\"https:\\\/\\\/henclewskiwyjatek.pl\\\/?s={search_term_string}\"},\"query-input\":{\"@type\":\"PropertyValueSpecification\",\"valueRequired\":true,\"valueName\":\"search_term_string\"}}],\"inLanguage\":\"de\"},{\"@type\":\"Organization\",\"@id\":\"https:\\\/\\\/henclewskiwyjatek.pl\\\/#organization\",\"name\":\"Henclewski &amp; Wyjatek Kancelaria\",\"url\":\"https:\\\/\\\/henclewskiwyjatek.pl\\\/\",\"logo\":{\"@type\":\"ImageObject\",\"inLanguage\":\"de\",\"@id\":\"https:\\\/\\\/henclewskiwyjatek.pl\\\/#\\\/schema\\\/logo\\\/image\\\/\",\"url\":\"https:\\\/\\\/henclewskiwyjatek.pl\\\/wp-content\\\/uploads\\\/2023\\\/06\\\/hw_logo.png\",\"contentUrl\":\"https:\\\/\\\/henclewskiwyjatek.pl\\\/wp-content\\\/uploads\\\/2023\\\/06\\\/hw_logo.png\",\"width\":479,\"height\":173,\"caption\":\"Henclewski &amp; Wyjatek Kancelaria\"},\"image\":{\"@id\":\"https:\\\/\\\/henclewskiwyjatek.pl\\\/#\\\/schema\\\/logo\\\/image\\\/\"},\"sameAs\":[\"https:\\\/\\\/www.facebook.com\\\/profile.php?id=100087508418448\",\"https:\\\/\\\/www.linkedin.com\\\/company\\\/38142911\\\/\"]}]}<\/script>\n<!-- \/ Yoast SEO plugin. -->","yoast_head_json":{"title":"Leistungsspektrum - Henclewski &amp; Wyjatek","robots":{"index":"index","follow":"follow","max-snippet":"max-snippet:-1","max-image-preview":"max-image-preview:large","max-video-preview":"max-video-preview:-1"},"canonical":"https:\/\/henclewskiwyjatek.pl\/uslugi\/","og_locale":"de_DE","og_type":"article","og_title":"Leistungsspektrum - Henclewski &amp; Wyjatek","og_description":"[mk_page_section attachment=&#8220;fixed&#8220; bg_position=&#8220;left top&#8220; bg_stretch=&#8220;true&#8220; enable_3d=&#8220;true&#8220; speed_factor=&#8220;0.2&#8243; top_shadow=&#8220;false&#8220; section_layout=&#8220;full&#8220; min_height=&#8220;50&#8243; padding_top=&#8220;65&#8243; padding_bottom=&#8220;70&#8243; margin_bottom=&#8220;0&#8243; last_page=&#8220;true&#8220; width=&#8220;1\/1&#8243; el_position=&#8220;first last&#8220; bg_repeat=&#8220;repeat&#8220; bg_video=&#8220;no&#8220; video_mask=&#8220;false&#8220; first_page=&#8220;false&#8220; section_id=&#8220;Zaufali nam&#8220; bg_image=&#8220;https:\/\/henclewskiwyjatek.pl\/wp-content\/uploads\/2013\/08\/adwokaci-biznesu-sprawy.jpg&#8220; layout_structure=&#8220;full&#8220; video_source=&#8220;self&#8220; stream_host_website=&#8220;youtube&#8220; bg_gradient=&#8220;false&#8220; gr_end=&#8220;#1e73be&#8220; video_opacity=&#8220;0.6&#8243; sidebar=&#8220;sidebar-1&#8243; full_width=&#8220;false&#8220; full_height=&#8220;true&#8220; intro_effect=&#8220;false&#8220; skip_arrow=&#8220;false&#8220; skip_arrow_skin=&#8220;light&#8220;][vc_column width=&#8220;1\/3&#8243;][mk_icon_box title=&#8220;Korporacje&#8220; text_size=&#8220;16&#8243; font_weight=&#8220;inhert&#8220; icon=&#8220;icon-sitemap&#8220; style=&#8220;boxed&#8220; icon_size=&#8220;small&#8220; icon_location=&#8220;left&#8220; circled=&#8220;false&#8220; icon_color=&#8220;#751361&#8243; icon_circle_color=&#8220;#ffffff&#8220; box_blur=&#8220;false&#8220; margin=&#8220;20&#8243; read_more_txt=&#8220;Wi\u0119cej&#8220; read_more_url=&#8220;https:\/\/henclewskiwyjatek.pl\/uslugi\/obsluga-korporacyjna\/&#8220; title_color=&#8220;#751361&#8243; txt_color=&#8220;#000000&#8243;] Zdajemy sobie [&hellip;]","og_url":"https:\/\/henclewskiwyjatek.pl\/uslugi\/","og_site_name":"Henclewski &amp; Wyjatek","article_publisher":"https:\/\/www.facebook.com\/profile.php?id=100087508418448","article_modified_time":"2023-03-17T15:10:48+00:00","twitter_card":"summary_large_image","twitter_misc":{"Gesch\u00e4tzte Lesezeit":"4\u00a0Minuten"},"schema":{"@context":"https:\/\/schema.org","@graph":[{"@type":"WebPage","@id":"https:\/\/henclewskiwyjatek.pl\/uslugi\/","url":"https:\/\/henclewskiwyjatek.pl\/uslugi\/","name":"Leistungsspektrum - Henclewski &amp; Wyjatek","isPartOf":{"@id":"https:\/\/henclewskiwyjatek.pl\/#website"},"datePublished":"2020-06-05T20:40:04+00:00","dateModified":"2023-03-17T15:10:48+00:00","breadcrumb":{"@id":"https:\/\/henclewskiwyjatek.pl\/uslugi\/#breadcrumb"},"inLanguage":"de","potentialAction":[{"@type":"ReadAction","target":["https:\/\/henclewskiwyjatek.pl\/uslugi\/"]}]},{"@type":"BreadcrumbList","@id":"https:\/\/henclewskiwyjatek.pl\/uslugi\/#breadcrumb","itemListElement":[{"@type":"ListItem","position":1,"name":"Strona g\u0142\u00f3wna","item":"https:\/\/henclewskiwyjatek.pl\/de\/"},{"@type":"ListItem","position":2,"name":"Leistungsspektrum"}]},{"@type":"WebSite","@id":"https:\/\/henclewskiwyjatek.pl\/#website","url":"https:\/\/henclewskiwyjatek.pl\/","name":"Henclewski &amp; Wyjatek Kancelaria","description":"Ihre Wirtschaftsanw\u00e4lte","publisher":{"@id":"https:\/\/henclewskiwyjatek.pl\/#organization"},"potentialAction":[{"@type":"SearchAction","target":{"@type":"EntryPoint","urlTemplate":"https:\/\/henclewskiwyjatek.pl\/?s={search_term_string}"},"query-input":{"@type":"PropertyValueSpecification","valueRequired":true,"valueName":"search_term_string"}}],"inLanguage":"de"},{"@type":"Organization","@id":"https:\/\/henclewskiwyjatek.pl\/#organization","name":"Henclewski &amp; Wyjatek Kancelaria","url":"https:\/\/henclewskiwyjatek.pl\/","logo":{"@type":"ImageObject","inLanguage":"de","@id":"https:\/\/henclewskiwyjatek.pl\/#\/schema\/logo\/image\/","url":"https:\/\/henclewskiwyjatek.pl\/wp-content\/uploads\/2023\/06\/hw_logo.png","contentUrl":"https:\/\/henclewskiwyjatek.pl\/wp-content\/uploads\/2023\/06\/hw_logo.png","width":479,"height":173,"caption":"Henclewski &amp; Wyjatek Kancelaria"},"image":{"@id":"https:\/\/henclewskiwyjatek.pl\/#\/schema\/logo\/image\/"},"sameAs":["https:\/\/www.facebook.com\/profile.php?id=100087508418448","https:\/\/www.linkedin.com\/company\/38142911\/"]}]}},"_links":{"self":[{"href":"https:\/\/henclewskiwyjatek.pl\/de\/wp-json\/wp\/v2\/pages\/29371","targetHints":{"allow":["GET"]}}],"collection":[{"href":"https:\/\/henclewskiwyjatek.pl\/de\/wp-json\/wp\/v2\/pages"}],"about":[{"href":"https:\/\/henclewskiwyjatek.pl\/de\/wp-json\/wp\/v2\/types\/page"}],"author":[{"embeddable":true,"href":"https:\/\/henclewskiwyjatek.pl\/de\/wp-json\/wp\/v2\/users\/1"}],"replies":[{"embeddable":true,"href":"https:\/\/henclewskiwyjatek.pl\/de\/wp-json\/wp\/v2\/comments?post=29371"}],"version-history":[{"count":4,"href":"https:\/\/henclewskiwyjatek.pl\/de\/wp-json\/wp\/v2\/pages\/29371\/revisions"}],"predecessor-version":[{"id":30179,"href":"https:\/\/henclewskiwyjatek.pl\/de\/wp-json\/wp\/v2\/pages\/29371\/revisions\/30179"}],"wp:attachment":[{"href":"https:\/\/henclewskiwyjatek.pl\/de\/wp-json\/wp\/v2\/media?parent=29371"}],"curies":[{"name":"wp","href":"https:\/\/api.w.org\/{rel}","templated":true}]}}