{"id":29384,"date":"2020-06-05T20:53:09","date_gmt":"2020-06-05T20:53:09","guid":{"rendered":"https:\/\/henclewskiwyjatek.pl\/?page_id=29384"},"modified":"2025-11-07T08:10:36","modified_gmt":"2025-11-07T08:10:36","slug":"tomasz-henclewski","status":"publish","type":"page","link":"https:\/\/henclewskiwyjatek.pl\/de\/team\/partner\/tomasz-henclewski\/","title":{"rendered":"Dr. Tomasz Henclewski"},"content":{"rendered":"<p data-start=\"153\" data-end=\"305\">Rechtsanwalt und Doktor der Rechtswissenschaften. Studierte an der Adam-Mickiewicz-Universit\u00e4t in Posen sowie an der Universit\u00e4t Trier in Deutschland.<\/p>\n<p data-start=\"307\" data-end=\"369\">Gr\u00fcnder der Kanzlei Henclewski Wyjatek Adwokaci.<\/p>\n<p data-start=\"371\" data-end=\"436\">Referent und Teilnehmer zahlreicher Konferenzen und Schulungen.<\/p>\n<p data-start=\"438\" data-end=\"543\">Verf\u00fcgt \u00fcber langj\u00e4hrige Praxis in der rechtlichen Betreuung von Unternehmenskunden und Privatpersonen.<\/p>\n<p data-start=\"545\" data-end=\"811\">Absolvierte das Promotionsstudium an der Juristischen Fakult\u00e4t der Adam-Mickiewicz-Universit\u00e4t in Posen. Im Rahmen seiner wissenschaftlichen Arbeit an der UAM erhielt er ein Forschungsstipendium f\u00fcr die Jahre 2013-2014 f\u00fcr Nachwuchswissenschaftler und Doktoranden.<\/p>\n<p data-start=\"813\" data-end=\"985\">Verteidigte die Dissertation mit dem Titel \u201eDas ger\u00e4umte Hypothekenrangverh\u00e4ltnis\u201c, die anschlie\u00dfend in Form einer Monographie ver\u00f6ffentlicht wurde: Link zur Publikation.<\/p>\n<p data-start=\"987\" data-end=\"1147\">Dozent an der Juristischen Fakult\u00e4t der Adam-Mickiewicz-Universit\u00e4t in Posen. Er leitet auch Zivilrechtskurse f\u00fcr Anwaltsanw\u00e4rter der Anwaltskammer Gro\u00dfpolen.<\/p>\n<p data-start=\"1149\" data-end=\"1299\">Preistr\u00e4ger des Wettbewerbs \u201eForbes Professionals \u2013 Berufe des \u00f6ffentlichen Vertrauens\u201c in der Kategorie Rechtsanwalt in der Woiwodschaft Gro\u00dfpolen.<\/p>\n<p data-start=\"1301\" data-end=\"1349\">Spezialisiert auf Zivil- und Wirtschaftsrecht.<\/p>\n<p data-start=\"1351\" data-end=\"1391\">Autor wissenschaftlicher Publikationen<\/p>\n<p data-start=\"2924\" data-end=\"2986\">\n","protected":false},"excerpt":{"rendered":"<p>Rechtsanwalt und Doktor der Rechtswissenschaften. Studierte an der Adam-Mickiewicz-Universit\u00e4t in Posen sowie an der Universit\u00e4t Trier in Deutschland. Gr\u00fcnder der Kanzlei Henclewski Wyjatek Adwokaci. Referent und Teilnehmer zahlreicher Konferenzen und Schulungen. Verf\u00fcgt \u00fcber langj\u00e4hrige Praxis in der rechtlichen Betreuung von Unternehmenskunden und Privatpersonen. Absolvierte das Promotionsstudium an der Juristischen Fakult\u00e4t der Adam-Mickiewicz-Universit\u00e4t in Posen. Im [&hellip;]<\/p>\n","protected":false},"author":1,"featured_media":30581,"parent":29388,"menu_order":105,"comment_status":"closed","ping_status":"closed","template":"team-member-template.php","meta":{"_monsterinsights_skip_tracking":false,"_monsterinsights_sitenote_active":false,"_monsterinsights_sitenote_note":"","_monsterinsights_sitenote_category":0,"footnotes":""},"class_list":["post-29384","page","type-page","status-publish","has-post-thumbnail","hentry"],"yoast_head":"<!-- This site is optimized with the Yoast SEO plugin v27.3 - https:\/\/yoast.com\/product\/yoast-seo-wordpress\/ -->\n<title>Dr. Tomasz Henclewski - Henclewski &amp; Wyjatek<\/title>\n<meta name=\"robots\" content=\"index, follow, max-snippet:-1, max-image-preview:large, max-video-preview:-1\" \/>\n<link rel=\"canonical\" href=\"https:\/\/henclewskiwyjatek.pl\/de\/team\/partner\/tomasz-henclewski\/\" \/>\n<meta property=\"og:locale\" content=\"de_DE\" \/>\n<meta property=\"og:type\" content=\"article\" \/>\n<meta property=\"og:title\" content=\"Dr. Tomasz Henclewski - Henclewski &amp; Wyjatek\" \/>\n<meta property=\"og:description\" content=\"Rechtsanwalt und Doktor der Rechtswissenschaften. Studierte an der Adam-Mickiewicz-Universit\u00e4t in Posen sowie an der Universit\u00e4t Trier in Deutschland. Gr\u00fcnder der Kanzlei Henclewski Wyjatek Adwokaci. Referent und Teilnehmer zahlreicher Konferenzen und Schulungen. Verf\u00fcgt \u00fcber langj\u00e4hrige Praxis in der rechtlichen Betreuung von Unternehmenskunden und Privatpersonen. Absolvierte das Promotionsstudium an der Juristischen Fakult\u00e4t der Adam-Mickiewicz-Universit\u00e4t in Posen. Im [&hellip;]\" \/>\n<meta property=\"og:url\" content=\"https:\/\/henclewskiwyjatek.pl\/de\/team\/partner\/tomasz-henclewski\/\" \/>\n<meta property=\"og:site_name\" content=\"Henclewski &amp; Wyjatek\" \/>\n<meta property=\"article:publisher\" content=\"https:\/\/www.facebook.com\/profile.php?id=100087508418448\" \/>\n<meta property=\"article:modified_time\" content=\"2025-11-07T08:10:36+00:00\" \/>\n<meta property=\"og:image\" content=\"https:\/\/henclewskiwyjatek.pl\/wp-content\/uploads\/2024\/12\/Tomasz-Henclewski-832x1024.jpg\" \/>\n\t<meta property=\"og:image:width\" content=\"832\" \/>\n\t<meta property=\"og:image:height\" content=\"1024\" \/>\n\t<meta property=\"og:image:type\" content=\"image\/jpeg\" \/>\n<meta name=\"twitter:card\" content=\"summary_large_image\" \/>\n<meta name=\"twitter:label1\" content=\"Gesch\u00e4tzte Lesezeit\" \/>\n\t<meta name=\"twitter:data1\" content=\"2\u00a0Minuten\" \/>\n<script type=\"application\/ld+json\" class=\"yoast-schema-graph\">{\"@context\":\"https:\\\/\\\/schema.org\",\"@graph\":[{\"@type\":\"WebPage\",\"@id\":\"https:\\\/\\\/henclewskiwyjatek.pl\\\/de\\\/team\\\/partner\\\/tomasz-henclewski\\\/\",\"url\":\"https:\\\/\\\/henclewskiwyjatek.pl\\\/de\\\/team\\\/partner\\\/tomasz-henclewski\\\/\",\"name\":\"Dr. Tomasz Henclewski - Henclewski &amp; Wyjatek\",\"isPartOf\":{\"@id\":\"https:\\\/\\\/henclewskiwyjatek.pl\\\/#website\"},\"primaryImageOfPage\":{\"@id\":\"https:\\\/\\\/henclewskiwyjatek.pl\\\/de\\\/team\\\/partner\\\/tomasz-henclewski\\\/#primaryimage\"},\"image\":{\"@id\":\"https:\\\/\\\/henclewskiwyjatek.pl\\\/de\\\/team\\\/partner\\\/tomasz-henclewski\\\/#primaryimage\"},\"thumbnailUrl\":\"https:\\\/\\\/henclewskiwyjatek.pl\\\/wp-content\\\/uploads\\\/2024\\\/12\\\/Tomasz-Henclewski.jpg\",\"datePublished\":\"2020-06-05T20:53:09+00:00\",\"dateModified\":\"2025-11-07T08:10:36+00:00\",\"breadcrumb\":{\"@id\":\"https:\\\/\\\/henclewskiwyjatek.pl\\\/de\\\/team\\\/partner\\\/tomasz-henclewski\\\/#breadcrumb\"},\"inLanguage\":\"de\",\"potentialAction\":[{\"@type\":\"ReadAction\",\"target\":[\"https:\\\/\\\/henclewskiwyjatek.pl\\\/de\\\/team\\\/partner\\\/tomasz-henclewski\\\/\"]}]},{\"@type\":\"ImageObject\",\"inLanguage\":\"de\",\"@id\":\"https:\\\/\\\/henclewskiwyjatek.pl\\\/de\\\/team\\\/partner\\\/tomasz-henclewski\\\/#primaryimage\",\"url\":\"https:\\\/\\\/henclewskiwyjatek.pl\\\/wp-content\\\/uploads\\\/2024\\\/12\\\/Tomasz-Henclewski.jpg\",\"contentUrl\":\"https:\\\/\\\/henclewskiwyjatek.pl\\\/wp-content\\\/uploads\\\/2024\\\/12\\\/Tomasz-Henclewski.jpg\",\"width\":2001,\"height\":2462},{\"@type\":\"BreadcrumbList\",\"@id\":\"https:\\\/\\\/henclewskiwyjatek.pl\\\/de\\\/team\\\/partner\\\/tomasz-henclewski\\\/#breadcrumb\",\"itemListElement\":[{\"@type\":\"ListItem\",\"position\":1,\"name\":\"Strona g\u0142\u00f3wna\",\"item\":\"https:\\\/\\\/henclewskiwyjatek.pl\\\/de\\\/\"},{\"@type\":\"ListItem\",\"position\":2,\"name\":\"Team\",\"item\":\"https:\\\/\\\/henclewskiwyjatek.pl\\\/zespol\\\/\"},{\"@type\":\"ListItem\",\"position\":3,\"name\":\"Partner\",\"item\":\"https:\\\/\\\/henclewskiwyjatek.pl\\\/zespol\\\/wspolnicy\\\/\"},{\"@type\":\"ListItem\",\"position\":4,\"name\":\"Dr. Tomasz Henclewski\"}]},{\"@type\":\"WebSite\",\"@id\":\"https:\\\/\\\/henclewskiwyjatek.pl\\\/#website\",\"url\":\"https:\\\/\\\/henclewskiwyjatek.pl\\\/\",\"name\":\"Henclewski &amp; Wyjatek Kancelaria\",\"description\":\"Ihre Wirtschaftsanw\u00e4lte\",\"publisher\":{\"@id\":\"https:\\\/\\\/henclewskiwyjatek.pl\\\/#organization\"},\"potentialAction\":[{\"@type\":\"SearchAction\",\"target\":{\"@type\":\"EntryPoint\",\"urlTemplate\":\"https:\\\/\\\/henclewskiwyjatek.pl\\\/?s={search_term_string}\"},\"query-input\":{\"@type\":\"PropertyValueSpecification\",\"valueRequired\":true,\"valueName\":\"search_term_string\"}}],\"inLanguage\":\"de\"},{\"@type\":\"Organization\",\"@id\":\"https:\\\/\\\/henclewskiwyjatek.pl\\\/#organization\",\"name\":\"Henclewski &amp; Wyjatek Kancelaria\",\"url\":\"https:\\\/\\\/henclewskiwyjatek.pl\\\/\",\"logo\":{\"@type\":\"ImageObject\",\"inLanguage\":\"de\",\"@id\":\"https:\\\/\\\/henclewskiwyjatek.pl\\\/#\\\/schema\\\/logo\\\/image\\\/\",\"url\":\"https:\\\/\\\/henclewskiwyjatek.pl\\\/wp-content\\\/uploads\\\/2023\\\/06\\\/hw_logo.png\",\"contentUrl\":\"https:\\\/\\\/henclewskiwyjatek.pl\\\/wp-content\\\/uploads\\\/2023\\\/06\\\/hw_logo.png\",\"width\":479,\"height\":173,\"caption\":\"Henclewski &amp; Wyjatek Kancelaria\"},\"image\":{\"@id\":\"https:\\\/\\\/henclewskiwyjatek.pl\\\/#\\\/schema\\\/logo\\\/image\\\/\"},\"sameAs\":[\"https:\\\/\\\/www.facebook.com\\\/profile.php?id=100087508418448\",\"https:\\\/\\\/www.linkedin.com\\\/company\\\/38142911\\\/\"]}]}<\/script>\n<!-- \/ Yoast SEO plugin. -->","yoast_head_json":{"title":"Dr. Tomasz Henclewski - Henclewski &amp; Wyjatek","robots":{"index":"index","follow":"follow","max-snippet":"max-snippet:-1","max-image-preview":"max-image-preview:large","max-video-preview":"max-video-preview:-1"},"canonical":"https:\/\/henclewskiwyjatek.pl\/de\/team\/partner\/tomasz-henclewski\/","og_locale":"de_DE","og_type":"article","og_title":"Dr. Tomasz Henclewski - Henclewski &amp; Wyjatek","og_description":"Rechtsanwalt und Doktor der Rechtswissenschaften. Studierte an der Adam-Mickiewicz-Universit\u00e4t in Posen sowie an der Universit\u00e4t Trier in Deutschland. Gr\u00fcnder der Kanzlei Henclewski Wyjatek Adwokaci. Referent und Teilnehmer zahlreicher Konferenzen und Schulungen. Verf\u00fcgt \u00fcber langj\u00e4hrige Praxis in der rechtlichen Betreuung von Unternehmenskunden und Privatpersonen. Absolvierte das Promotionsstudium an der Juristischen Fakult\u00e4t der Adam-Mickiewicz-Universit\u00e4t in Posen. Im [&hellip;]","og_url":"https:\/\/henclewskiwyjatek.pl\/de\/team\/partner\/tomasz-henclewski\/","og_site_name":"Henclewski &amp; Wyjatek","article_publisher":"https:\/\/www.facebook.com\/profile.php?id=100087508418448","article_modified_time":"2025-11-07T08:10:36+00:00","og_image":[{"width":832,"height":1024,"url":"https:\/\/henclewskiwyjatek.pl\/wp-content\/uploads\/2024\/12\/Tomasz-Henclewski-832x1024.jpg","type":"image\/jpeg"}],"twitter_card":"summary_large_image","twitter_misc":{"Gesch\u00e4tzte Lesezeit":"2\u00a0Minuten"},"schema":{"@context":"https:\/\/schema.org","@graph":[{"@type":"WebPage","@id":"https:\/\/henclewskiwyjatek.pl\/de\/team\/partner\/tomasz-henclewski\/","url":"https:\/\/henclewskiwyjatek.pl\/de\/team\/partner\/tomasz-henclewski\/","name":"Dr. Tomasz Henclewski - Henclewski &amp; Wyjatek","isPartOf":{"@id":"https:\/\/henclewskiwyjatek.pl\/#website"},"primaryImageOfPage":{"@id":"https:\/\/henclewskiwyjatek.pl\/de\/team\/partner\/tomasz-henclewski\/#primaryimage"},"image":{"@id":"https:\/\/henclewskiwyjatek.pl\/de\/team\/partner\/tomasz-henclewski\/#primaryimage"},"thumbnailUrl":"https:\/\/henclewskiwyjatek.pl\/wp-content\/uploads\/2024\/12\/Tomasz-Henclewski.jpg","datePublished":"2020-06-05T20:53:09+00:00","dateModified":"2025-11-07T08:10:36+00:00","breadcrumb":{"@id":"https:\/\/henclewskiwyjatek.pl\/de\/team\/partner\/tomasz-henclewski\/#breadcrumb"},"inLanguage":"de","potentialAction":[{"@type":"ReadAction","target":["https:\/\/henclewskiwyjatek.pl\/de\/team\/partner\/tomasz-henclewski\/"]}]},{"@type":"ImageObject","inLanguage":"de","@id":"https:\/\/henclewskiwyjatek.pl\/de\/team\/partner\/tomasz-henclewski\/#primaryimage","url":"https:\/\/henclewskiwyjatek.pl\/wp-content\/uploads\/2024\/12\/Tomasz-Henclewski.jpg","contentUrl":"https:\/\/henclewskiwyjatek.pl\/wp-content\/uploads\/2024\/12\/Tomasz-Henclewski.jpg","width":2001,"height":2462},{"@type":"BreadcrumbList","@id":"https:\/\/henclewskiwyjatek.pl\/de\/team\/partner\/tomasz-henclewski\/#breadcrumb","itemListElement":[{"@type":"ListItem","position":1,"name":"Strona g\u0142\u00f3wna","item":"https:\/\/henclewskiwyjatek.pl\/de\/"},{"@type":"ListItem","position":2,"name":"Team","item":"https:\/\/henclewskiwyjatek.pl\/zespol\/"},{"@type":"ListItem","position":3,"name":"Partner","item":"https:\/\/henclewskiwyjatek.pl\/zespol\/wspolnicy\/"},{"@type":"ListItem","position":4,"name":"Dr. Tomasz Henclewski"}]},{"@type":"WebSite","@id":"https:\/\/henclewskiwyjatek.pl\/#website","url":"https:\/\/henclewskiwyjatek.pl\/","name":"Henclewski &amp; Wyjatek Kancelaria","description":"Ihre Wirtschaftsanw\u00e4lte","publisher":{"@id":"https:\/\/henclewskiwyjatek.pl\/#organization"},"potentialAction":[{"@type":"SearchAction","target":{"@type":"EntryPoint","urlTemplate":"https:\/\/henclewskiwyjatek.pl\/?s={search_term_string}"},"query-input":{"@type":"PropertyValueSpecification","valueRequired":true,"valueName":"search_term_string"}}],"inLanguage":"de"},{"@type":"Organization","@id":"https:\/\/henclewskiwyjatek.pl\/#organization","name":"Henclewski &amp; Wyjatek Kancelaria","url":"https:\/\/henclewskiwyjatek.pl\/","logo":{"@type":"ImageObject","inLanguage":"de","@id":"https:\/\/henclewskiwyjatek.pl\/#\/schema\/logo\/image\/","url":"https:\/\/henclewskiwyjatek.pl\/wp-content\/uploads\/2023\/06\/hw_logo.png","contentUrl":"https:\/\/henclewskiwyjatek.pl\/wp-content\/uploads\/2023\/06\/hw_logo.png","width":479,"height":173,"caption":"Henclewski &amp; Wyjatek Kancelaria"},"image":{"@id":"https:\/\/henclewskiwyjatek.pl\/#\/schema\/logo\/image\/"},"sameAs":["https:\/\/www.facebook.com\/profile.php?id=100087508418448","https:\/\/www.linkedin.com\/company\/38142911\/"]}]}},"_links":{"self":[{"href":"https:\/\/henclewskiwyjatek.pl\/de\/wp-json\/wp\/v2\/pages\/29384","targetHints":{"allow":["GET"]}}],"collection":[{"href":"https:\/\/henclewskiwyjatek.pl\/de\/wp-json\/wp\/v2\/pages"}],"about":[{"href":"https:\/\/henclewskiwyjatek.pl\/de\/wp-json\/wp\/v2\/types\/page"}],"author":[{"embeddable":true,"href":"https:\/\/henclewskiwyjatek.pl\/de\/wp-json\/wp\/v2\/users\/1"}],"replies":[{"embeddable":true,"href":"https:\/\/henclewskiwyjatek.pl\/de\/wp-json\/wp\/v2\/comments?post=29384"}],"version-history":[{"count":12,"href":"https:\/\/henclewskiwyjatek.pl\/de\/wp-json\/wp\/v2\/pages\/29384\/revisions"}],"predecessor-version":[{"id":31307,"href":"https:\/\/henclewskiwyjatek.pl\/de\/wp-json\/wp\/v2\/pages\/29384\/revisions\/31307"}],"up":[{"embeddable":true,"href":"https:\/\/henclewskiwyjatek.pl\/de\/wp-json\/wp\/v2\/pages\/29388"}],"wp:featuredmedia":[{"embeddable":true,"href":"https:\/\/henclewskiwyjatek.pl\/de\/wp-json\/wp\/v2\/media\/30581"}],"wp:attachment":[{"href":"https:\/\/henclewskiwyjatek.pl\/de\/wp-json\/wp\/v2\/media?parent=29384"}],"curies":[{"name":"wp","href":"https:\/\/api.w.org\/{rel}","templated":true}]}}