{"id":29401,"date":"2020-06-06T07:44:06","date_gmt":"2020-06-06T07:44:06","guid":{"rendered":"https:\/\/henclewskiwyjatek.pl\/?page_id=29401"},"modified":"2025-11-28T09:22:03","modified_gmt":"2025-11-28T09:22:03","slug":"wojciech-wyjatek","status":"publish","type":"page","link":"https:\/\/henclewskiwyjatek.pl\/de\/team\/partner\/wojciech-wyjatek\/","title":{"rendered":"Wojciech Wyjatek"},"content":{"rendered":"<p style=\"text-align: justify;\">Rechtsanwalt in der Rechtsanwaltskanzlei Henclewski &amp; Wyjatek \u2013 Rechtsanw\u00e4lte. Absolvent der Fakult\u00e4t f\u00fcr Jura und Verwaltung an der Adam-Mickiewicz-Universit\u00e4t Posen. Seit 2005 Mitglied der Gro\u00dfpolnischen Rechtsanwaltskammer.<\/p>\n<p style=\"text-align: justify;\">Im Jahr 2004 begann seine Berufspraxis mit der Erbringung von Rechtsdienstleistungen f\u00fcr Gesch\u00e4fts- und Privatkunden. Im Jahr 2005 absolvierte er ein mehrmonatiges Berufspraktikum bei Lee&amp;Tapalaga in New York, wo er sich mit zivil-, verwaltungs- und strafrechtlichen F\u00e4llen befasste.<\/p>\n<p style=\"text-align: justify;\">Er nutzt seine Berufserfahrung bei der Erbringung von Dienstleistungen f\u00fcr Unternehmen mit ausl\u00e4ndischem Kapital, insbesondere bei der Verhandlung von Handelsvertr\u00e4gen und der Streitbeilegung.<\/p>\n<p style=\"text-align: justify;\">Der Rechtsanwalt Wojciech Wyjatek nimmt an Konferenzen \u00fcber Medizinrecht teil. Er hat Erfahrung in straf- und zivilrechtlichen Haftungsf\u00e4llen der \u00c4rzte und des medizinischen Personals f\u00fcr \u00e4rztliche Kunstfehler. Rechtsanwalt Wojciech Wyjatek ist auch auf sog. Wirtschaftskriminalit\u00e4t spezialisiert (white-collar crimes).<\/p>\n<p style=\"text-align: justify;\">Autor von Publikationen zum Strafverfahrensrecht und materiellen Strafrecht.<\/p>\n<h5 style=\"text-align: justify;\">Nominiert f\u00fcr die Auszeichnung \u201eForbes Professionals 2013 \u2013 Berufe des \u00f6ffentlichen Vertrauens\u201c.<\/h5>\n","protected":false},"excerpt":{"rendered":"<p>Rechtsanwalt in der Rechtsanwaltskanzlei Henclewski &amp; Wyjatek \u2013 Rechtsanw\u00e4lte. Absolvent der Fakult\u00e4t f\u00fcr Jura und Verwaltung an der Adam-Mickiewicz-Universit\u00e4t Posen. Seit 2005 Mitglied der Gro\u00dfpolnischen Rechtsanwaltskammer. Im Jahr 2004 begann seine Berufspraxis mit der Erbringung von Rechtsdienstleistungen f\u00fcr Gesch\u00e4fts- und Privatkunden. Im Jahr 2005 absolvierte er ein mehrmonatiges Berufspraktikum bei Lee&amp;Tapalaga in New York, wo [&hellip;]<\/p>\n","protected":false},"author":1,"featured_media":30587,"parent":29388,"menu_order":110,"comment_status":"closed","ping_status":"closed","template":"team-member-template.php","meta":{"_monsterinsights_skip_tracking":false,"_monsterinsights_sitenote_active":false,"_monsterinsights_sitenote_note":"","_monsterinsights_sitenote_category":0,"footnotes":""},"class_list":["post-29401","page","type-page","status-publish","has-post-thumbnail","hentry"],"yoast_head":"<!-- This site is optimized with the Yoast SEO plugin v27.3 - https:\/\/yoast.com\/product\/yoast-seo-wordpress\/ -->\n<title>Wojciech Wyjatek - Henclewski &amp; Wyjatek<\/title>\n<meta name=\"robots\" content=\"index, follow, max-snippet:-1, max-image-preview:large, max-video-preview:-1\" \/>\n<link rel=\"canonical\" href=\"https:\/\/henclewskiwyjatek.pl\/de\/team\/partner\/wojciech-wyjatek\/\" \/>\n<meta property=\"og:locale\" content=\"de_DE\" \/>\n<meta property=\"og:type\" content=\"article\" \/>\n<meta property=\"og:title\" content=\"Wojciech Wyjatek - Henclewski &amp; Wyjatek\" \/>\n<meta property=\"og:description\" content=\"Rechtsanwalt in der Rechtsanwaltskanzlei Henclewski &amp; Wyjatek \u2013 Rechtsanw\u00e4lte. Absolvent der Fakult\u00e4t f\u00fcr Jura und Verwaltung an der Adam-Mickiewicz-Universit\u00e4t Posen. Seit 2005 Mitglied der Gro\u00dfpolnischen Rechtsanwaltskammer. Im Jahr 2004 begann seine Berufspraxis mit der Erbringung von Rechtsdienstleistungen f\u00fcr Gesch\u00e4fts- und Privatkunden. Im Jahr 2005 absolvierte er ein mehrmonatiges Berufspraktikum bei Lee&amp;Tapalaga in New York, wo [&hellip;]\" \/>\n<meta property=\"og:url\" content=\"https:\/\/henclewskiwyjatek.pl\/de\/team\/partner\/wojciech-wyjatek\/\" \/>\n<meta property=\"og:site_name\" content=\"Henclewski &amp; Wyjatek\" \/>\n<meta property=\"article:publisher\" content=\"https:\/\/www.facebook.com\/profile.php?id=100087508418448\" \/>\n<meta property=\"article:modified_time\" content=\"2025-11-28T09:22:03+00:00\" \/>\n<meta property=\"og:image\" content=\"https:\/\/henclewskiwyjatek.pl\/wp-content\/uploads\/2024\/12\/Wojciech-Wyjatek-832x1024.jpg\" \/>\n\t<meta property=\"og:image:width\" content=\"832\" \/>\n\t<meta property=\"og:image:height\" content=\"1024\" \/>\n\t<meta property=\"og:image:type\" content=\"image\/jpeg\" \/>\n<meta name=\"twitter:card\" content=\"summary_large_image\" \/>\n<meta name=\"twitter:label1\" content=\"Gesch\u00e4tzte Lesezeit\" \/>\n\t<meta name=\"twitter:data1\" content=\"2\u00a0Minuten\" \/>\n<script type=\"application\/ld+json\" class=\"yoast-schema-graph\">{\"@context\":\"https:\\\/\\\/schema.org\",\"@graph\":[{\"@type\":\"WebPage\",\"@id\":\"https:\\\/\\\/henclewskiwyjatek.pl\\\/de\\\/team\\\/partner\\\/wojciech-wyjatek\\\/\",\"url\":\"https:\\\/\\\/henclewskiwyjatek.pl\\\/de\\\/team\\\/partner\\\/wojciech-wyjatek\\\/\",\"name\":\"Wojciech Wyjatek - Henclewski &amp; Wyjatek\",\"isPartOf\":{\"@id\":\"https:\\\/\\\/henclewskiwyjatek.pl\\\/#website\"},\"primaryImageOfPage\":{\"@id\":\"https:\\\/\\\/henclewskiwyjatek.pl\\\/de\\\/team\\\/partner\\\/wojciech-wyjatek\\\/#primaryimage\"},\"image\":{\"@id\":\"https:\\\/\\\/henclewskiwyjatek.pl\\\/de\\\/team\\\/partner\\\/wojciech-wyjatek\\\/#primaryimage\"},\"thumbnailUrl\":\"https:\\\/\\\/henclewskiwyjatek.pl\\\/wp-content\\\/uploads\\\/2024\\\/12\\\/Wojciech-Wyjatek.jpg\",\"datePublished\":\"2020-06-06T07:44:06+00:00\",\"dateModified\":\"2025-11-28T09:22:03+00:00\",\"breadcrumb\":{\"@id\":\"https:\\\/\\\/henclewskiwyjatek.pl\\\/de\\\/team\\\/partner\\\/wojciech-wyjatek\\\/#breadcrumb\"},\"inLanguage\":\"de\",\"potentialAction\":[{\"@type\":\"ReadAction\",\"target\":[\"https:\\\/\\\/henclewskiwyjatek.pl\\\/de\\\/team\\\/partner\\\/wojciech-wyjatek\\\/\"]}]},{\"@type\":\"ImageObject\",\"inLanguage\":\"de\",\"@id\":\"https:\\\/\\\/henclewskiwyjatek.pl\\\/de\\\/team\\\/partner\\\/wojciech-wyjatek\\\/#primaryimage\",\"url\":\"https:\\\/\\\/henclewskiwyjatek.pl\\\/wp-content\\\/uploads\\\/2024\\\/12\\\/Wojciech-Wyjatek.jpg\",\"contentUrl\":\"https:\\\/\\\/henclewskiwyjatek.pl\\\/wp-content\\\/uploads\\\/2024\\\/12\\\/Wojciech-Wyjatek.jpg\",\"width\":1584,\"height\":1949},{\"@type\":\"BreadcrumbList\",\"@id\":\"https:\\\/\\\/henclewskiwyjatek.pl\\\/de\\\/team\\\/partner\\\/wojciech-wyjatek\\\/#breadcrumb\",\"itemListElement\":[{\"@type\":\"ListItem\",\"position\":1,\"name\":\"Strona g\u0142\u00f3wna\",\"item\":\"https:\\\/\\\/henclewskiwyjatek.pl\\\/de\\\/\"},{\"@type\":\"ListItem\",\"position\":2,\"name\":\"Team\",\"item\":\"https:\\\/\\\/henclewskiwyjatek.pl\\\/zespol\\\/\"},{\"@type\":\"ListItem\",\"position\":3,\"name\":\"Partner\",\"item\":\"https:\\\/\\\/henclewskiwyjatek.pl\\\/zespol\\\/wspolnicy\\\/\"},{\"@type\":\"ListItem\",\"position\":4,\"name\":\"Wojciech Wyjatek\"}]},{\"@type\":\"WebSite\",\"@id\":\"https:\\\/\\\/henclewskiwyjatek.pl\\\/#website\",\"url\":\"https:\\\/\\\/henclewskiwyjatek.pl\\\/\",\"name\":\"Henclewski &amp; Wyjatek Kancelaria\",\"description\":\"Ihre Wirtschaftsanw\u00e4lte\",\"publisher\":{\"@id\":\"https:\\\/\\\/henclewskiwyjatek.pl\\\/#organization\"},\"potentialAction\":[{\"@type\":\"SearchAction\",\"target\":{\"@type\":\"EntryPoint\",\"urlTemplate\":\"https:\\\/\\\/henclewskiwyjatek.pl\\\/?s={search_term_string}\"},\"query-input\":{\"@type\":\"PropertyValueSpecification\",\"valueRequired\":true,\"valueName\":\"search_term_string\"}}],\"inLanguage\":\"de\"},{\"@type\":\"Organization\",\"@id\":\"https:\\\/\\\/henclewskiwyjatek.pl\\\/#organization\",\"name\":\"Henclewski &amp; Wyjatek Kancelaria\",\"url\":\"https:\\\/\\\/henclewskiwyjatek.pl\\\/\",\"logo\":{\"@type\":\"ImageObject\",\"inLanguage\":\"de\",\"@id\":\"https:\\\/\\\/henclewskiwyjatek.pl\\\/#\\\/schema\\\/logo\\\/image\\\/\",\"url\":\"https:\\\/\\\/henclewskiwyjatek.pl\\\/wp-content\\\/uploads\\\/2023\\\/06\\\/hw_logo.png\",\"contentUrl\":\"https:\\\/\\\/henclewskiwyjatek.pl\\\/wp-content\\\/uploads\\\/2023\\\/06\\\/hw_logo.png\",\"width\":479,\"height\":173,\"caption\":\"Henclewski &amp; Wyjatek Kancelaria\"},\"image\":{\"@id\":\"https:\\\/\\\/henclewskiwyjatek.pl\\\/#\\\/schema\\\/logo\\\/image\\\/\"},\"sameAs\":[\"https:\\\/\\\/www.facebook.com\\\/profile.php?id=100087508418448\",\"https:\\\/\\\/www.linkedin.com\\\/company\\\/38142911\\\/\"]}]}<\/script>\n<!-- \/ Yoast SEO plugin. -->","yoast_head_json":{"title":"Wojciech Wyjatek - Henclewski &amp; Wyjatek","robots":{"index":"index","follow":"follow","max-snippet":"max-snippet:-1","max-image-preview":"max-image-preview:large","max-video-preview":"max-video-preview:-1"},"canonical":"https:\/\/henclewskiwyjatek.pl\/de\/team\/partner\/wojciech-wyjatek\/","og_locale":"de_DE","og_type":"article","og_title":"Wojciech Wyjatek - Henclewski &amp; Wyjatek","og_description":"Rechtsanwalt in der Rechtsanwaltskanzlei Henclewski &amp; Wyjatek \u2013 Rechtsanw\u00e4lte. Absolvent der Fakult\u00e4t f\u00fcr Jura und Verwaltung an der Adam-Mickiewicz-Universit\u00e4t Posen. Seit 2005 Mitglied der Gro\u00dfpolnischen Rechtsanwaltskammer. Im Jahr 2004 begann seine Berufspraxis mit der Erbringung von Rechtsdienstleistungen f\u00fcr Gesch\u00e4fts- und Privatkunden. Im Jahr 2005 absolvierte er ein mehrmonatiges Berufspraktikum bei Lee&amp;Tapalaga in New York, wo [&hellip;]","og_url":"https:\/\/henclewskiwyjatek.pl\/de\/team\/partner\/wojciech-wyjatek\/","og_site_name":"Henclewski &amp; Wyjatek","article_publisher":"https:\/\/www.facebook.com\/profile.php?id=100087508418448","article_modified_time":"2025-11-28T09:22:03+00:00","og_image":[{"width":832,"height":1024,"url":"https:\/\/henclewskiwyjatek.pl\/wp-content\/uploads\/2024\/12\/Wojciech-Wyjatek-832x1024.jpg","type":"image\/jpeg"}],"twitter_card":"summary_large_image","twitter_misc":{"Gesch\u00e4tzte Lesezeit":"2\u00a0Minuten"},"schema":{"@context":"https:\/\/schema.org","@graph":[{"@type":"WebPage","@id":"https:\/\/henclewskiwyjatek.pl\/de\/team\/partner\/wojciech-wyjatek\/","url":"https:\/\/henclewskiwyjatek.pl\/de\/team\/partner\/wojciech-wyjatek\/","name":"Wojciech Wyjatek - Henclewski &amp; Wyjatek","isPartOf":{"@id":"https:\/\/henclewskiwyjatek.pl\/#website"},"primaryImageOfPage":{"@id":"https:\/\/henclewskiwyjatek.pl\/de\/team\/partner\/wojciech-wyjatek\/#primaryimage"},"image":{"@id":"https:\/\/henclewskiwyjatek.pl\/de\/team\/partner\/wojciech-wyjatek\/#primaryimage"},"thumbnailUrl":"https:\/\/henclewskiwyjatek.pl\/wp-content\/uploads\/2024\/12\/Wojciech-Wyjatek.jpg","datePublished":"2020-06-06T07:44:06+00:00","dateModified":"2025-11-28T09:22:03+00:00","breadcrumb":{"@id":"https:\/\/henclewskiwyjatek.pl\/de\/team\/partner\/wojciech-wyjatek\/#breadcrumb"},"inLanguage":"de","potentialAction":[{"@type":"ReadAction","target":["https:\/\/henclewskiwyjatek.pl\/de\/team\/partner\/wojciech-wyjatek\/"]}]},{"@type":"ImageObject","inLanguage":"de","@id":"https:\/\/henclewskiwyjatek.pl\/de\/team\/partner\/wojciech-wyjatek\/#primaryimage","url":"https:\/\/henclewskiwyjatek.pl\/wp-content\/uploads\/2024\/12\/Wojciech-Wyjatek.jpg","contentUrl":"https:\/\/henclewskiwyjatek.pl\/wp-content\/uploads\/2024\/12\/Wojciech-Wyjatek.jpg","width":1584,"height":1949},{"@type":"BreadcrumbList","@id":"https:\/\/henclewskiwyjatek.pl\/de\/team\/partner\/wojciech-wyjatek\/#breadcrumb","itemListElement":[{"@type":"ListItem","position":1,"name":"Strona g\u0142\u00f3wna","item":"https:\/\/henclewskiwyjatek.pl\/de\/"},{"@type":"ListItem","position":2,"name":"Team","item":"https:\/\/henclewskiwyjatek.pl\/zespol\/"},{"@type":"ListItem","position":3,"name":"Partner","item":"https:\/\/henclewskiwyjatek.pl\/zespol\/wspolnicy\/"},{"@type":"ListItem","position":4,"name":"Wojciech Wyjatek"}]},{"@type":"WebSite","@id":"https:\/\/henclewskiwyjatek.pl\/#website","url":"https:\/\/henclewskiwyjatek.pl\/","name":"Henclewski &amp; Wyjatek Kancelaria","description":"Ihre Wirtschaftsanw\u00e4lte","publisher":{"@id":"https:\/\/henclewskiwyjatek.pl\/#organization"},"potentialAction":[{"@type":"SearchAction","target":{"@type":"EntryPoint","urlTemplate":"https:\/\/henclewskiwyjatek.pl\/?s={search_term_string}"},"query-input":{"@type":"PropertyValueSpecification","valueRequired":true,"valueName":"search_term_string"}}],"inLanguage":"de"},{"@type":"Organization","@id":"https:\/\/henclewskiwyjatek.pl\/#organization","name":"Henclewski &amp; Wyjatek Kancelaria","url":"https:\/\/henclewskiwyjatek.pl\/","logo":{"@type":"ImageObject","inLanguage":"de","@id":"https:\/\/henclewskiwyjatek.pl\/#\/schema\/logo\/image\/","url":"https:\/\/henclewskiwyjatek.pl\/wp-content\/uploads\/2023\/06\/hw_logo.png","contentUrl":"https:\/\/henclewskiwyjatek.pl\/wp-content\/uploads\/2023\/06\/hw_logo.png","width":479,"height":173,"caption":"Henclewski &amp; Wyjatek Kancelaria"},"image":{"@id":"https:\/\/henclewskiwyjatek.pl\/#\/schema\/logo\/image\/"},"sameAs":["https:\/\/www.facebook.com\/profile.php?id=100087508418448","https:\/\/www.linkedin.com\/company\/38142911\/"]}]}},"_links":{"self":[{"href":"https:\/\/henclewskiwyjatek.pl\/de\/wp-json\/wp\/v2\/pages\/29401","targetHints":{"allow":["GET"]}}],"collection":[{"href":"https:\/\/henclewskiwyjatek.pl\/de\/wp-json\/wp\/v2\/pages"}],"about":[{"href":"https:\/\/henclewskiwyjatek.pl\/de\/wp-json\/wp\/v2\/types\/page"}],"author":[{"embeddable":true,"href":"https:\/\/henclewskiwyjatek.pl\/de\/wp-json\/wp\/v2\/users\/1"}],"replies":[{"embeddable":true,"href":"https:\/\/henclewskiwyjatek.pl\/de\/wp-json\/wp\/v2\/comments?post=29401"}],"version-history":[{"count":9,"href":"https:\/\/henclewskiwyjatek.pl\/de\/wp-json\/wp\/v2\/pages\/29401\/revisions"}],"predecessor-version":[{"id":31353,"href":"https:\/\/henclewskiwyjatek.pl\/de\/wp-json\/wp\/v2\/pages\/29401\/revisions\/31353"}],"up":[{"embeddable":true,"href":"https:\/\/henclewskiwyjatek.pl\/de\/wp-json\/wp\/v2\/pages\/29388"}],"wp:featuredmedia":[{"embeddable":true,"href":"https:\/\/henclewskiwyjatek.pl\/de\/wp-json\/wp\/v2\/media\/30587"}],"wp:attachment":[{"href":"https:\/\/henclewskiwyjatek.pl\/de\/wp-json\/wp\/v2\/media?parent=29401"}],"curies":[{"name":"wp","href":"https:\/\/api.w.org\/{rel}","templated":true}]}}