{"id":29422,"date":"2020-06-06T14:02:47","date_gmt":"2020-06-06T14:02:47","guid":{"rendered":"https:\/\/henclewskiwyjatek.pl\/?page_id=29422"},"modified":"2024-12-18T20:20:41","modified_gmt":"2024-12-18T20:20:41","slug":"karol-szadkowski","status":"publish","type":"page","link":"https:\/\/henclewskiwyjatek.pl\/de\/team\/anwalte\/karol-szadkowski\/","title":{"rendered":"Dr. Karol Szadkowski"},"content":{"rendered":"<p style=\"text-align: justify;\">Rechtsanwalt, seit 2010 Mitglied der Gro\u00dfpolnischen Rechtsanwaltskammer. Absolvent der Fakult\u00e4t f\u00fcr Jura und Verwaltung an der Adam-Mickiewicz-Universit\u00e4t Posen.<\/p>\n<p style=\"text-align: justify;\">Er absolvierte das Aufbaustudium im Bereich Bankrecht.\u00a0Zur Zeit ist er Doktorand am Lehrstuhl f\u00fcr Zivil-, Handels- und Versicherungsrecht an der Adam-Mickiewicz-Universit\u00e4t Posen. Er ist erfahrener Didaktiker und Hochschullehrer. Er f\u00fchrte mehrere Schulungen f\u00fcr Unternehmer auf dem Gebiet des Wirtschaftsvertragsrechts und der Forderungssicherung durch.<\/p>\n<p style=\"text-align: justify;\">Er verf\u00fcgt \u00fcber langj\u00e4hrige Erfahrung in der Firmenkundenbetreuung, die er in einer der gr\u00f6\u00dften Anwaltskanzleien in Gro\u00dfpolen erworben hat. Er erbrachte Dienstleistungen f\u00fcr die an der Warschauer Wertpapierb\u00f6rse notierten Unternehmen und befasste sich mit der Transaktionsberatung.<\/p>\n<p style=\"text-align: justify;\">Er ist spezialisiert auf die F\u00fchrung von gerichtlichen Zivil- und Wirtschaftsstreitigkeiten, das Gesellschaftsrecht und die Transaktionsberatung.<\/p>\n","protected":false},"excerpt":{"rendered":"<p>Rechtsanwalt, seit 2010 Mitglied der Gro\u00dfpolnischen Rechtsanwaltskammer. Absolvent der Fakult\u00e4t f\u00fcr Jura und Verwaltung an der Adam-Mickiewicz-Universit\u00e4t Posen. Er absolvierte das Aufbaustudium im Bereich Bankrecht.\u00a0Zur Zeit ist er Doktorand am Lehrstuhl f\u00fcr Zivil-, Handels- und Versicherungsrecht an der Adam-Mickiewicz-Universit\u00e4t Posen. Er ist erfahrener Didaktiker und Hochschullehrer. Er f\u00fchrte mehrere Schulungen f\u00fcr Unternehmer auf dem Gebiet [&hellip;]<\/p>\n","protected":false},"author":1,"featured_media":30593,"parent":29413,"menu_order":125,"comment_status":"closed","ping_status":"closed","template":"team-member-template.php","meta":{"_monsterinsights_skip_tracking":false,"_monsterinsights_sitenote_active":false,"_monsterinsights_sitenote_note":"","_monsterinsights_sitenote_category":0,"footnotes":""},"class_list":["post-29422","page","type-page","status-publish","has-post-thumbnail","hentry"],"yoast_head":"<!-- This site is optimized with the Yoast SEO plugin v27.3 - https:\/\/yoast.com\/product\/yoast-seo-wordpress\/ -->\n<title>Dr. Karol Szadkowski - Henclewski &amp; Wyjatek<\/title>\n<meta name=\"robots\" content=\"index, follow, max-snippet:-1, max-image-preview:large, max-video-preview:-1\" \/>\n<link rel=\"canonical\" href=\"https:\/\/henclewskiwyjatek.pl\/de\/team\/anwalte\/karol-szadkowski\/\" \/>\n<meta property=\"og:locale\" content=\"de_DE\" \/>\n<meta property=\"og:type\" content=\"article\" \/>\n<meta property=\"og:title\" content=\"Dr. Karol Szadkowski - Henclewski &amp; Wyjatek\" \/>\n<meta property=\"og:description\" content=\"Rechtsanwalt, seit 2010 Mitglied der Gro\u00dfpolnischen Rechtsanwaltskammer. Absolvent der Fakult\u00e4t f\u00fcr Jura und Verwaltung an der Adam-Mickiewicz-Universit\u00e4t Posen. Er absolvierte das Aufbaustudium im Bereich Bankrecht.\u00a0Zur Zeit ist er Doktorand am Lehrstuhl f\u00fcr Zivil-, Handels- und Versicherungsrecht an der Adam-Mickiewicz-Universit\u00e4t Posen. Er ist erfahrener Didaktiker und Hochschullehrer. Er f\u00fchrte mehrere Schulungen f\u00fcr Unternehmer auf dem Gebiet [&hellip;]\" \/>\n<meta property=\"og:url\" content=\"https:\/\/henclewskiwyjatek.pl\/de\/team\/anwalte\/karol-szadkowski\/\" \/>\n<meta property=\"og:site_name\" content=\"Henclewski &amp; Wyjatek\" \/>\n<meta property=\"article:publisher\" content=\"https:\/\/www.facebook.com\/profile.php?id=100087508418448\" \/>\n<meta property=\"article:modified_time\" content=\"2024-12-18T20:20:41+00:00\" \/>\n<meta property=\"og:image\" content=\"https:\/\/henclewskiwyjatek.pl\/wp-content\/uploads\/2024\/12\/Karol-Szadkowski-832x1024.jpg\" \/>\n\t<meta property=\"og:image:width\" content=\"832\" \/>\n\t<meta property=\"og:image:height\" content=\"1024\" \/>\n\t<meta property=\"og:image:type\" content=\"image\/jpeg\" \/>\n<meta name=\"twitter:card\" content=\"summary_large_image\" \/>\n<meta name=\"twitter:label1\" content=\"Gesch\u00e4tzte Lesezeit\" \/>\n\t<meta name=\"twitter:data1\" content=\"1\u00a0Minute\" \/>\n<script type=\"application\/ld+json\" class=\"yoast-schema-graph\">{\"@context\":\"https:\\\/\\\/schema.org\",\"@graph\":[{\"@type\":\"WebPage\",\"@id\":\"https:\\\/\\\/henclewskiwyjatek.pl\\\/de\\\/team\\\/anwalte\\\/karol-szadkowski\\\/\",\"url\":\"https:\\\/\\\/henclewskiwyjatek.pl\\\/de\\\/team\\\/anwalte\\\/karol-szadkowski\\\/\",\"name\":\"Dr. Karol Szadkowski - Henclewski &amp; Wyjatek\",\"isPartOf\":{\"@id\":\"https:\\\/\\\/henclewskiwyjatek.pl\\\/#website\"},\"primaryImageOfPage\":{\"@id\":\"https:\\\/\\\/henclewskiwyjatek.pl\\\/de\\\/team\\\/anwalte\\\/karol-szadkowski\\\/#primaryimage\"},\"image\":{\"@id\":\"https:\\\/\\\/henclewskiwyjatek.pl\\\/de\\\/team\\\/anwalte\\\/karol-szadkowski\\\/#primaryimage\"},\"thumbnailUrl\":\"https:\\\/\\\/henclewskiwyjatek.pl\\\/wp-content\\\/uploads\\\/2024\\\/12\\\/Karol-Szadkowski.jpg\",\"datePublished\":\"2020-06-06T14:02:47+00:00\",\"dateModified\":\"2024-12-18T20:20:41+00:00\",\"breadcrumb\":{\"@id\":\"https:\\\/\\\/henclewskiwyjatek.pl\\\/de\\\/team\\\/anwalte\\\/karol-szadkowski\\\/#breadcrumb\"},\"inLanguage\":\"de\",\"potentialAction\":[{\"@type\":\"ReadAction\",\"target\":[\"https:\\\/\\\/henclewskiwyjatek.pl\\\/de\\\/team\\\/anwalte\\\/karol-szadkowski\\\/\"]}]},{\"@type\":\"ImageObject\",\"inLanguage\":\"de\",\"@id\":\"https:\\\/\\\/henclewskiwyjatek.pl\\\/de\\\/team\\\/anwalte\\\/karol-szadkowski\\\/#primaryimage\",\"url\":\"https:\\\/\\\/henclewskiwyjatek.pl\\\/wp-content\\\/uploads\\\/2024\\\/12\\\/Karol-Szadkowski.jpg\",\"contentUrl\":\"https:\\\/\\\/henclewskiwyjatek.pl\\\/wp-content\\\/uploads\\\/2024\\\/12\\\/Karol-Szadkowski.jpg\",\"width\":1945,\"height\":2394},{\"@type\":\"BreadcrumbList\",\"@id\":\"https:\\\/\\\/henclewskiwyjatek.pl\\\/de\\\/team\\\/anwalte\\\/karol-szadkowski\\\/#breadcrumb\",\"itemListElement\":[{\"@type\":\"ListItem\",\"position\":1,\"name\":\"Strona g\u0142\u00f3wna\",\"item\":\"https:\\\/\\\/henclewskiwyjatek.pl\\\/de\\\/\"},{\"@type\":\"ListItem\",\"position\":2,\"name\":\"Team\",\"item\":\"https:\\\/\\\/henclewskiwyjatek.pl\\\/zespol\\\/\"},{\"@type\":\"ListItem\",\"position\":3,\"name\":\"Anw\u00e4lte\",\"item\":\"https:\\\/\\\/henclewskiwyjatek.pl\\\/zespol\\\/prawnicy\\\/\"},{\"@type\":\"ListItem\",\"position\":4,\"name\":\"Dr. Karol Szadkowski\"}]},{\"@type\":\"WebSite\",\"@id\":\"https:\\\/\\\/henclewskiwyjatek.pl\\\/#website\",\"url\":\"https:\\\/\\\/henclewskiwyjatek.pl\\\/\",\"name\":\"Henclewski &amp; Wyjatek Kancelaria\",\"description\":\"Ihre Wirtschaftsanw\u00e4lte\",\"publisher\":{\"@id\":\"https:\\\/\\\/henclewskiwyjatek.pl\\\/#organization\"},\"potentialAction\":[{\"@type\":\"SearchAction\",\"target\":{\"@type\":\"EntryPoint\",\"urlTemplate\":\"https:\\\/\\\/henclewskiwyjatek.pl\\\/?s={search_term_string}\"},\"query-input\":{\"@type\":\"PropertyValueSpecification\",\"valueRequired\":true,\"valueName\":\"search_term_string\"}}],\"inLanguage\":\"de\"},{\"@type\":\"Organization\",\"@id\":\"https:\\\/\\\/henclewskiwyjatek.pl\\\/#organization\",\"name\":\"Henclewski &amp; Wyjatek Kancelaria\",\"url\":\"https:\\\/\\\/henclewskiwyjatek.pl\\\/\",\"logo\":{\"@type\":\"ImageObject\",\"inLanguage\":\"de\",\"@id\":\"https:\\\/\\\/henclewskiwyjatek.pl\\\/#\\\/schema\\\/logo\\\/image\\\/\",\"url\":\"https:\\\/\\\/henclewskiwyjatek.pl\\\/wp-content\\\/uploads\\\/2023\\\/06\\\/hw_logo.png\",\"contentUrl\":\"https:\\\/\\\/henclewskiwyjatek.pl\\\/wp-content\\\/uploads\\\/2023\\\/06\\\/hw_logo.png\",\"width\":479,\"height\":173,\"caption\":\"Henclewski &amp; Wyjatek Kancelaria\"},\"image\":{\"@id\":\"https:\\\/\\\/henclewskiwyjatek.pl\\\/#\\\/schema\\\/logo\\\/image\\\/\"},\"sameAs\":[\"https:\\\/\\\/www.facebook.com\\\/profile.php?id=100087508418448\",\"https:\\\/\\\/www.linkedin.com\\\/company\\\/38142911\\\/\"]}]}<\/script>\n<!-- \/ Yoast SEO plugin. -->","yoast_head_json":{"title":"Dr. Karol Szadkowski - Henclewski &amp; Wyjatek","robots":{"index":"index","follow":"follow","max-snippet":"max-snippet:-1","max-image-preview":"max-image-preview:large","max-video-preview":"max-video-preview:-1"},"canonical":"https:\/\/henclewskiwyjatek.pl\/de\/team\/anwalte\/karol-szadkowski\/","og_locale":"de_DE","og_type":"article","og_title":"Dr. Karol Szadkowski - Henclewski &amp; Wyjatek","og_description":"Rechtsanwalt, seit 2010 Mitglied der Gro\u00dfpolnischen Rechtsanwaltskammer. Absolvent der Fakult\u00e4t f\u00fcr Jura und Verwaltung an der Adam-Mickiewicz-Universit\u00e4t Posen. Er absolvierte das Aufbaustudium im Bereich Bankrecht.\u00a0Zur Zeit ist er Doktorand am Lehrstuhl f\u00fcr Zivil-, Handels- und Versicherungsrecht an der Adam-Mickiewicz-Universit\u00e4t Posen. Er ist erfahrener Didaktiker und Hochschullehrer. Er f\u00fchrte mehrere Schulungen f\u00fcr Unternehmer auf dem Gebiet [&hellip;]","og_url":"https:\/\/henclewskiwyjatek.pl\/de\/team\/anwalte\/karol-szadkowski\/","og_site_name":"Henclewski &amp; Wyjatek","article_publisher":"https:\/\/www.facebook.com\/profile.php?id=100087508418448","article_modified_time":"2024-12-18T20:20:41+00:00","og_image":[{"width":832,"height":1024,"url":"https:\/\/henclewskiwyjatek.pl\/wp-content\/uploads\/2024\/12\/Karol-Szadkowski-832x1024.jpg","type":"image\/jpeg"}],"twitter_card":"summary_large_image","twitter_misc":{"Gesch\u00e4tzte Lesezeit":"1\u00a0Minute"},"schema":{"@context":"https:\/\/schema.org","@graph":[{"@type":"WebPage","@id":"https:\/\/henclewskiwyjatek.pl\/de\/team\/anwalte\/karol-szadkowski\/","url":"https:\/\/henclewskiwyjatek.pl\/de\/team\/anwalte\/karol-szadkowski\/","name":"Dr. Karol Szadkowski - Henclewski &amp; Wyjatek","isPartOf":{"@id":"https:\/\/henclewskiwyjatek.pl\/#website"},"primaryImageOfPage":{"@id":"https:\/\/henclewskiwyjatek.pl\/de\/team\/anwalte\/karol-szadkowski\/#primaryimage"},"image":{"@id":"https:\/\/henclewskiwyjatek.pl\/de\/team\/anwalte\/karol-szadkowski\/#primaryimage"},"thumbnailUrl":"https:\/\/henclewskiwyjatek.pl\/wp-content\/uploads\/2024\/12\/Karol-Szadkowski.jpg","datePublished":"2020-06-06T14:02:47+00:00","dateModified":"2024-12-18T20:20:41+00:00","breadcrumb":{"@id":"https:\/\/henclewskiwyjatek.pl\/de\/team\/anwalte\/karol-szadkowski\/#breadcrumb"},"inLanguage":"de","potentialAction":[{"@type":"ReadAction","target":["https:\/\/henclewskiwyjatek.pl\/de\/team\/anwalte\/karol-szadkowski\/"]}]},{"@type":"ImageObject","inLanguage":"de","@id":"https:\/\/henclewskiwyjatek.pl\/de\/team\/anwalte\/karol-szadkowski\/#primaryimage","url":"https:\/\/henclewskiwyjatek.pl\/wp-content\/uploads\/2024\/12\/Karol-Szadkowski.jpg","contentUrl":"https:\/\/henclewskiwyjatek.pl\/wp-content\/uploads\/2024\/12\/Karol-Szadkowski.jpg","width":1945,"height":2394},{"@type":"BreadcrumbList","@id":"https:\/\/henclewskiwyjatek.pl\/de\/team\/anwalte\/karol-szadkowski\/#breadcrumb","itemListElement":[{"@type":"ListItem","position":1,"name":"Strona g\u0142\u00f3wna","item":"https:\/\/henclewskiwyjatek.pl\/de\/"},{"@type":"ListItem","position":2,"name":"Team","item":"https:\/\/henclewskiwyjatek.pl\/zespol\/"},{"@type":"ListItem","position":3,"name":"Anw\u00e4lte","item":"https:\/\/henclewskiwyjatek.pl\/zespol\/prawnicy\/"},{"@type":"ListItem","position":4,"name":"Dr. Karol Szadkowski"}]},{"@type":"WebSite","@id":"https:\/\/henclewskiwyjatek.pl\/#website","url":"https:\/\/henclewskiwyjatek.pl\/","name":"Henclewski &amp; Wyjatek Kancelaria","description":"Ihre Wirtschaftsanw\u00e4lte","publisher":{"@id":"https:\/\/henclewskiwyjatek.pl\/#organization"},"potentialAction":[{"@type":"SearchAction","target":{"@type":"EntryPoint","urlTemplate":"https:\/\/henclewskiwyjatek.pl\/?s={search_term_string}"},"query-input":{"@type":"PropertyValueSpecification","valueRequired":true,"valueName":"search_term_string"}}],"inLanguage":"de"},{"@type":"Organization","@id":"https:\/\/henclewskiwyjatek.pl\/#organization","name":"Henclewski &amp; Wyjatek Kancelaria","url":"https:\/\/henclewskiwyjatek.pl\/","logo":{"@type":"ImageObject","inLanguage":"de","@id":"https:\/\/henclewskiwyjatek.pl\/#\/schema\/logo\/image\/","url":"https:\/\/henclewskiwyjatek.pl\/wp-content\/uploads\/2023\/06\/hw_logo.png","contentUrl":"https:\/\/henclewskiwyjatek.pl\/wp-content\/uploads\/2023\/06\/hw_logo.png","width":479,"height":173,"caption":"Henclewski &amp; Wyjatek Kancelaria"},"image":{"@id":"https:\/\/henclewskiwyjatek.pl\/#\/schema\/logo\/image\/"},"sameAs":["https:\/\/www.facebook.com\/profile.php?id=100087508418448","https:\/\/www.linkedin.com\/company\/38142911\/"]}]}},"_links":{"self":[{"href":"https:\/\/henclewskiwyjatek.pl\/de\/wp-json\/wp\/v2\/pages\/29422","targetHints":{"allow":["GET"]}}],"collection":[{"href":"https:\/\/henclewskiwyjatek.pl\/de\/wp-json\/wp\/v2\/pages"}],"about":[{"href":"https:\/\/henclewskiwyjatek.pl\/de\/wp-json\/wp\/v2\/types\/page"}],"author":[{"embeddable":true,"href":"https:\/\/henclewskiwyjatek.pl\/de\/wp-json\/wp\/v2\/users\/1"}],"replies":[{"embeddable":true,"href":"https:\/\/henclewskiwyjatek.pl\/de\/wp-json\/wp\/v2\/comments?post=29422"}],"version-history":[{"count":8,"href":"https:\/\/henclewskiwyjatek.pl\/de\/wp-json\/wp\/v2\/pages\/29422\/revisions"}],"predecessor-version":[{"id":30689,"href":"https:\/\/henclewskiwyjatek.pl\/de\/wp-json\/wp\/v2\/pages\/29422\/revisions\/30689"}],"up":[{"embeddable":true,"href":"https:\/\/henclewskiwyjatek.pl\/de\/wp-json\/wp\/v2\/pages\/29413"}],"wp:featuredmedia":[{"embeddable":true,"href":"https:\/\/henclewskiwyjatek.pl\/de\/wp-json\/wp\/v2\/media\/30593"}],"wp:attachment":[{"href":"https:\/\/henclewskiwyjatek.pl\/de\/wp-json\/wp\/v2\/media?parent=29422"}],"curies":[{"name":"wp","href":"https:\/\/api.w.org\/{rel}","templated":true}]}}