{"id":29432,"date":"2020-06-06T14:08:29","date_gmt":"2020-06-06T14:08:29","guid":{"rendered":"https:\/\/henclewskiwyjatek.pl\/?page_id=29432"},"modified":"2023-03-17T13:58:28","modified_gmt":"2023-03-17T13:58:28","slug":"bartosz-mroczynski","status":"publish","type":"page","link":"https:\/\/henclewskiwyjatek.pl\/de\/team\/anwalte\/bartosz-mroczynski\/","title":{"rendered":"Bartosz Mroczy\u0144ski"},"content":{"rendered":"<p style=\"text-align: justify;\">Rechtsanwalt, Absolvent der Fakult\u00e4t f\u00fcr Jura und Verwaltung an der\u00a0Adam-Mickiewicz-Universit\u00e4t Posen und der Politikwissenschaften an der Adam-Mickiewicz-Universit\u00e4t Posen. Mitglied der Gro\u00dfpolnischen Rechtsanwaltskammer seit 2014.<\/p>\n<p style=\"text-align: justify;\">Er verf\u00fcgt \u00fcber die Erfahrung in der Beratung von Privat- und Gesch\u00e4ftskunden. In seiner Praxis befasst er sich sowohl mit zivil- und wirtschaftsrechtlichen F\u00e4llen von Gesch\u00e4ftskunden als auch mit Strafverfahren der Privatkunden. Er interessiert sich f\u00fcr Wirtschafts- und Strafrecht. Er spricht flie\u00dfend Englisch.<\/p>\n<p style=\"text-align: justify;\">F\u00fcr die Anwaltskanzlei Henclewski &amp; Wyjatek Rechtsanw\u00e4lte ist er seit 2015 t\u00e4tig.<\/p>\n","protected":false},"excerpt":{"rendered":"<p>Rechtsanwalt, Absolvent der Fakult\u00e4t f\u00fcr Jura und Verwaltung an der\u00a0Adam-Mickiewicz-Universit\u00e4t Posen und der Politikwissenschaften an der Adam-Mickiewicz-Universit\u00e4t Posen. Mitglied der Gro\u00dfpolnischen Rechtsanwaltskammer seit 2014. Er verf\u00fcgt \u00fcber die Erfahrung in der Beratung von Privat- und Gesch\u00e4ftskunden. In seiner Praxis befasst er sich sowohl mit zivil- und wirtschaftsrechtlichen F\u00e4llen von Gesch\u00e4ftskunden als auch mit Strafverfahren der [&hellip;]<\/p>\n","protected":false},"author":1,"featured_media":28853,"parent":29413,"menu_order":144,"comment_status":"closed","ping_status":"closed","template":"team-member-template.php","meta":{"_monsterinsights_skip_tracking":false,"_monsterinsights_sitenote_active":false,"_monsterinsights_sitenote_note":"","_monsterinsights_sitenote_category":0,"footnotes":""},"class_list":["post-29432","page","type-page","status-publish","has-post-thumbnail","hentry"],"yoast_head":"<!-- This site is optimized with the Yoast SEO plugin v27.3 - https:\/\/yoast.com\/product\/yoast-seo-wordpress\/ -->\n<title>Bartosz Mroczy\u0144ski - Henclewski &amp; Wyjatek<\/title>\n<meta name=\"robots\" content=\"index, follow, max-snippet:-1, max-image-preview:large, max-video-preview:-1\" \/>\n<link rel=\"canonical\" href=\"https:\/\/henclewskiwyjatek.pl\/de\/team\/anwalte\/bartosz-mroczynski\/\" \/>\n<meta property=\"og:locale\" content=\"de_DE\" \/>\n<meta property=\"og:type\" content=\"article\" \/>\n<meta property=\"og:title\" content=\"Bartosz Mroczy\u0144ski - Henclewski &amp; Wyjatek\" \/>\n<meta property=\"og:description\" content=\"Rechtsanwalt, Absolvent der Fakult\u00e4t f\u00fcr Jura und Verwaltung an der\u00a0Adam-Mickiewicz-Universit\u00e4t Posen und der Politikwissenschaften an der Adam-Mickiewicz-Universit\u00e4t Posen. Mitglied der Gro\u00dfpolnischen Rechtsanwaltskammer seit 2014. Er verf\u00fcgt \u00fcber die Erfahrung in der Beratung von Privat- und Gesch\u00e4ftskunden. In seiner Praxis befasst er sich sowohl mit zivil- und wirtschaftsrechtlichen F\u00e4llen von Gesch\u00e4ftskunden als auch mit Strafverfahren der [&hellip;]\" \/>\n<meta property=\"og:url\" content=\"https:\/\/henclewskiwyjatek.pl\/de\/team\/anwalte\/bartosz-mroczynski\/\" \/>\n<meta property=\"og:site_name\" content=\"Henclewski &amp; Wyjatek\" \/>\n<meta property=\"article:publisher\" content=\"https:\/\/www.facebook.com\/profile.php?id=100087508418448\" \/>\n<meta property=\"article:modified_time\" content=\"2023-03-17T13:58:28+00:00\" \/>\n<meta property=\"og:image\" content=\"https:\/\/henclewskiwyjatek.pl\/wp-content\/uploads\/2019\/01\/bmroczynski-3.jpg\" \/>\n\t<meta property=\"og:image:width\" content=\"1000\" \/>\n\t<meta property=\"og:image:height\" content=\"1247\" \/>\n\t<meta property=\"og:image:type\" content=\"image\/jpeg\" \/>\n<meta name=\"twitter:card\" content=\"summary_large_image\" \/>\n<script type=\"application\/ld+json\" class=\"yoast-schema-graph\">{\"@context\":\"https:\\\/\\\/schema.org\",\"@graph\":[{\"@type\":\"WebPage\",\"@id\":\"https:\\\/\\\/henclewskiwyjatek.pl\\\/de\\\/team\\\/anwalte\\\/bartosz-mroczynski\\\/\",\"url\":\"https:\\\/\\\/henclewskiwyjatek.pl\\\/de\\\/team\\\/anwalte\\\/bartosz-mroczynski\\\/\",\"name\":\"Bartosz Mroczy\u0144ski - Henclewski &amp; Wyjatek\",\"isPartOf\":{\"@id\":\"https:\\\/\\\/henclewskiwyjatek.pl\\\/#website\"},\"primaryImageOfPage\":{\"@id\":\"https:\\\/\\\/henclewskiwyjatek.pl\\\/de\\\/team\\\/anwalte\\\/bartosz-mroczynski\\\/#primaryimage\"},\"image\":{\"@id\":\"https:\\\/\\\/henclewskiwyjatek.pl\\\/de\\\/team\\\/anwalte\\\/bartosz-mroczynski\\\/#primaryimage\"},\"thumbnailUrl\":\"https:\\\/\\\/henclewskiwyjatek.pl\\\/wp-content\\\/uploads\\\/2019\\\/01\\\/bmroczynski-3.jpg\",\"datePublished\":\"2020-06-06T14:08:29+00:00\",\"dateModified\":\"2023-03-17T13:58:28+00:00\",\"breadcrumb\":{\"@id\":\"https:\\\/\\\/henclewskiwyjatek.pl\\\/de\\\/team\\\/anwalte\\\/bartosz-mroczynski\\\/#breadcrumb\"},\"inLanguage\":\"de\",\"potentialAction\":[{\"@type\":\"ReadAction\",\"target\":[\"https:\\\/\\\/henclewskiwyjatek.pl\\\/de\\\/team\\\/anwalte\\\/bartosz-mroczynski\\\/\"]}]},{\"@type\":\"ImageObject\",\"inLanguage\":\"de\",\"@id\":\"https:\\\/\\\/henclewskiwyjatek.pl\\\/de\\\/team\\\/anwalte\\\/bartosz-mroczynski\\\/#primaryimage\",\"url\":\"https:\\\/\\\/henclewskiwyjatek.pl\\\/wp-content\\\/uploads\\\/2019\\\/01\\\/bmroczynski-3.jpg\",\"contentUrl\":\"https:\\\/\\\/henclewskiwyjatek.pl\\\/wp-content\\\/uploads\\\/2019\\\/01\\\/bmroczynski-3.jpg\",\"width\":1000,\"height\":1247},{\"@type\":\"BreadcrumbList\",\"@id\":\"https:\\\/\\\/henclewskiwyjatek.pl\\\/de\\\/team\\\/anwalte\\\/bartosz-mroczynski\\\/#breadcrumb\",\"itemListElement\":[{\"@type\":\"ListItem\",\"position\":1,\"name\":\"Strona g\u0142\u00f3wna\",\"item\":\"https:\\\/\\\/henclewskiwyjatek.pl\\\/de\\\/\"},{\"@type\":\"ListItem\",\"position\":2,\"name\":\"Team\",\"item\":\"https:\\\/\\\/henclewskiwyjatek.pl\\\/de\\\/team\\\/\"},{\"@type\":\"ListItem\",\"position\":3,\"name\":\"Anw\u00e4lte\",\"item\":\"https:\\\/\\\/henclewskiwyjatek.pl\\\/de\\\/team\\\/anwalte\\\/\"},{\"@type\":\"ListItem\",\"position\":4,\"name\":\"Bartosz Mroczy\u0144ski\"}]},{\"@type\":\"WebSite\",\"@id\":\"https:\\\/\\\/henclewskiwyjatek.pl\\\/#website\",\"url\":\"https:\\\/\\\/henclewskiwyjatek.pl\\\/\",\"name\":\"Henclewski &amp; Wyjatek Kancelaria\",\"description\":\"Ihre Wirtschaftsanw\u00e4lte\",\"publisher\":{\"@id\":\"https:\\\/\\\/henclewskiwyjatek.pl\\\/#organization\"},\"potentialAction\":[{\"@type\":\"SearchAction\",\"target\":{\"@type\":\"EntryPoint\",\"urlTemplate\":\"https:\\\/\\\/henclewskiwyjatek.pl\\\/?s={search_term_string}\"},\"query-input\":{\"@type\":\"PropertyValueSpecification\",\"valueRequired\":true,\"valueName\":\"search_term_string\"}}],\"inLanguage\":\"de\"},{\"@type\":\"Organization\",\"@id\":\"https:\\\/\\\/henclewskiwyjatek.pl\\\/#organization\",\"name\":\"Henclewski &amp; Wyjatek Kancelaria\",\"url\":\"https:\\\/\\\/henclewskiwyjatek.pl\\\/\",\"logo\":{\"@type\":\"ImageObject\",\"inLanguage\":\"de\",\"@id\":\"https:\\\/\\\/henclewskiwyjatek.pl\\\/#\\\/schema\\\/logo\\\/image\\\/\",\"url\":\"https:\\\/\\\/henclewskiwyjatek.pl\\\/wp-content\\\/uploads\\\/2023\\\/06\\\/hw_logo.png\",\"contentUrl\":\"https:\\\/\\\/henclewskiwyjatek.pl\\\/wp-content\\\/uploads\\\/2023\\\/06\\\/hw_logo.png\",\"width\":479,\"height\":173,\"caption\":\"Henclewski &amp; Wyjatek Kancelaria\"},\"image\":{\"@id\":\"https:\\\/\\\/henclewskiwyjatek.pl\\\/#\\\/schema\\\/logo\\\/image\\\/\"},\"sameAs\":[\"https:\\\/\\\/www.facebook.com\\\/profile.php?id=100087508418448\",\"https:\\\/\\\/www.linkedin.com\\\/company\\\/38142911\\\/\"]}]}<\/script>\n<!-- \/ Yoast SEO plugin. -->","yoast_head_json":{"title":"Bartosz Mroczy\u0144ski - Henclewski &amp; Wyjatek","robots":{"index":"index","follow":"follow","max-snippet":"max-snippet:-1","max-image-preview":"max-image-preview:large","max-video-preview":"max-video-preview:-1"},"canonical":"https:\/\/henclewskiwyjatek.pl\/de\/team\/anwalte\/bartosz-mroczynski\/","og_locale":"de_DE","og_type":"article","og_title":"Bartosz Mroczy\u0144ski - Henclewski &amp; Wyjatek","og_description":"Rechtsanwalt, Absolvent der Fakult\u00e4t f\u00fcr Jura und Verwaltung an der\u00a0Adam-Mickiewicz-Universit\u00e4t Posen und der Politikwissenschaften an der Adam-Mickiewicz-Universit\u00e4t Posen. Mitglied der Gro\u00dfpolnischen Rechtsanwaltskammer seit 2014. Er verf\u00fcgt \u00fcber die Erfahrung in der Beratung von Privat- und Gesch\u00e4ftskunden. In seiner Praxis befasst er sich sowohl mit zivil- und wirtschaftsrechtlichen F\u00e4llen von Gesch\u00e4ftskunden als auch mit Strafverfahren der [&hellip;]","og_url":"https:\/\/henclewskiwyjatek.pl\/de\/team\/anwalte\/bartosz-mroczynski\/","og_site_name":"Henclewski &amp; Wyjatek","article_publisher":"https:\/\/www.facebook.com\/profile.php?id=100087508418448","article_modified_time":"2023-03-17T13:58:28+00:00","og_image":[{"width":1000,"height":1247,"url":"https:\/\/henclewskiwyjatek.pl\/wp-content\/uploads\/2019\/01\/bmroczynski-3.jpg","type":"image\/jpeg"}],"twitter_card":"summary_large_image","schema":{"@context":"https:\/\/schema.org","@graph":[{"@type":"WebPage","@id":"https:\/\/henclewskiwyjatek.pl\/de\/team\/anwalte\/bartosz-mroczynski\/","url":"https:\/\/henclewskiwyjatek.pl\/de\/team\/anwalte\/bartosz-mroczynski\/","name":"Bartosz Mroczy\u0144ski - Henclewski &amp; Wyjatek","isPartOf":{"@id":"https:\/\/henclewskiwyjatek.pl\/#website"},"primaryImageOfPage":{"@id":"https:\/\/henclewskiwyjatek.pl\/de\/team\/anwalte\/bartosz-mroczynski\/#primaryimage"},"image":{"@id":"https:\/\/henclewskiwyjatek.pl\/de\/team\/anwalte\/bartosz-mroczynski\/#primaryimage"},"thumbnailUrl":"https:\/\/henclewskiwyjatek.pl\/wp-content\/uploads\/2019\/01\/bmroczynski-3.jpg","datePublished":"2020-06-06T14:08:29+00:00","dateModified":"2023-03-17T13:58:28+00:00","breadcrumb":{"@id":"https:\/\/henclewskiwyjatek.pl\/de\/team\/anwalte\/bartosz-mroczynski\/#breadcrumb"},"inLanguage":"de","potentialAction":[{"@type":"ReadAction","target":["https:\/\/henclewskiwyjatek.pl\/de\/team\/anwalte\/bartosz-mroczynski\/"]}]},{"@type":"ImageObject","inLanguage":"de","@id":"https:\/\/henclewskiwyjatek.pl\/de\/team\/anwalte\/bartosz-mroczynski\/#primaryimage","url":"https:\/\/henclewskiwyjatek.pl\/wp-content\/uploads\/2019\/01\/bmroczynski-3.jpg","contentUrl":"https:\/\/henclewskiwyjatek.pl\/wp-content\/uploads\/2019\/01\/bmroczynski-3.jpg","width":1000,"height":1247},{"@type":"BreadcrumbList","@id":"https:\/\/henclewskiwyjatek.pl\/de\/team\/anwalte\/bartosz-mroczynski\/#breadcrumb","itemListElement":[{"@type":"ListItem","position":1,"name":"Strona g\u0142\u00f3wna","item":"https:\/\/henclewskiwyjatek.pl\/de\/"},{"@type":"ListItem","position":2,"name":"Team","item":"https:\/\/henclewskiwyjatek.pl\/de\/team\/"},{"@type":"ListItem","position":3,"name":"Anw\u00e4lte","item":"https:\/\/henclewskiwyjatek.pl\/de\/team\/anwalte\/"},{"@type":"ListItem","position":4,"name":"Bartosz Mroczy\u0144ski"}]},{"@type":"WebSite","@id":"https:\/\/henclewskiwyjatek.pl\/#website","url":"https:\/\/henclewskiwyjatek.pl\/","name":"Henclewski &amp; Wyjatek Kancelaria","description":"Ihre Wirtschaftsanw\u00e4lte","publisher":{"@id":"https:\/\/henclewskiwyjatek.pl\/#organization"},"potentialAction":[{"@type":"SearchAction","target":{"@type":"EntryPoint","urlTemplate":"https:\/\/henclewskiwyjatek.pl\/?s={search_term_string}"},"query-input":{"@type":"PropertyValueSpecification","valueRequired":true,"valueName":"search_term_string"}}],"inLanguage":"de"},{"@type":"Organization","@id":"https:\/\/henclewskiwyjatek.pl\/#organization","name":"Henclewski &amp; Wyjatek Kancelaria","url":"https:\/\/henclewskiwyjatek.pl\/","logo":{"@type":"ImageObject","inLanguage":"de","@id":"https:\/\/henclewskiwyjatek.pl\/#\/schema\/logo\/image\/","url":"https:\/\/henclewskiwyjatek.pl\/wp-content\/uploads\/2023\/06\/hw_logo.png","contentUrl":"https:\/\/henclewskiwyjatek.pl\/wp-content\/uploads\/2023\/06\/hw_logo.png","width":479,"height":173,"caption":"Henclewski &amp; Wyjatek Kancelaria"},"image":{"@id":"https:\/\/henclewskiwyjatek.pl\/#\/schema\/logo\/image\/"},"sameAs":["https:\/\/www.facebook.com\/profile.php?id=100087508418448","https:\/\/www.linkedin.com\/company\/38142911\/"]}]}},"_links":{"self":[{"href":"https:\/\/henclewskiwyjatek.pl\/de\/wp-json\/wp\/v2\/pages\/29432","targetHints":{"allow":["GET"]}}],"collection":[{"href":"https:\/\/henclewskiwyjatek.pl\/de\/wp-json\/wp\/v2\/pages"}],"about":[{"href":"https:\/\/henclewskiwyjatek.pl\/de\/wp-json\/wp\/v2\/types\/page"}],"author":[{"embeddable":true,"href":"https:\/\/henclewskiwyjatek.pl\/de\/wp-json\/wp\/v2\/users\/1"}],"replies":[{"embeddable":true,"href":"https:\/\/henclewskiwyjatek.pl\/de\/wp-json\/wp\/v2\/comments?post=29432"}],"version-history":[{"count":7,"href":"https:\/\/henclewskiwyjatek.pl\/de\/wp-json\/wp\/v2\/pages\/29432\/revisions"}],"predecessor-version":[{"id":30161,"href":"https:\/\/henclewskiwyjatek.pl\/de\/wp-json\/wp\/v2\/pages\/29432\/revisions\/30161"}],"up":[{"embeddable":true,"href":"https:\/\/henclewskiwyjatek.pl\/de\/wp-json\/wp\/v2\/pages\/29413"}],"wp:featuredmedia":[{"embeddable":true,"href":"https:\/\/henclewskiwyjatek.pl\/de\/wp-json\/wp\/v2\/media\/28853"}],"wp:attachment":[{"href":"https:\/\/henclewskiwyjatek.pl\/de\/wp-json\/wp\/v2\/media?parent=29432"}],"curies":[{"name":"wp","href":"https:\/\/api.w.org\/{rel}","templated":true}]}}