{"id":29468,"date":"2020-06-06T14:50:19","date_gmt":"2020-06-06T14:50:19","guid":{"rendered":"https:\/\/henclewskiwyjatek.pl\/?page_id=29468"},"modified":"2025-01-15T17:46:25","modified_gmt":"2025-01-15T17:46:25","slug":"dominika-gardziola","status":"publish","type":"page","link":"https:\/\/henclewskiwyjatek.pl\/de\/team\/anwalte\/dominika-gardziola\/","title":{"rendered":"Dominika Gardzio\u0142a"},"content":{"rendered":"<p style=\"text-align: justify;\">Seit 2021 ist Frau Gardzio\u0142a zum Anwaltsreferendariat bei der Rechtsanwaltskammer in Pozna\u0144 zugelassen.<\/p>\n<p style=\"text-align: justify;\">Sie hat Ihr Studium der Rechtswissenschaften an der Fakult\u00e4t f\u00fcr Recht und Verwaltung der Adam Mickiewicz-Universit\u00e4t in Posen absolviert und sich auf Schadensersatz- und Versicherungsrecht spezialisiert.<\/p>\n<p style=\"text-align: justify;\">Sie erbringt laufende Rechtsdienstleistungen f\u00fcr Unternehmer, insbesondere im Bereich der Forderungseintreibung in Gerichts- und Vollstreckungsverfahren.<\/p>\n","protected":false},"excerpt":{"rendered":"<p>Seit 2021 ist Frau Gardzio\u0142a zum Anwaltsreferendariat bei der Rechtsanwaltskammer in Pozna\u0144 zugelassen. Sie hat Ihr Studium der Rechtswissenschaften an der Fakult\u00e4t f\u00fcr Recht und Verwaltung der Adam Mickiewicz-Universit\u00e4t in Posen absolviert und sich auf Schadensersatz- und Versicherungsrecht spezialisiert. Sie erbringt laufende Rechtsdienstleistungen f\u00fcr Unternehmer, insbesondere im Bereich der Forderungseintreibung in Gerichts- und Vollstreckungsverfahren.<\/p>\n","protected":false},"author":1,"featured_media":30613,"parent":29413,"menu_order":201,"comment_status":"closed","ping_status":"closed","template":"team-member-template.php","meta":{"_monsterinsights_skip_tracking":false,"_monsterinsights_sitenote_active":false,"_monsterinsights_sitenote_note":"","_monsterinsights_sitenote_category":0,"footnotes":""},"class_list":["post-29468","page","type-page","status-publish","has-post-thumbnail","hentry"],"yoast_head":"<!-- This site is optimized with the Yoast SEO plugin v27.3 - https:\/\/yoast.com\/product\/yoast-seo-wordpress\/ -->\n<title>Dominika Gardzio\u0142a - Henclewski &amp; Wyjatek<\/title>\n<meta name=\"robots\" content=\"index, follow, max-snippet:-1, max-image-preview:large, max-video-preview:-1\" \/>\n<link rel=\"canonical\" href=\"https:\/\/henclewskiwyjatek.pl\/de\/team\/anwalte\/dominika-gardziola\/\" \/>\n<meta property=\"og:locale\" content=\"de_DE\" \/>\n<meta property=\"og:type\" content=\"article\" \/>\n<meta property=\"og:title\" content=\"Dominika Gardzio\u0142a - Henclewski &amp; Wyjatek\" \/>\n<meta property=\"og:description\" content=\"Seit 2021 ist Frau Gardzio\u0142a zum Anwaltsreferendariat bei der Rechtsanwaltskammer in Pozna\u0144 zugelassen. Sie hat Ihr Studium der Rechtswissenschaften an der Fakult\u00e4t f\u00fcr Recht und Verwaltung der Adam Mickiewicz-Universit\u00e4t in Posen absolviert und sich auf Schadensersatz- und Versicherungsrecht spezialisiert. Sie erbringt laufende Rechtsdienstleistungen f\u00fcr Unternehmer, insbesondere im Bereich der Forderungseintreibung in Gerichts- und Vollstreckungsverfahren.\" \/>\n<meta property=\"og:url\" content=\"https:\/\/henclewskiwyjatek.pl\/de\/team\/anwalte\/dominika-gardziola\/\" \/>\n<meta property=\"og:site_name\" content=\"Henclewski &amp; Wyjatek\" \/>\n<meta property=\"article:publisher\" content=\"https:\/\/www.facebook.com\/profile.php?id=100087508418448\" \/>\n<meta property=\"article:modified_time\" content=\"2025-01-15T17:46:25+00:00\" \/>\n<meta property=\"og:image\" content=\"https:\/\/henclewskiwyjatek.pl\/wp-content\/uploads\/2024\/12\/Dominika-Gardziola-832x1024.jpg\" \/>\n\t<meta property=\"og:image:width\" content=\"832\" \/>\n\t<meta property=\"og:image:height\" content=\"1024\" \/>\n\t<meta property=\"og:image:type\" content=\"image\/jpeg\" \/>\n<meta name=\"twitter:card\" content=\"summary_large_image\" \/>\n<meta name=\"twitter:label1\" content=\"Gesch\u00e4tzte Lesezeit\" \/>\n\t<meta name=\"twitter:data1\" content=\"1\u00a0Minute\" \/>\n<script type=\"application\/ld+json\" class=\"yoast-schema-graph\">{\"@context\":\"https:\\\/\\\/schema.org\",\"@graph\":[{\"@type\":\"WebPage\",\"@id\":\"https:\\\/\\\/henclewskiwyjatek.pl\\\/de\\\/team\\\/anwalte\\\/dominika-gardziola\\\/\",\"url\":\"https:\\\/\\\/henclewskiwyjatek.pl\\\/de\\\/team\\\/anwalte\\\/dominika-gardziola\\\/\",\"name\":\"Dominika Gardzio\u0142a - Henclewski &amp; Wyjatek\",\"isPartOf\":{\"@id\":\"https:\\\/\\\/henclewskiwyjatek.pl\\\/#website\"},\"primaryImageOfPage\":{\"@id\":\"https:\\\/\\\/henclewskiwyjatek.pl\\\/de\\\/team\\\/anwalte\\\/dominika-gardziola\\\/#primaryimage\"},\"image\":{\"@id\":\"https:\\\/\\\/henclewskiwyjatek.pl\\\/de\\\/team\\\/anwalte\\\/dominika-gardziola\\\/#primaryimage\"},\"thumbnailUrl\":\"https:\\\/\\\/henclewskiwyjatek.pl\\\/wp-content\\\/uploads\\\/2024\\\/12\\\/Dominika-Gardziola.jpg\",\"datePublished\":\"2020-06-06T14:50:19+00:00\",\"dateModified\":\"2025-01-15T17:46:25+00:00\",\"breadcrumb\":{\"@id\":\"https:\\\/\\\/henclewskiwyjatek.pl\\\/de\\\/team\\\/anwalte\\\/dominika-gardziola\\\/#breadcrumb\"},\"inLanguage\":\"de\",\"potentialAction\":[{\"@type\":\"ReadAction\",\"target\":[\"https:\\\/\\\/henclewskiwyjatek.pl\\\/de\\\/team\\\/anwalte\\\/dominika-gardziola\\\/\"]}]},{\"@type\":\"ImageObject\",\"inLanguage\":\"de\",\"@id\":\"https:\\\/\\\/henclewskiwyjatek.pl\\\/de\\\/team\\\/anwalte\\\/dominika-gardziola\\\/#primaryimage\",\"url\":\"https:\\\/\\\/henclewskiwyjatek.pl\\\/wp-content\\\/uploads\\\/2024\\\/12\\\/Dominika-Gardziola.jpg\",\"contentUrl\":\"https:\\\/\\\/henclewskiwyjatek.pl\\\/wp-content\\\/uploads\\\/2024\\\/12\\\/Dominika-Gardziola.jpg\",\"width\":1934,\"height\":2380},{\"@type\":\"BreadcrumbList\",\"@id\":\"https:\\\/\\\/henclewskiwyjatek.pl\\\/de\\\/team\\\/anwalte\\\/dominika-gardziola\\\/#breadcrumb\",\"itemListElement\":[{\"@type\":\"ListItem\",\"position\":1,\"name\":\"Strona g\u0142\u00f3wna\",\"item\":\"https:\\\/\\\/henclewskiwyjatek.pl\\\/de\\\/\"},{\"@type\":\"ListItem\",\"position\":2,\"name\":\"Team\",\"item\":\"https:\\\/\\\/henclewskiwyjatek.pl\\\/zespol\\\/\"},{\"@type\":\"ListItem\",\"position\":3,\"name\":\"Anw\u00e4lte\",\"item\":\"https:\\\/\\\/henclewskiwyjatek.pl\\\/zespol\\\/prawnicy\\\/\"},{\"@type\":\"ListItem\",\"position\":4,\"name\":\"Dominika Gardzio\u0142a\"}]},{\"@type\":\"WebSite\",\"@id\":\"https:\\\/\\\/henclewskiwyjatek.pl\\\/#website\",\"url\":\"https:\\\/\\\/henclewskiwyjatek.pl\\\/\",\"name\":\"Henclewski &amp; Wyjatek Kancelaria\",\"description\":\"Ihre Wirtschaftsanw\u00e4lte\",\"publisher\":{\"@id\":\"https:\\\/\\\/henclewskiwyjatek.pl\\\/#organization\"},\"potentialAction\":[{\"@type\":\"SearchAction\",\"target\":{\"@type\":\"EntryPoint\",\"urlTemplate\":\"https:\\\/\\\/henclewskiwyjatek.pl\\\/?s={search_term_string}\"},\"query-input\":{\"@type\":\"PropertyValueSpecification\",\"valueRequired\":true,\"valueName\":\"search_term_string\"}}],\"inLanguage\":\"de\"},{\"@type\":\"Organization\",\"@id\":\"https:\\\/\\\/henclewskiwyjatek.pl\\\/#organization\",\"name\":\"Henclewski &amp; Wyjatek Kancelaria\",\"url\":\"https:\\\/\\\/henclewskiwyjatek.pl\\\/\",\"logo\":{\"@type\":\"ImageObject\",\"inLanguage\":\"de\",\"@id\":\"https:\\\/\\\/henclewskiwyjatek.pl\\\/#\\\/schema\\\/logo\\\/image\\\/\",\"url\":\"https:\\\/\\\/henclewskiwyjatek.pl\\\/wp-content\\\/uploads\\\/2023\\\/06\\\/hw_logo.png\",\"contentUrl\":\"https:\\\/\\\/henclewskiwyjatek.pl\\\/wp-content\\\/uploads\\\/2023\\\/06\\\/hw_logo.png\",\"width\":479,\"height\":173,\"caption\":\"Henclewski &amp; Wyjatek Kancelaria\"},\"image\":{\"@id\":\"https:\\\/\\\/henclewskiwyjatek.pl\\\/#\\\/schema\\\/logo\\\/image\\\/\"},\"sameAs\":[\"https:\\\/\\\/www.facebook.com\\\/profile.php?id=100087508418448\",\"https:\\\/\\\/www.linkedin.com\\\/company\\\/38142911\\\/\"]}]}<\/script>\n<!-- \/ Yoast SEO plugin. -->","yoast_head_json":{"title":"Dominika Gardzio\u0142a - Henclewski &amp; Wyjatek","robots":{"index":"index","follow":"follow","max-snippet":"max-snippet:-1","max-image-preview":"max-image-preview:large","max-video-preview":"max-video-preview:-1"},"canonical":"https:\/\/henclewskiwyjatek.pl\/de\/team\/anwalte\/dominika-gardziola\/","og_locale":"de_DE","og_type":"article","og_title":"Dominika Gardzio\u0142a - Henclewski &amp; Wyjatek","og_description":"Seit 2021 ist Frau Gardzio\u0142a zum Anwaltsreferendariat bei der Rechtsanwaltskammer in Pozna\u0144 zugelassen. Sie hat Ihr Studium der Rechtswissenschaften an der Fakult\u00e4t f\u00fcr Recht und Verwaltung der Adam Mickiewicz-Universit\u00e4t in Posen absolviert und sich auf Schadensersatz- und Versicherungsrecht spezialisiert. Sie erbringt laufende Rechtsdienstleistungen f\u00fcr Unternehmer, insbesondere im Bereich der Forderungseintreibung in Gerichts- und Vollstreckungsverfahren.","og_url":"https:\/\/henclewskiwyjatek.pl\/de\/team\/anwalte\/dominika-gardziola\/","og_site_name":"Henclewski &amp; Wyjatek","article_publisher":"https:\/\/www.facebook.com\/profile.php?id=100087508418448","article_modified_time":"2025-01-15T17:46:25+00:00","og_image":[{"width":832,"height":1024,"url":"https:\/\/henclewskiwyjatek.pl\/wp-content\/uploads\/2024\/12\/Dominika-Gardziola-832x1024.jpg","type":"image\/jpeg"}],"twitter_card":"summary_large_image","twitter_misc":{"Gesch\u00e4tzte Lesezeit":"1\u00a0Minute"},"schema":{"@context":"https:\/\/schema.org","@graph":[{"@type":"WebPage","@id":"https:\/\/henclewskiwyjatek.pl\/de\/team\/anwalte\/dominika-gardziola\/","url":"https:\/\/henclewskiwyjatek.pl\/de\/team\/anwalte\/dominika-gardziola\/","name":"Dominika Gardzio\u0142a - Henclewski &amp; Wyjatek","isPartOf":{"@id":"https:\/\/henclewskiwyjatek.pl\/#website"},"primaryImageOfPage":{"@id":"https:\/\/henclewskiwyjatek.pl\/de\/team\/anwalte\/dominika-gardziola\/#primaryimage"},"image":{"@id":"https:\/\/henclewskiwyjatek.pl\/de\/team\/anwalte\/dominika-gardziola\/#primaryimage"},"thumbnailUrl":"https:\/\/henclewskiwyjatek.pl\/wp-content\/uploads\/2024\/12\/Dominika-Gardziola.jpg","datePublished":"2020-06-06T14:50:19+00:00","dateModified":"2025-01-15T17:46:25+00:00","breadcrumb":{"@id":"https:\/\/henclewskiwyjatek.pl\/de\/team\/anwalte\/dominika-gardziola\/#breadcrumb"},"inLanguage":"de","potentialAction":[{"@type":"ReadAction","target":["https:\/\/henclewskiwyjatek.pl\/de\/team\/anwalte\/dominika-gardziola\/"]}]},{"@type":"ImageObject","inLanguage":"de","@id":"https:\/\/henclewskiwyjatek.pl\/de\/team\/anwalte\/dominika-gardziola\/#primaryimage","url":"https:\/\/henclewskiwyjatek.pl\/wp-content\/uploads\/2024\/12\/Dominika-Gardziola.jpg","contentUrl":"https:\/\/henclewskiwyjatek.pl\/wp-content\/uploads\/2024\/12\/Dominika-Gardziola.jpg","width":1934,"height":2380},{"@type":"BreadcrumbList","@id":"https:\/\/henclewskiwyjatek.pl\/de\/team\/anwalte\/dominika-gardziola\/#breadcrumb","itemListElement":[{"@type":"ListItem","position":1,"name":"Strona g\u0142\u00f3wna","item":"https:\/\/henclewskiwyjatek.pl\/de\/"},{"@type":"ListItem","position":2,"name":"Team","item":"https:\/\/henclewskiwyjatek.pl\/zespol\/"},{"@type":"ListItem","position":3,"name":"Anw\u00e4lte","item":"https:\/\/henclewskiwyjatek.pl\/zespol\/prawnicy\/"},{"@type":"ListItem","position":4,"name":"Dominika Gardzio\u0142a"}]},{"@type":"WebSite","@id":"https:\/\/henclewskiwyjatek.pl\/#website","url":"https:\/\/henclewskiwyjatek.pl\/","name":"Henclewski &amp; Wyjatek Kancelaria","description":"Ihre Wirtschaftsanw\u00e4lte","publisher":{"@id":"https:\/\/henclewskiwyjatek.pl\/#organization"},"potentialAction":[{"@type":"SearchAction","target":{"@type":"EntryPoint","urlTemplate":"https:\/\/henclewskiwyjatek.pl\/?s={search_term_string}"},"query-input":{"@type":"PropertyValueSpecification","valueRequired":true,"valueName":"search_term_string"}}],"inLanguage":"de"},{"@type":"Organization","@id":"https:\/\/henclewskiwyjatek.pl\/#organization","name":"Henclewski &amp; Wyjatek Kancelaria","url":"https:\/\/henclewskiwyjatek.pl\/","logo":{"@type":"ImageObject","inLanguage":"de","@id":"https:\/\/henclewskiwyjatek.pl\/#\/schema\/logo\/image\/","url":"https:\/\/henclewskiwyjatek.pl\/wp-content\/uploads\/2023\/06\/hw_logo.png","contentUrl":"https:\/\/henclewskiwyjatek.pl\/wp-content\/uploads\/2023\/06\/hw_logo.png","width":479,"height":173,"caption":"Henclewski &amp; Wyjatek Kancelaria"},"image":{"@id":"https:\/\/henclewskiwyjatek.pl\/#\/schema\/logo\/image\/"},"sameAs":["https:\/\/www.facebook.com\/profile.php?id=100087508418448","https:\/\/www.linkedin.com\/company\/38142911\/"]}]}},"_links":{"self":[{"href":"https:\/\/henclewskiwyjatek.pl\/de\/wp-json\/wp\/v2\/pages\/29468","targetHints":{"allow":["GET"]}}],"collection":[{"href":"https:\/\/henclewskiwyjatek.pl\/de\/wp-json\/wp\/v2\/pages"}],"about":[{"href":"https:\/\/henclewskiwyjatek.pl\/de\/wp-json\/wp\/v2\/types\/page"}],"author":[{"embeddable":true,"href":"https:\/\/henclewskiwyjatek.pl\/de\/wp-json\/wp\/v2\/users\/1"}],"replies":[{"embeddable":true,"href":"https:\/\/henclewskiwyjatek.pl\/de\/wp-json\/wp\/v2\/comments?post=29468"}],"version-history":[{"count":9,"href":"https:\/\/henclewskiwyjatek.pl\/de\/wp-json\/wp\/v2\/pages\/29468\/revisions"}],"predecessor-version":[{"id":30739,"href":"https:\/\/henclewskiwyjatek.pl\/de\/wp-json\/wp\/v2\/pages\/29468\/revisions\/30739"}],"up":[{"embeddable":true,"href":"https:\/\/henclewskiwyjatek.pl\/de\/wp-json\/wp\/v2\/pages\/29413"}],"wp:featuredmedia":[{"embeddable":true,"href":"https:\/\/henclewskiwyjatek.pl\/de\/wp-json\/wp\/v2\/media\/30613"}],"wp:attachment":[{"href":"https:\/\/henclewskiwyjatek.pl\/de\/wp-json\/wp\/v2\/media?parent=29468"}],"curies":[{"name":"wp","href":"https:\/\/api.w.org\/{rel}","templated":true}]}}