{"id":29477,"date":"2020-06-06T14:54:49","date_gmt":"2020-06-06T14:54:49","guid":{"rendered":"https:\/\/henclewskiwyjatek.pl\/?page_id=29477"},"modified":"2023-03-17T14:34:02","modified_gmt":"2023-03-17T14:34:02","slug":"krzysztof-sych","status":"publish","type":"page","link":"https:\/\/henclewskiwyjatek.pl\/de\/team\/spezialisten\/krzysztof-sych\/","title":{"rendered":"Krzysztof Sych"},"content":{"rendered":"<p style=\"text-align: justify;\">Patentanwalt. Er betreibt eine Patentanwaltskanzlei in\u00a0Gniezno.<\/p>\n<p style=\"text-align: justify;\">Er besch\u00e4ftigt sich mit den F\u00e4llen, die weit gefasstes gewerbliches Eigentum betreffen, darunter Patente f\u00fcr Erfindungen, Gebrauchsmuster, gewerbliche Muster, Marken, Dienstleistungsmarken, Handelsnamen, Herkunftsbezeichnungen.<\/p>\n<p style=\"text-align: justify;\">Mit seiner Erfahrung unterst\u00fctzt er die Kanzlei bei den Verfahren im Zusammenhang mit der Bek\u00e4mpfung des unlauteren Wettbewerbs.<\/p>\n","protected":false},"excerpt":{"rendered":"<p>Patentanwalt. Er betreibt eine Patentanwaltskanzlei in\u00a0Gniezno. Er besch\u00e4ftigt sich mit den F\u00e4llen, die weit gefasstes gewerbliches Eigentum betreffen, darunter Patente f\u00fcr Erfindungen, Gebrauchsmuster, gewerbliche Muster, Marken, Dienstleistungsmarken, Handelsnamen, Herkunftsbezeichnungen. Mit seiner Erfahrung unterst\u00fctzt er die Kanzlei bei den Verfahren im Zusammenhang mit der Bek\u00e4mpfung des unlauteren Wettbewerbs.<\/p>\n","protected":false},"author":1,"featured_media":29002,"parent":29479,"menu_order":225,"comment_status":"closed","ping_status":"closed","template":"team-member-template.php","meta":{"_monsterinsights_skip_tracking":false,"_monsterinsights_sitenote_active":false,"_monsterinsights_sitenote_note":"","_monsterinsights_sitenote_category":0,"footnotes":""},"class_list":["post-29477","page","type-page","status-publish","has-post-thumbnail","hentry"],"yoast_head":"<!-- This site is optimized with the Yoast SEO plugin v27.3 - https:\/\/yoast.com\/product\/yoast-seo-wordpress\/ -->\n<title>Krzysztof Sych - Henclewski &amp; Wyjatek<\/title>\n<meta name=\"robots\" content=\"index, follow, max-snippet:-1, max-image-preview:large, max-video-preview:-1\" \/>\n<link rel=\"canonical\" href=\"https:\/\/henclewskiwyjatek.pl\/de\/team\/spezialisten\/krzysztof-sych\/\" \/>\n<meta property=\"og:locale\" content=\"de_DE\" \/>\n<meta property=\"og:type\" content=\"article\" \/>\n<meta property=\"og:title\" content=\"Krzysztof Sych - Henclewski &amp; Wyjatek\" \/>\n<meta property=\"og:description\" content=\"Patentanwalt. Er betreibt eine Patentanwaltskanzlei in\u00a0Gniezno. Er besch\u00e4ftigt sich mit den F\u00e4llen, die weit gefasstes gewerbliches Eigentum betreffen, darunter Patente f\u00fcr Erfindungen, Gebrauchsmuster, gewerbliche Muster, Marken, Dienstleistungsmarken, Handelsnamen, Herkunftsbezeichnungen. Mit seiner Erfahrung unterst\u00fctzt er die Kanzlei bei den Verfahren im Zusammenhang mit der Bek\u00e4mpfung des unlauteren Wettbewerbs.\" \/>\n<meta property=\"og:url\" content=\"https:\/\/henclewskiwyjatek.pl\/de\/team\/spezialisten\/krzysztof-sych\/\" \/>\n<meta property=\"og:site_name\" content=\"Henclewski &amp; Wyjatek\" \/>\n<meta property=\"article:publisher\" content=\"https:\/\/www.facebook.com\/profile.php?id=100087508418448\" \/>\n<meta property=\"article:modified_time\" content=\"2023-03-17T14:34:02+00:00\" \/>\n<meta property=\"og:image\" content=\"https:\/\/henclewskiwyjatek.pl\/wp-content\/uploads\/2019\/02\/zespol-1.png\" \/>\n\t<meta property=\"og:image:width\" content=\"1000\" \/>\n\t<meta property=\"og:image:height\" content=\"1247\" \/>\n\t<meta property=\"og:image:type\" content=\"image\/png\" \/>\n<meta name=\"twitter:card\" content=\"summary_large_image\" \/>\n<script type=\"application\/ld+json\" class=\"yoast-schema-graph\">{\"@context\":\"https:\\\/\\\/schema.org\",\"@graph\":[{\"@type\":\"WebPage\",\"@id\":\"https:\\\/\\\/henclewskiwyjatek.pl\\\/de\\\/team\\\/spezialisten\\\/krzysztof-sych\\\/\",\"url\":\"https:\\\/\\\/henclewskiwyjatek.pl\\\/de\\\/team\\\/spezialisten\\\/krzysztof-sych\\\/\",\"name\":\"Krzysztof Sych - Henclewski &amp; Wyjatek\",\"isPartOf\":{\"@id\":\"https:\\\/\\\/henclewskiwyjatek.pl\\\/#website\"},\"primaryImageOfPage\":{\"@id\":\"https:\\\/\\\/henclewskiwyjatek.pl\\\/de\\\/team\\\/spezialisten\\\/krzysztof-sych\\\/#primaryimage\"},\"image\":{\"@id\":\"https:\\\/\\\/henclewskiwyjatek.pl\\\/de\\\/team\\\/spezialisten\\\/krzysztof-sych\\\/#primaryimage\"},\"thumbnailUrl\":\"https:\\\/\\\/henclewskiwyjatek.pl\\\/wp-content\\\/uploads\\\/2019\\\/02\\\/zespol-1.png\",\"datePublished\":\"2020-06-06T14:54:49+00:00\",\"dateModified\":\"2023-03-17T14:34:02+00:00\",\"breadcrumb\":{\"@id\":\"https:\\\/\\\/henclewskiwyjatek.pl\\\/de\\\/team\\\/spezialisten\\\/krzysztof-sych\\\/#breadcrumb\"},\"inLanguage\":\"de\",\"potentialAction\":[{\"@type\":\"ReadAction\",\"target\":[\"https:\\\/\\\/henclewskiwyjatek.pl\\\/de\\\/team\\\/spezialisten\\\/krzysztof-sych\\\/\"]}]},{\"@type\":\"ImageObject\",\"inLanguage\":\"de\",\"@id\":\"https:\\\/\\\/henclewskiwyjatek.pl\\\/de\\\/team\\\/spezialisten\\\/krzysztof-sych\\\/#primaryimage\",\"url\":\"https:\\\/\\\/henclewskiwyjatek.pl\\\/wp-content\\\/uploads\\\/2019\\\/02\\\/zespol-1.png\",\"contentUrl\":\"https:\\\/\\\/henclewskiwyjatek.pl\\\/wp-content\\\/uploads\\\/2019\\\/02\\\/zespol-1.png\",\"width\":1000,\"height\":1247},{\"@type\":\"BreadcrumbList\",\"@id\":\"https:\\\/\\\/henclewskiwyjatek.pl\\\/de\\\/team\\\/spezialisten\\\/krzysztof-sych\\\/#breadcrumb\",\"itemListElement\":[{\"@type\":\"ListItem\",\"position\":1,\"name\":\"Strona g\u0142\u00f3wna\",\"item\":\"https:\\\/\\\/henclewskiwyjatek.pl\\\/de\\\/\"},{\"@type\":\"ListItem\",\"position\":2,\"name\":\"Team\",\"item\":\"https:\\\/\\\/henclewskiwyjatek.pl\\\/de\\\/team\\\/\"},{\"@type\":\"ListItem\",\"position\":3,\"name\":\"Spezialisten\",\"item\":\"https:\\\/\\\/henclewskiwyjatek.pl\\\/de\\\/team\\\/spezialisten\\\/\"},{\"@type\":\"ListItem\",\"position\":4,\"name\":\"Krzysztof Sych\"}]},{\"@type\":\"WebSite\",\"@id\":\"https:\\\/\\\/henclewskiwyjatek.pl\\\/#website\",\"url\":\"https:\\\/\\\/henclewskiwyjatek.pl\\\/\",\"name\":\"Henclewski &amp; Wyjatek Kancelaria\",\"description\":\"Ihre Wirtschaftsanw\u00e4lte\",\"publisher\":{\"@id\":\"https:\\\/\\\/henclewskiwyjatek.pl\\\/#organization\"},\"potentialAction\":[{\"@type\":\"SearchAction\",\"target\":{\"@type\":\"EntryPoint\",\"urlTemplate\":\"https:\\\/\\\/henclewskiwyjatek.pl\\\/?s={search_term_string}\"},\"query-input\":{\"@type\":\"PropertyValueSpecification\",\"valueRequired\":true,\"valueName\":\"search_term_string\"}}],\"inLanguage\":\"de\"},{\"@type\":\"Organization\",\"@id\":\"https:\\\/\\\/henclewskiwyjatek.pl\\\/#organization\",\"name\":\"Henclewski &amp; Wyjatek Kancelaria\",\"url\":\"https:\\\/\\\/henclewskiwyjatek.pl\\\/\",\"logo\":{\"@type\":\"ImageObject\",\"inLanguage\":\"de\",\"@id\":\"https:\\\/\\\/henclewskiwyjatek.pl\\\/#\\\/schema\\\/logo\\\/image\\\/\",\"url\":\"https:\\\/\\\/henclewskiwyjatek.pl\\\/wp-content\\\/uploads\\\/2023\\\/06\\\/hw_logo.png\",\"contentUrl\":\"https:\\\/\\\/henclewskiwyjatek.pl\\\/wp-content\\\/uploads\\\/2023\\\/06\\\/hw_logo.png\",\"width\":479,\"height\":173,\"caption\":\"Henclewski &amp; Wyjatek Kancelaria\"},\"image\":{\"@id\":\"https:\\\/\\\/henclewskiwyjatek.pl\\\/#\\\/schema\\\/logo\\\/image\\\/\"},\"sameAs\":[\"https:\\\/\\\/www.facebook.com\\\/profile.php?id=100087508418448\",\"https:\\\/\\\/www.linkedin.com\\\/company\\\/38142911\\\/\"]}]}<\/script>\n<!-- \/ Yoast SEO plugin. -->","yoast_head_json":{"title":"Krzysztof Sych - Henclewski &amp; Wyjatek","robots":{"index":"index","follow":"follow","max-snippet":"max-snippet:-1","max-image-preview":"max-image-preview:large","max-video-preview":"max-video-preview:-1"},"canonical":"https:\/\/henclewskiwyjatek.pl\/de\/team\/spezialisten\/krzysztof-sych\/","og_locale":"de_DE","og_type":"article","og_title":"Krzysztof Sych - Henclewski &amp; Wyjatek","og_description":"Patentanwalt. Er betreibt eine Patentanwaltskanzlei in\u00a0Gniezno. Er besch\u00e4ftigt sich mit den F\u00e4llen, die weit gefasstes gewerbliches Eigentum betreffen, darunter Patente f\u00fcr Erfindungen, Gebrauchsmuster, gewerbliche Muster, Marken, Dienstleistungsmarken, Handelsnamen, Herkunftsbezeichnungen. Mit seiner Erfahrung unterst\u00fctzt er die Kanzlei bei den Verfahren im Zusammenhang mit der Bek\u00e4mpfung des unlauteren Wettbewerbs.","og_url":"https:\/\/henclewskiwyjatek.pl\/de\/team\/spezialisten\/krzysztof-sych\/","og_site_name":"Henclewski &amp; Wyjatek","article_publisher":"https:\/\/www.facebook.com\/profile.php?id=100087508418448","article_modified_time":"2023-03-17T14:34:02+00:00","og_image":[{"width":1000,"height":1247,"url":"https:\/\/henclewskiwyjatek.pl\/wp-content\/uploads\/2019\/02\/zespol-1.png","type":"image\/png"}],"twitter_card":"summary_large_image","schema":{"@context":"https:\/\/schema.org","@graph":[{"@type":"WebPage","@id":"https:\/\/henclewskiwyjatek.pl\/de\/team\/spezialisten\/krzysztof-sych\/","url":"https:\/\/henclewskiwyjatek.pl\/de\/team\/spezialisten\/krzysztof-sych\/","name":"Krzysztof Sych - Henclewski &amp; Wyjatek","isPartOf":{"@id":"https:\/\/henclewskiwyjatek.pl\/#website"},"primaryImageOfPage":{"@id":"https:\/\/henclewskiwyjatek.pl\/de\/team\/spezialisten\/krzysztof-sych\/#primaryimage"},"image":{"@id":"https:\/\/henclewskiwyjatek.pl\/de\/team\/spezialisten\/krzysztof-sych\/#primaryimage"},"thumbnailUrl":"https:\/\/henclewskiwyjatek.pl\/wp-content\/uploads\/2019\/02\/zespol-1.png","datePublished":"2020-06-06T14:54:49+00:00","dateModified":"2023-03-17T14:34:02+00:00","breadcrumb":{"@id":"https:\/\/henclewskiwyjatek.pl\/de\/team\/spezialisten\/krzysztof-sych\/#breadcrumb"},"inLanguage":"de","potentialAction":[{"@type":"ReadAction","target":["https:\/\/henclewskiwyjatek.pl\/de\/team\/spezialisten\/krzysztof-sych\/"]}]},{"@type":"ImageObject","inLanguage":"de","@id":"https:\/\/henclewskiwyjatek.pl\/de\/team\/spezialisten\/krzysztof-sych\/#primaryimage","url":"https:\/\/henclewskiwyjatek.pl\/wp-content\/uploads\/2019\/02\/zespol-1.png","contentUrl":"https:\/\/henclewskiwyjatek.pl\/wp-content\/uploads\/2019\/02\/zespol-1.png","width":1000,"height":1247},{"@type":"BreadcrumbList","@id":"https:\/\/henclewskiwyjatek.pl\/de\/team\/spezialisten\/krzysztof-sych\/#breadcrumb","itemListElement":[{"@type":"ListItem","position":1,"name":"Strona g\u0142\u00f3wna","item":"https:\/\/henclewskiwyjatek.pl\/de\/"},{"@type":"ListItem","position":2,"name":"Team","item":"https:\/\/henclewskiwyjatek.pl\/de\/team\/"},{"@type":"ListItem","position":3,"name":"Spezialisten","item":"https:\/\/henclewskiwyjatek.pl\/de\/team\/spezialisten\/"},{"@type":"ListItem","position":4,"name":"Krzysztof Sych"}]},{"@type":"WebSite","@id":"https:\/\/henclewskiwyjatek.pl\/#website","url":"https:\/\/henclewskiwyjatek.pl\/","name":"Henclewski &amp; Wyjatek Kancelaria","description":"Ihre Wirtschaftsanw\u00e4lte","publisher":{"@id":"https:\/\/henclewskiwyjatek.pl\/#organization"},"potentialAction":[{"@type":"SearchAction","target":{"@type":"EntryPoint","urlTemplate":"https:\/\/henclewskiwyjatek.pl\/?s={search_term_string}"},"query-input":{"@type":"PropertyValueSpecification","valueRequired":true,"valueName":"search_term_string"}}],"inLanguage":"de"},{"@type":"Organization","@id":"https:\/\/henclewskiwyjatek.pl\/#organization","name":"Henclewski &amp; Wyjatek Kancelaria","url":"https:\/\/henclewskiwyjatek.pl\/","logo":{"@type":"ImageObject","inLanguage":"de","@id":"https:\/\/henclewskiwyjatek.pl\/#\/schema\/logo\/image\/","url":"https:\/\/henclewskiwyjatek.pl\/wp-content\/uploads\/2023\/06\/hw_logo.png","contentUrl":"https:\/\/henclewskiwyjatek.pl\/wp-content\/uploads\/2023\/06\/hw_logo.png","width":479,"height":173,"caption":"Henclewski &amp; Wyjatek Kancelaria"},"image":{"@id":"https:\/\/henclewskiwyjatek.pl\/#\/schema\/logo\/image\/"},"sameAs":["https:\/\/www.facebook.com\/profile.php?id=100087508418448","https:\/\/www.linkedin.com\/company\/38142911\/"]}]}},"_links":{"self":[{"href":"https:\/\/henclewskiwyjatek.pl\/de\/wp-json\/wp\/v2\/pages\/29477","targetHints":{"allow":["GET"]}}],"collection":[{"href":"https:\/\/henclewskiwyjatek.pl\/de\/wp-json\/wp\/v2\/pages"}],"about":[{"href":"https:\/\/henclewskiwyjatek.pl\/de\/wp-json\/wp\/v2\/types\/page"}],"author":[{"embeddable":true,"href":"https:\/\/henclewskiwyjatek.pl\/de\/wp-json\/wp\/v2\/users\/1"}],"replies":[{"embeddable":true,"href":"https:\/\/henclewskiwyjatek.pl\/de\/wp-json\/wp\/v2\/comments?post=29477"}],"version-history":[{"count":6,"href":"https:\/\/henclewskiwyjatek.pl\/de\/wp-json\/wp\/v2\/pages\/29477\/revisions"}],"predecessor-version":[{"id":30175,"href":"https:\/\/henclewskiwyjatek.pl\/de\/wp-json\/wp\/v2\/pages\/29477\/revisions\/30175"}],"up":[{"embeddable":true,"href":"https:\/\/henclewskiwyjatek.pl\/de\/wp-json\/wp\/v2\/pages\/29479"}],"wp:featuredmedia":[{"embeddable":true,"href":"https:\/\/henclewskiwyjatek.pl\/de\/wp-json\/wp\/v2\/media\/29002"}],"wp:attachment":[{"href":"https:\/\/henclewskiwyjatek.pl\/de\/wp-json\/wp\/v2\/media?parent=29477"}],"curies":[{"name":"wp","href":"https:\/\/api.w.org\/{rel}","templated":true}]}}