{"id":29481,"date":"2020-06-06T14:58:02","date_gmt":"2020-06-06T14:58:02","guid":{"rendered":"https:\/\/henclewskiwyjatek.pl\/?page_id=29481"},"modified":"2023-03-17T14:49:42","modified_gmt":"2023-03-17T14:49:42","slug":"izabela-pietrzak-abucewicz","status":"publish","type":"page","link":"https:\/\/henclewskiwyjatek.pl\/de\/team\/spezialisten\/izabela-pietrzak-abucewicz\/","title":{"rendered":"Izabela Pietrzak-Abucewicz"},"content":{"rendered":"<p style=\"text-align: justify;\">Absolventin der Fachrichtung Jura an der Fakult\u00e4t f\u00fcr Jura und Verwaltung an der Adam-Mickiewicz-Universit\u00e4t Posen (2002). Verfasserin der Magisterarbeit \u201eRechtslage des Steuerpflichtigen im Insolvenzverfahren\u201d. Die Magisterarbeit nahm den I. Platz im IX. Wettbewerb des Magazins \u201ePrzegl\u0105d Podatkowy\u201d f\u00fcr die beste Magisterarbeit \u00fcber steuerliche Fragen (2003) ein. Rechtsbeistand (seit 2007), Mitglied der Bezirkskammer der Rechtsbeist\u00e4nde in Posen.<\/p>\n<p style=\"text-align: justify;\">Absolventin der Fachrichtung Immobilienwirtschaft an der Fakult\u00e4t f\u00fcr Management an der Wirtschaftsuniversit\u00e4t Posen (2009).\u00a0Sie ist lizenzierte Immobilienmaklerin (seit 2011). Fachanwalt f\u00fcr Wirtschaftsrecht und die rechtliche Problematik der Immobilien (einschlie\u00dflich Raumordnungsplanung und -bewirtschaftung, Investitions- und Bauprozess, Immobilienhandel, Regulierung des Rechtsstatus von Immobilien und Reprivatisierungsanspr\u00fcche). Teilnehmerin zahlreicher Konferenzen im Bereich Wirtschaftsrecht und Raumordnungsplanung und -bewirtschaftung.<\/p>\n<p style=\"text-align: justify;\">Sie ist an der Universit\u00e4t f\u00fcr Naturwissenschaften Posen wissenschaftlich t\u00e4tig (seit\u00a02012). Sie lehrt Immobilienwirtschaft, Immobilien\u00f6konomie, Immobilienbewertung und Wirtschaftsrecht.<\/p>\n","protected":false},"excerpt":{"rendered":"<p>Absolventin der Fachrichtung Jura an der Fakult\u00e4t f\u00fcr Jura und Verwaltung an der Adam-Mickiewicz-Universit\u00e4t Posen (2002). Verfasserin der Magisterarbeit \u201eRechtslage des Steuerpflichtigen im Insolvenzverfahren\u201d. Die Magisterarbeit nahm den I. Platz im IX. Wettbewerb des Magazins \u201ePrzegl\u0105d Podatkowy\u201d f\u00fcr die beste Magisterarbeit \u00fcber steuerliche Fragen (2003) ein. Rechtsbeistand (seit 2007), Mitglied der Bezirkskammer der Rechtsbeist\u00e4nde in [&hellip;]<\/p>\n","protected":false},"author":1,"featured_media":29002,"parent":29479,"menu_order":233,"comment_status":"closed","ping_status":"closed","template":"team-member-template.php","meta":{"_monsterinsights_skip_tracking":false,"_monsterinsights_sitenote_active":false,"_monsterinsights_sitenote_note":"","_monsterinsights_sitenote_category":0,"footnotes":""},"class_list":["post-29481","page","type-page","status-publish","has-post-thumbnail","hentry"],"yoast_head":"<!-- This site is optimized with the Yoast SEO plugin v27.3 - https:\/\/yoast.com\/product\/yoast-seo-wordpress\/ -->\n<title>Izabela Pietrzak-Abucewicz - Henclewski &amp; Wyjatek<\/title>\n<meta name=\"robots\" content=\"index, follow, max-snippet:-1, max-image-preview:large, max-video-preview:-1\" \/>\n<link rel=\"canonical\" href=\"https:\/\/henclewskiwyjatek.pl\/de\/team\/spezialisten\/izabela-pietrzak-abucewicz\/\" \/>\n<meta property=\"og:locale\" content=\"de_DE\" \/>\n<meta property=\"og:type\" content=\"article\" \/>\n<meta property=\"og:title\" content=\"Izabela Pietrzak-Abucewicz - Henclewski &amp; Wyjatek\" \/>\n<meta property=\"og:description\" content=\"Absolventin der Fachrichtung Jura an der Fakult\u00e4t f\u00fcr Jura und Verwaltung an der Adam-Mickiewicz-Universit\u00e4t Posen (2002). Verfasserin der Magisterarbeit \u201eRechtslage des Steuerpflichtigen im Insolvenzverfahren\u201d. Die Magisterarbeit nahm den I. Platz im IX. Wettbewerb des Magazins \u201ePrzegl\u0105d Podatkowy\u201d f\u00fcr die beste Magisterarbeit \u00fcber steuerliche Fragen (2003) ein. Rechtsbeistand (seit 2007), Mitglied der Bezirkskammer der Rechtsbeist\u00e4nde in [&hellip;]\" \/>\n<meta property=\"og:url\" content=\"https:\/\/henclewskiwyjatek.pl\/de\/team\/spezialisten\/izabela-pietrzak-abucewicz\/\" \/>\n<meta property=\"og:site_name\" content=\"Henclewski &amp; Wyjatek\" \/>\n<meta property=\"article:publisher\" content=\"https:\/\/www.facebook.com\/profile.php?id=100087508418448\" \/>\n<meta property=\"article:modified_time\" content=\"2023-03-17T14:49:42+00:00\" \/>\n<meta property=\"og:image\" content=\"https:\/\/henclewskiwyjatek.pl\/wp-content\/uploads\/2019\/02\/zespol-1.png\" \/>\n\t<meta property=\"og:image:width\" content=\"1000\" \/>\n\t<meta property=\"og:image:height\" content=\"1247\" \/>\n\t<meta property=\"og:image:type\" content=\"image\/png\" \/>\n<meta name=\"twitter:card\" content=\"summary_large_image\" \/>\n<meta name=\"twitter:label1\" content=\"Gesch\u00e4tzte Lesezeit\" \/>\n\t<meta name=\"twitter:data1\" content=\"1\u00a0Minute\" \/>\n<script type=\"application\/ld+json\" class=\"yoast-schema-graph\">{\"@context\":\"https:\\\/\\\/schema.org\",\"@graph\":[{\"@type\":\"WebPage\",\"@id\":\"https:\\\/\\\/henclewskiwyjatek.pl\\\/de\\\/team\\\/spezialisten\\\/izabela-pietrzak-abucewicz\\\/\",\"url\":\"https:\\\/\\\/henclewskiwyjatek.pl\\\/de\\\/team\\\/spezialisten\\\/izabela-pietrzak-abucewicz\\\/\",\"name\":\"Izabela Pietrzak-Abucewicz - Henclewski &amp; Wyjatek\",\"isPartOf\":{\"@id\":\"https:\\\/\\\/henclewskiwyjatek.pl\\\/#website\"},\"primaryImageOfPage\":{\"@id\":\"https:\\\/\\\/henclewskiwyjatek.pl\\\/de\\\/team\\\/spezialisten\\\/izabela-pietrzak-abucewicz\\\/#primaryimage\"},\"image\":{\"@id\":\"https:\\\/\\\/henclewskiwyjatek.pl\\\/de\\\/team\\\/spezialisten\\\/izabela-pietrzak-abucewicz\\\/#primaryimage\"},\"thumbnailUrl\":\"https:\\\/\\\/henclewskiwyjatek.pl\\\/wp-content\\\/uploads\\\/2019\\\/02\\\/zespol-1.png\",\"datePublished\":\"2020-06-06T14:58:02+00:00\",\"dateModified\":\"2023-03-17T14:49:42+00:00\",\"breadcrumb\":{\"@id\":\"https:\\\/\\\/henclewskiwyjatek.pl\\\/de\\\/team\\\/spezialisten\\\/izabela-pietrzak-abucewicz\\\/#breadcrumb\"},\"inLanguage\":\"de\",\"potentialAction\":[{\"@type\":\"ReadAction\",\"target\":[\"https:\\\/\\\/henclewskiwyjatek.pl\\\/de\\\/team\\\/spezialisten\\\/izabela-pietrzak-abucewicz\\\/\"]}]},{\"@type\":\"ImageObject\",\"inLanguage\":\"de\",\"@id\":\"https:\\\/\\\/henclewskiwyjatek.pl\\\/de\\\/team\\\/spezialisten\\\/izabela-pietrzak-abucewicz\\\/#primaryimage\",\"url\":\"https:\\\/\\\/henclewskiwyjatek.pl\\\/wp-content\\\/uploads\\\/2019\\\/02\\\/zespol-1.png\",\"contentUrl\":\"https:\\\/\\\/henclewskiwyjatek.pl\\\/wp-content\\\/uploads\\\/2019\\\/02\\\/zespol-1.png\",\"width\":1000,\"height\":1247},{\"@type\":\"BreadcrumbList\",\"@id\":\"https:\\\/\\\/henclewskiwyjatek.pl\\\/de\\\/team\\\/spezialisten\\\/izabela-pietrzak-abucewicz\\\/#breadcrumb\",\"itemListElement\":[{\"@type\":\"ListItem\",\"position\":1,\"name\":\"Strona g\u0142\u00f3wna\",\"item\":\"https:\\\/\\\/henclewskiwyjatek.pl\\\/de\\\/\"},{\"@type\":\"ListItem\",\"position\":2,\"name\":\"Team\",\"item\":\"https:\\\/\\\/henclewskiwyjatek.pl\\\/de\\\/team\\\/\"},{\"@type\":\"ListItem\",\"position\":3,\"name\":\"Spezialisten\",\"item\":\"https:\\\/\\\/henclewskiwyjatek.pl\\\/de\\\/team\\\/spezialisten\\\/\"},{\"@type\":\"ListItem\",\"position\":4,\"name\":\"Izabela Pietrzak-Abucewicz\"}]},{\"@type\":\"WebSite\",\"@id\":\"https:\\\/\\\/henclewskiwyjatek.pl\\\/#website\",\"url\":\"https:\\\/\\\/henclewskiwyjatek.pl\\\/\",\"name\":\"Henclewski &amp; Wyjatek Kancelaria\",\"description\":\"Ihre Wirtschaftsanw\u00e4lte\",\"publisher\":{\"@id\":\"https:\\\/\\\/henclewskiwyjatek.pl\\\/#organization\"},\"potentialAction\":[{\"@type\":\"SearchAction\",\"target\":{\"@type\":\"EntryPoint\",\"urlTemplate\":\"https:\\\/\\\/henclewskiwyjatek.pl\\\/?s={search_term_string}\"},\"query-input\":{\"@type\":\"PropertyValueSpecification\",\"valueRequired\":true,\"valueName\":\"search_term_string\"}}],\"inLanguage\":\"de\"},{\"@type\":\"Organization\",\"@id\":\"https:\\\/\\\/henclewskiwyjatek.pl\\\/#organization\",\"name\":\"Henclewski &amp; Wyjatek Kancelaria\",\"url\":\"https:\\\/\\\/henclewskiwyjatek.pl\\\/\",\"logo\":{\"@type\":\"ImageObject\",\"inLanguage\":\"de\",\"@id\":\"https:\\\/\\\/henclewskiwyjatek.pl\\\/#\\\/schema\\\/logo\\\/image\\\/\",\"url\":\"https:\\\/\\\/henclewskiwyjatek.pl\\\/wp-content\\\/uploads\\\/2023\\\/06\\\/hw_logo.png\",\"contentUrl\":\"https:\\\/\\\/henclewskiwyjatek.pl\\\/wp-content\\\/uploads\\\/2023\\\/06\\\/hw_logo.png\",\"width\":479,\"height\":173,\"caption\":\"Henclewski &amp; Wyjatek Kancelaria\"},\"image\":{\"@id\":\"https:\\\/\\\/henclewskiwyjatek.pl\\\/#\\\/schema\\\/logo\\\/image\\\/\"},\"sameAs\":[\"https:\\\/\\\/www.facebook.com\\\/profile.php?id=100087508418448\",\"https:\\\/\\\/www.linkedin.com\\\/company\\\/38142911\\\/\"]}]}<\/script>\n<!-- \/ Yoast SEO plugin. -->","yoast_head_json":{"title":"Izabela Pietrzak-Abucewicz - Henclewski &amp; Wyjatek","robots":{"index":"index","follow":"follow","max-snippet":"max-snippet:-1","max-image-preview":"max-image-preview:large","max-video-preview":"max-video-preview:-1"},"canonical":"https:\/\/henclewskiwyjatek.pl\/de\/team\/spezialisten\/izabela-pietrzak-abucewicz\/","og_locale":"de_DE","og_type":"article","og_title":"Izabela Pietrzak-Abucewicz - Henclewski &amp; Wyjatek","og_description":"Absolventin der Fachrichtung Jura an der Fakult\u00e4t f\u00fcr Jura und Verwaltung an der Adam-Mickiewicz-Universit\u00e4t Posen (2002). Verfasserin der Magisterarbeit \u201eRechtslage des Steuerpflichtigen im Insolvenzverfahren\u201d. Die Magisterarbeit nahm den I. Platz im IX. Wettbewerb des Magazins \u201ePrzegl\u0105d Podatkowy\u201d f\u00fcr die beste Magisterarbeit \u00fcber steuerliche Fragen (2003) ein. Rechtsbeistand (seit 2007), Mitglied der Bezirkskammer der Rechtsbeist\u00e4nde in [&hellip;]","og_url":"https:\/\/henclewskiwyjatek.pl\/de\/team\/spezialisten\/izabela-pietrzak-abucewicz\/","og_site_name":"Henclewski &amp; Wyjatek","article_publisher":"https:\/\/www.facebook.com\/profile.php?id=100087508418448","article_modified_time":"2023-03-17T14:49:42+00:00","og_image":[{"width":1000,"height":1247,"url":"https:\/\/henclewskiwyjatek.pl\/wp-content\/uploads\/2019\/02\/zespol-1.png","type":"image\/png"}],"twitter_card":"summary_large_image","twitter_misc":{"Gesch\u00e4tzte Lesezeit":"1\u00a0Minute"},"schema":{"@context":"https:\/\/schema.org","@graph":[{"@type":"WebPage","@id":"https:\/\/henclewskiwyjatek.pl\/de\/team\/spezialisten\/izabela-pietrzak-abucewicz\/","url":"https:\/\/henclewskiwyjatek.pl\/de\/team\/spezialisten\/izabela-pietrzak-abucewicz\/","name":"Izabela Pietrzak-Abucewicz - Henclewski &amp; Wyjatek","isPartOf":{"@id":"https:\/\/henclewskiwyjatek.pl\/#website"},"primaryImageOfPage":{"@id":"https:\/\/henclewskiwyjatek.pl\/de\/team\/spezialisten\/izabela-pietrzak-abucewicz\/#primaryimage"},"image":{"@id":"https:\/\/henclewskiwyjatek.pl\/de\/team\/spezialisten\/izabela-pietrzak-abucewicz\/#primaryimage"},"thumbnailUrl":"https:\/\/henclewskiwyjatek.pl\/wp-content\/uploads\/2019\/02\/zespol-1.png","datePublished":"2020-06-06T14:58:02+00:00","dateModified":"2023-03-17T14:49:42+00:00","breadcrumb":{"@id":"https:\/\/henclewskiwyjatek.pl\/de\/team\/spezialisten\/izabela-pietrzak-abucewicz\/#breadcrumb"},"inLanguage":"de","potentialAction":[{"@type":"ReadAction","target":["https:\/\/henclewskiwyjatek.pl\/de\/team\/spezialisten\/izabela-pietrzak-abucewicz\/"]}]},{"@type":"ImageObject","inLanguage":"de","@id":"https:\/\/henclewskiwyjatek.pl\/de\/team\/spezialisten\/izabela-pietrzak-abucewicz\/#primaryimage","url":"https:\/\/henclewskiwyjatek.pl\/wp-content\/uploads\/2019\/02\/zespol-1.png","contentUrl":"https:\/\/henclewskiwyjatek.pl\/wp-content\/uploads\/2019\/02\/zespol-1.png","width":1000,"height":1247},{"@type":"BreadcrumbList","@id":"https:\/\/henclewskiwyjatek.pl\/de\/team\/spezialisten\/izabela-pietrzak-abucewicz\/#breadcrumb","itemListElement":[{"@type":"ListItem","position":1,"name":"Strona g\u0142\u00f3wna","item":"https:\/\/henclewskiwyjatek.pl\/de\/"},{"@type":"ListItem","position":2,"name":"Team","item":"https:\/\/henclewskiwyjatek.pl\/de\/team\/"},{"@type":"ListItem","position":3,"name":"Spezialisten","item":"https:\/\/henclewskiwyjatek.pl\/de\/team\/spezialisten\/"},{"@type":"ListItem","position":4,"name":"Izabela Pietrzak-Abucewicz"}]},{"@type":"WebSite","@id":"https:\/\/henclewskiwyjatek.pl\/#website","url":"https:\/\/henclewskiwyjatek.pl\/","name":"Henclewski &amp; Wyjatek Kancelaria","description":"Ihre Wirtschaftsanw\u00e4lte","publisher":{"@id":"https:\/\/henclewskiwyjatek.pl\/#organization"},"potentialAction":[{"@type":"SearchAction","target":{"@type":"EntryPoint","urlTemplate":"https:\/\/henclewskiwyjatek.pl\/?s={search_term_string}"},"query-input":{"@type":"PropertyValueSpecification","valueRequired":true,"valueName":"search_term_string"}}],"inLanguage":"de"},{"@type":"Organization","@id":"https:\/\/henclewskiwyjatek.pl\/#organization","name":"Henclewski &amp; Wyjatek Kancelaria","url":"https:\/\/henclewskiwyjatek.pl\/","logo":{"@type":"ImageObject","inLanguage":"de","@id":"https:\/\/henclewskiwyjatek.pl\/#\/schema\/logo\/image\/","url":"https:\/\/henclewskiwyjatek.pl\/wp-content\/uploads\/2023\/06\/hw_logo.png","contentUrl":"https:\/\/henclewskiwyjatek.pl\/wp-content\/uploads\/2023\/06\/hw_logo.png","width":479,"height":173,"caption":"Henclewski &amp; Wyjatek Kancelaria"},"image":{"@id":"https:\/\/henclewskiwyjatek.pl\/#\/schema\/logo\/image\/"},"sameAs":["https:\/\/www.facebook.com\/profile.php?id=100087508418448","https:\/\/www.linkedin.com\/company\/38142911\/"]}]}},"_links":{"self":[{"href":"https:\/\/henclewskiwyjatek.pl\/de\/wp-json\/wp\/v2\/pages\/29481","targetHints":{"allow":["GET"]}}],"collection":[{"href":"https:\/\/henclewskiwyjatek.pl\/de\/wp-json\/wp\/v2\/pages"}],"about":[{"href":"https:\/\/henclewskiwyjatek.pl\/de\/wp-json\/wp\/v2\/types\/page"}],"author":[{"embeddable":true,"href":"https:\/\/henclewskiwyjatek.pl\/de\/wp-json\/wp\/v2\/users\/1"}],"replies":[{"embeddable":true,"href":"https:\/\/henclewskiwyjatek.pl\/de\/wp-json\/wp\/v2\/comments?post=29481"}],"version-history":[{"count":6,"href":"https:\/\/henclewskiwyjatek.pl\/de\/wp-json\/wp\/v2\/pages\/29481\/revisions"}],"predecessor-version":[{"id":30176,"href":"https:\/\/henclewskiwyjatek.pl\/de\/wp-json\/wp\/v2\/pages\/29481\/revisions\/30176"}],"up":[{"embeddable":true,"href":"https:\/\/henclewskiwyjatek.pl\/de\/wp-json\/wp\/v2\/pages\/29479"}],"wp:featuredmedia":[{"embeddable":true,"href":"https:\/\/henclewskiwyjatek.pl\/de\/wp-json\/wp\/v2\/media\/29002"}],"wp:attachment":[{"href":"https:\/\/henclewskiwyjatek.pl\/de\/wp-json\/wp\/v2\/media?parent=29481"}],"curies":[{"name":"wp","href":"https:\/\/api.w.org\/{rel}","templated":true}]}}