{"id":29509,"date":"2020-06-06T15:49:05","date_gmt":"2020-06-06T15:49:05","guid":{"rendered":"https:\/\/henclewskiwyjatek.pl\/?page_id=29509"},"modified":"2020-06-06T15:50:07","modified_gmt":"2020-06-06T15:50:07","slug":"datenschutzinformation-nach-dsgvo","status":"publish","type":"page","link":"https:\/\/henclewskiwyjatek.pl\/de\/datenschutzinformation-nach-dsgvo\/","title":{"rendered":"Datenschutzinformation nach DSGVO"},"content":{"rendered":"<p>Gem\u00e4\u00df den Vorgaben von Art. 13 Verordnung (EU) 2016\/679 des Europ\u00e4ischen Parlaments und des Rates vom 27. April 2016 zum Schutz nat\u00fcrlicher Personen bei der Verarbeitung personenbezogener Daten, zum freien Datenverkehr und zur Aufhebung der Richtlinie 95\/46\/EG (DSGVO) informieren wir Sie hiermit, dass:<\/p>\n<p>die Verantwortlichen f\u00fcr Ihre personenbezogenen Daten d.h. Rechtstr\u00e4ger, die gemeinsam \u00fcber die Zwecke und Mittel der Verarbeitung von personenbezogenen Daten entscheiden, sind:<\/p>\n<p>1) Tomasz Henclewski, der seine Gesch\u00e4ftst\u00e4tigkeit unter der Firma Tomasz Henclewski Kancelaria Adwokacka\u00a0mit Sitz in Pozna\u0144 (61-104),\u00a0 ul.\u00a0Chwaliszewo 72\/7 betreibt<\/p>\n<p>und<\/p>\n<p>2) Wojciech Wyjatek, der seine Gesch\u00e4ftst\u00e4tigkeit unter der Firma Kancelaria Adwokacka &#8211; Adwokat Wojciech Wyjatek\u00a0mit Sitz in Pozna\u0144 (61-104),\u00a0ul. Chwaliszewo 72\/7 betreibt,<\/p>\n<p>die gemeinsam als Gesellschaft b\u00fcrgerlichen Rechts Kancelaria Adwokacka Tomasz Henclewski, Wojciech Wyjatek Adwokaci s.c. t\u00e4tig sind\u00a0(hiernach Verantwortlicher).<\/p>\n<p>Die Verantwortlichen verarbeiten Ihre Daten, um einen Rechtsberatungsvertrag abzuschlie\u00dfen und durchzuf\u00fchren, um den aus gesetzlichen Vorschriften (z.B. Steuer-, Buchhaltungs- und Verwaltungsvorschriften) resultierenden Pflichten nachzugehen und um eventuelle Anspr\u00fcche festzustellen, geltend zu machen bzw. sie abzuwehren.<\/p>\n<p>&nbsp;<\/p>\n<p>F\u00fcr die oben genannten Zwecke ist ihre Einwilligung nicht erforderlich, da die Verarbeitung f\u00fcr die Erf\u00fcllung eines Vertrags (Rechtsgrundlage: Art. 6 Abs. 1 Buchst. b DSGVO) bzw. zur Erf\u00fcllung einer rechtlichen Verpflichtung (Rechtsgrundlage: Art. 6 Abs. 1 Buchst. c DSGVO) sowie zur Feststellung, Geltendmachung der Anspr\u00fcche bzw. zwecks Abwehr vor ihnen, was als berechtigtes Interesse des Verantwortlichen gilt (Rechtsgrundlage: Art. 6 Abs. 1 Buchst. f DSGVO) erforderlich ist.<\/p>\n<p>Die Angabe Ihrer personenbezogenen Daten ist freiwillig, jedoch f\u00fcr den Abschluss des Vertrags, seine Ausf\u00fchrung und die Erf\u00fcllung der dem Verantwortlichen im Zusammenhang mit seiner Ausf\u00fchrung auferlegten Pflichten erforderlich.<\/p>\n<p>&nbsp;<\/p>\n<p>F\u00fcr die vorstehend genannten Zwecke k\u00f6nnen personenbezogene Daten an folgende Empf\u00e4ngergruppen \u00fcbermittelt werden: Banken und Beh\u00f6rden. Die Daten k\u00f6nnen auch den im Auftrag der Verantwortlichen handelnden Subjekten, wie Rechtsanw\u00e4lten und Rechtsbeist\u00e4nden sowie Rechtsreferendaren in diesen Berufen, Steuerberatern und anderen Juristen, sowie Dienstleistern zur Erbringung der mit der Funktionsweise der Kanzlei verbundener Leistungen (IT-Service, Post- und Kurierdienste, Buchhaltung, Unterlagenverwaltung) zur Verf\u00fcgung gestellt werden.<\/p>\n<p>&nbsp;<\/p>\n<p>Im Zusammenhang mit der Verarbeitung Ihrer personenbezogener Daten stehen Ihnen folgende Rechte zu:<\/p>\n<p>Recht auf Zugang zu Ihren personenbezogenen Daten, die vom Verantwortlichen verarbeitet werden, Recht auf Erlangung der Informationen \u00fcber die Herkunft dieser Daten, den Zweck ihrer Verarbeitung sowie \u00fcber ihre Empf\u00e4nger, darunter auch Auftragsverarbeiter,<\/p>\n<p>Recht auf Berichtigung, L\u00f6schung der Daten aus der Datensammlung des Verantwortlichen sobald diese f\u00fcr die oben genannten Zwecke nicht mehr gebraucht werden und die Zeit, in der der Verantwortliche zu ihrer Aufbewahrung verpflichtet ist, abgelaufen ist, Recht auf Einschr\u00e4nkung der Datenverarbeitung, Erlangung der Kopie Ihrer Daten in einem allgemein anwendbaren Format sowie das Recht, die personenbezogenen Daten an einen anderen Verantwortlichen zu \u00fcbermitteln (Recht auf Daten\u00fcbertragbarkeit); erfolgt die Verarbeitung auf Grundlage der Einwilligung, steht Ihnen das Recht zu, diese jederzeit zu widerrufen. Durch den Widerruf der Einwilligung wird die Rechtm\u00e4\u00dfigkeit der aufgrund der Einwilligung bis zum Widerruf erfolgten Verarbeitung nicht ber\u00fchrt.<\/p>\n<p>Zur Aus\u00fcbung Ihrer oben angef\u00fchrten Rechte bitten wir um Kontakt mit dem Verantwortlichen unter der E-Mail: biuro@henclewskiwyjatek.pl<\/p>\n<p>Beim vermeintlichen Versto\u00df des Verantwortlichen bzw. in seinem Namen handelnder Personen gegen Datenschutzvorschriften steht Ihnen das Recht zu, beim Vorsitzenden des Amtes f\u00fcr den Schutz personenbezogener Daten eine Beschwerde zu erheben (Prezes Urz\u0119du Ochrony Danych Osobowych, ul.\u00a0Stawki 2, 00-193 Warszawa).<\/p>\n<p>Die Verantwortlichen bewahren Ihre personenbezogene Daten gem\u00e4\u00df \u00a7 5 Ziff. 2 der Regeln der Aus\u00fcbung des Berufs eines Rechtsanwalts in einer individuellen Anwaltskanzlei bzw. in Gesellschaften, d.h. Daten, die mit der Beratung in einer Rechtssache verbunden sind, ein Jahr nach der Auftragserf\u00fcllung auf. Unterlagen, die eine Grundlage der Rechtsanwaltshaftung darstellen k\u00f6nnen, werden allerdings bis zum Ablauf der Verj\u00e4hrungsfrist eventueller Anspr\u00fcche gegen die Verantwortlichen aufbewahrt.<\/p>\n","protected":false},"excerpt":{"rendered":"<p>Gem\u00e4\u00df den Vorgaben von Art. 13 Verordnung (EU) 2016\/679 des Europ\u00e4ischen Parlaments und des Rates vom 27. April 2016 zum Schutz nat\u00fcrlicher Personen bei der Verarbeitung personenbezogener Daten, zum freien Datenverkehr und zur Aufhebung der Richtlinie 95\/46\/EG (DSGVO) informieren wir Sie hiermit, dass: die Verantwortlichen f\u00fcr Ihre personenbezogenen Daten d.h. Rechtstr\u00e4ger, die gemeinsam \u00fcber die [&hellip;]<\/p>\n","protected":false},"author":3,"featured_media":0,"parent":0,"menu_order":19,"comment_status":"closed","ping_status":"closed","template":"","meta":{"_monsterinsights_skip_tracking":false,"_monsterinsights_sitenote_active":false,"_monsterinsights_sitenote_note":"","_monsterinsights_sitenote_category":0,"footnotes":""},"class_list":["post-29509","page","type-page","status-publish","hentry"],"yoast_head":"<!-- This site is optimized with the Yoast SEO plugin v27.3 - https:\/\/yoast.com\/product\/yoast-seo-wordpress\/ -->\n<title>Datenschutzinformation nach DSGVO - Henclewski &amp; Wyjatek<\/title>\n<meta name=\"robots\" content=\"index, follow, max-snippet:-1, max-image-preview:large, max-video-preview:-1\" \/>\n<link rel=\"canonical\" href=\"https:\/\/henclewskiwyjatek.pl\/klauzula-informacyjna-rodo\/\" \/>\n<meta property=\"og:locale\" content=\"de_DE\" \/>\n<meta property=\"og:type\" content=\"article\" \/>\n<meta property=\"og:title\" content=\"Datenschutzinformation nach DSGVO - Henclewski &amp; Wyjatek\" \/>\n<meta property=\"og:description\" content=\"Gem\u00e4\u00df den Vorgaben von Art. 13 Verordnung (EU) 2016\/679 des Europ\u00e4ischen Parlaments und des Rates vom 27. April 2016 zum Schutz nat\u00fcrlicher Personen bei der Verarbeitung personenbezogener Daten, zum freien Datenverkehr und zur Aufhebung der Richtlinie 95\/46\/EG (DSGVO) informieren wir Sie hiermit, dass: die Verantwortlichen f\u00fcr Ihre personenbezogenen Daten d.h. Rechtstr\u00e4ger, die gemeinsam \u00fcber die [&hellip;]\" \/>\n<meta property=\"og:url\" content=\"https:\/\/henclewskiwyjatek.pl\/klauzula-informacyjna-rodo\/\" \/>\n<meta property=\"og:site_name\" content=\"Henclewski &amp; Wyjatek\" \/>\n<meta property=\"article:publisher\" content=\"https:\/\/www.facebook.com\/profile.php?id=100087508418448\" \/>\n<meta property=\"article:modified_time\" content=\"2020-06-06T15:50:07+00:00\" \/>\n<meta name=\"twitter:card\" content=\"summary_large_image\" \/>\n<meta name=\"twitter:label1\" content=\"Gesch\u00e4tzte Lesezeit\" \/>\n\t<meta name=\"twitter:data1\" content=\"3\u00a0Minuten\" \/>\n<script type=\"application\/ld+json\" class=\"yoast-schema-graph\">{\"@context\":\"https:\\\/\\\/schema.org\",\"@graph\":[{\"@type\":\"WebPage\",\"@id\":\"https:\\\/\\\/henclewskiwyjatek.pl\\\/klauzula-informacyjna-rodo\\\/\",\"url\":\"https:\\\/\\\/henclewskiwyjatek.pl\\\/klauzula-informacyjna-rodo\\\/\",\"name\":\"Datenschutzinformation nach DSGVO - Henclewski &amp; Wyjatek\",\"isPartOf\":{\"@id\":\"https:\\\/\\\/henclewskiwyjatek.pl\\\/#website\"},\"datePublished\":\"2020-06-06T15:49:05+00:00\",\"dateModified\":\"2020-06-06T15:50:07+00:00\",\"breadcrumb\":{\"@id\":\"https:\\\/\\\/henclewskiwyjatek.pl\\\/klauzula-informacyjna-rodo\\\/#breadcrumb\"},\"inLanguage\":\"de\",\"potentialAction\":[{\"@type\":\"ReadAction\",\"target\":[\"https:\\\/\\\/henclewskiwyjatek.pl\\\/klauzula-informacyjna-rodo\\\/\"]}]},{\"@type\":\"BreadcrumbList\",\"@id\":\"https:\\\/\\\/henclewskiwyjatek.pl\\\/klauzula-informacyjna-rodo\\\/#breadcrumb\",\"itemListElement\":[{\"@type\":\"ListItem\",\"position\":1,\"name\":\"Strona g\u0142\u00f3wna\",\"item\":\"https:\\\/\\\/henclewskiwyjatek.pl\\\/de\\\/\"},{\"@type\":\"ListItem\",\"position\":2,\"name\":\"Datenschutzinformation nach DSGVO\"}]},{\"@type\":\"WebSite\",\"@id\":\"https:\\\/\\\/henclewskiwyjatek.pl\\\/#website\",\"url\":\"https:\\\/\\\/henclewskiwyjatek.pl\\\/\",\"name\":\"Henclewski &amp; Wyjatek Kancelaria\",\"description\":\"Ihre Wirtschaftsanw\u00e4lte\",\"publisher\":{\"@id\":\"https:\\\/\\\/henclewskiwyjatek.pl\\\/#organization\"},\"potentialAction\":[{\"@type\":\"SearchAction\",\"target\":{\"@type\":\"EntryPoint\",\"urlTemplate\":\"https:\\\/\\\/henclewskiwyjatek.pl\\\/?s={search_term_string}\"},\"query-input\":{\"@type\":\"PropertyValueSpecification\",\"valueRequired\":true,\"valueName\":\"search_term_string\"}}],\"inLanguage\":\"de\"},{\"@type\":\"Organization\",\"@id\":\"https:\\\/\\\/henclewskiwyjatek.pl\\\/#organization\",\"name\":\"Henclewski &amp; Wyjatek Kancelaria\",\"url\":\"https:\\\/\\\/henclewskiwyjatek.pl\\\/\",\"logo\":{\"@type\":\"ImageObject\",\"inLanguage\":\"de\",\"@id\":\"https:\\\/\\\/henclewskiwyjatek.pl\\\/#\\\/schema\\\/logo\\\/image\\\/\",\"url\":\"https:\\\/\\\/henclewskiwyjatek.pl\\\/wp-content\\\/uploads\\\/2023\\\/06\\\/hw_logo.png\",\"contentUrl\":\"https:\\\/\\\/henclewskiwyjatek.pl\\\/wp-content\\\/uploads\\\/2023\\\/06\\\/hw_logo.png\",\"width\":479,\"height\":173,\"caption\":\"Henclewski &amp; Wyjatek Kancelaria\"},\"image\":{\"@id\":\"https:\\\/\\\/henclewskiwyjatek.pl\\\/#\\\/schema\\\/logo\\\/image\\\/\"},\"sameAs\":[\"https:\\\/\\\/www.facebook.com\\\/profile.php?id=100087508418448\",\"https:\\\/\\\/www.linkedin.com\\\/company\\\/38142911\\\/\"]}]}<\/script>\n<!-- \/ Yoast SEO plugin. -->","yoast_head_json":{"title":"Datenschutzinformation nach DSGVO - Henclewski &amp; Wyjatek","robots":{"index":"index","follow":"follow","max-snippet":"max-snippet:-1","max-image-preview":"max-image-preview:large","max-video-preview":"max-video-preview:-1"},"canonical":"https:\/\/henclewskiwyjatek.pl\/klauzula-informacyjna-rodo\/","og_locale":"de_DE","og_type":"article","og_title":"Datenschutzinformation nach DSGVO - Henclewski &amp; Wyjatek","og_description":"Gem\u00e4\u00df den Vorgaben von Art. 13 Verordnung (EU) 2016\/679 des Europ\u00e4ischen Parlaments und des Rates vom 27. April 2016 zum Schutz nat\u00fcrlicher Personen bei der Verarbeitung personenbezogener Daten, zum freien Datenverkehr und zur Aufhebung der Richtlinie 95\/46\/EG (DSGVO) informieren wir Sie hiermit, dass: die Verantwortlichen f\u00fcr Ihre personenbezogenen Daten d.h. Rechtstr\u00e4ger, die gemeinsam \u00fcber die [&hellip;]","og_url":"https:\/\/henclewskiwyjatek.pl\/klauzula-informacyjna-rodo\/","og_site_name":"Henclewski &amp; Wyjatek","article_publisher":"https:\/\/www.facebook.com\/profile.php?id=100087508418448","article_modified_time":"2020-06-06T15:50:07+00:00","twitter_card":"summary_large_image","twitter_misc":{"Gesch\u00e4tzte Lesezeit":"3\u00a0Minuten"},"schema":{"@context":"https:\/\/schema.org","@graph":[{"@type":"WebPage","@id":"https:\/\/henclewskiwyjatek.pl\/klauzula-informacyjna-rodo\/","url":"https:\/\/henclewskiwyjatek.pl\/klauzula-informacyjna-rodo\/","name":"Datenschutzinformation nach DSGVO - Henclewski &amp; Wyjatek","isPartOf":{"@id":"https:\/\/henclewskiwyjatek.pl\/#website"},"datePublished":"2020-06-06T15:49:05+00:00","dateModified":"2020-06-06T15:50:07+00:00","breadcrumb":{"@id":"https:\/\/henclewskiwyjatek.pl\/klauzula-informacyjna-rodo\/#breadcrumb"},"inLanguage":"de","potentialAction":[{"@type":"ReadAction","target":["https:\/\/henclewskiwyjatek.pl\/klauzula-informacyjna-rodo\/"]}]},{"@type":"BreadcrumbList","@id":"https:\/\/henclewskiwyjatek.pl\/klauzula-informacyjna-rodo\/#breadcrumb","itemListElement":[{"@type":"ListItem","position":1,"name":"Strona g\u0142\u00f3wna","item":"https:\/\/henclewskiwyjatek.pl\/de\/"},{"@type":"ListItem","position":2,"name":"Datenschutzinformation nach DSGVO"}]},{"@type":"WebSite","@id":"https:\/\/henclewskiwyjatek.pl\/#website","url":"https:\/\/henclewskiwyjatek.pl\/","name":"Henclewski &amp; Wyjatek Kancelaria","description":"Ihre Wirtschaftsanw\u00e4lte","publisher":{"@id":"https:\/\/henclewskiwyjatek.pl\/#organization"},"potentialAction":[{"@type":"SearchAction","target":{"@type":"EntryPoint","urlTemplate":"https:\/\/henclewskiwyjatek.pl\/?s={search_term_string}"},"query-input":{"@type":"PropertyValueSpecification","valueRequired":true,"valueName":"search_term_string"}}],"inLanguage":"de"},{"@type":"Organization","@id":"https:\/\/henclewskiwyjatek.pl\/#organization","name":"Henclewski &amp; Wyjatek Kancelaria","url":"https:\/\/henclewskiwyjatek.pl\/","logo":{"@type":"ImageObject","inLanguage":"de","@id":"https:\/\/henclewskiwyjatek.pl\/#\/schema\/logo\/image\/","url":"https:\/\/henclewskiwyjatek.pl\/wp-content\/uploads\/2023\/06\/hw_logo.png","contentUrl":"https:\/\/henclewskiwyjatek.pl\/wp-content\/uploads\/2023\/06\/hw_logo.png","width":479,"height":173,"caption":"Henclewski &amp; Wyjatek Kancelaria"},"image":{"@id":"https:\/\/henclewskiwyjatek.pl\/#\/schema\/logo\/image\/"},"sameAs":["https:\/\/www.facebook.com\/profile.php?id=100087508418448","https:\/\/www.linkedin.com\/company\/38142911\/"]}]}},"_links":{"self":[{"href":"https:\/\/henclewskiwyjatek.pl\/de\/wp-json\/wp\/v2\/pages\/29509","targetHints":{"allow":["GET"]}}],"collection":[{"href":"https:\/\/henclewskiwyjatek.pl\/de\/wp-json\/wp\/v2\/pages"}],"about":[{"href":"https:\/\/henclewskiwyjatek.pl\/de\/wp-json\/wp\/v2\/types\/page"}],"author":[{"embeddable":true,"href":"https:\/\/henclewskiwyjatek.pl\/de\/wp-json\/wp\/v2\/users\/3"}],"replies":[{"embeddable":true,"href":"https:\/\/henclewskiwyjatek.pl\/de\/wp-json\/wp\/v2\/comments?post=29509"}],"version-history":[{"count":2,"href":"https:\/\/henclewskiwyjatek.pl\/de\/wp-json\/wp\/v2\/pages\/29509\/revisions"}],"predecessor-version":[{"id":29511,"href":"https:\/\/henclewskiwyjatek.pl\/de\/wp-json\/wp\/v2\/pages\/29509\/revisions\/29511"}],"wp:attachment":[{"href":"https:\/\/henclewskiwyjatek.pl\/de\/wp-json\/wp\/v2\/media?parent=29509"}],"curies":[{"name":"wp","href":"https:\/\/api.w.org\/{rel}","templated":true}]}}