{"id":29512,"date":"2020-06-06T15:52:36","date_gmt":"2020-06-06T15:52:36","guid":{"rendered":"https:\/\/henclewskiwyjatek.pl\/?page_id=29512"},"modified":"2025-10-24T09:53:03","modified_gmt":"2025-10-24T09:53:03","slug":"wer-sind-wir","status":"publish","type":"page","link":"https:\/\/henclewskiwyjatek.pl\/de\/wer-sind-wir\/","title":{"rendered":"Wer sind wir"},"content":{"rendered":"<div class=\"vc_col-sm-4 wpb_column column_container \">\n<div class=\"mk-text-block \" style=\"text-align: justify;\">Die Rechtanwaltskanzlei Henclewski &amp; Wyjatek entstand im Jahr 2010. Diese Zeit erlaubte es uns, die notwendige Erfahrung zu sammeln, um die Rechtsangelegenheiten unserer Mandanten zu f\u00fchren. Uns zeichnen die F\u00e4higkeiten und Kompetenzen aus, die bei der Erbringung von Rechtsdienstleistungen f\u00fcr Unternehmen besonders wichtig sind &#8211; wir sind f\u00fcr unsere Mandanten und die von uns bearbeiteten F\u00e4lle, uneingeschr\u00e4nkt verf\u00fcgbar. Wir reagieren schnell und verfolgen laufende Ver\u00e4nderungen im Wirtschaftsrecht, wir haben den Mut, nicht standardm\u00e4\u00dfig zu handeln, und verfolgen konsequent unsere Ziele. Und nicht zuletzt &#8211; <strong> wir k\u00fcmmern uns wirklich.<\/strong>\u00a0Wir verbessern st\u00e4ndig unsere Qualifikationen, sowohl von praktischer als auch von theoretischer Seite.<\/div>\n<div><\/div>\n<\/div>\n","protected":false},"excerpt":{"rendered":"<p>Die Rechtanwaltskanzlei Henclewski &amp; Wyjatek entstand im Jahr 2010. Diese Zeit erlaubte es uns, die notwendige Erfahrung zu sammeln, um die Rechtsangelegenheiten unserer Mandanten zu f\u00fchren. Uns zeichnen die F\u00e4higkeiten und Kompetenzen aus, die bei der Erbringung von Rechtsdienstleistungen f\u00fcr Unternehmen besonders wichtig sind &#8211; wir sind f\u00fcr unsere Mandanten und die von uns bearbeiteten [&hellip;]<\/p>\n","protected":false},"author":3,"featured_media":0,"parent":0,"menu_order":18,"comment_status":"closed","ping_status":"closed","template":"about-template.php","meta":{"_monsterinsights_skip_tracking":false,"_monsterinsights_sitenote_active":false,"_monsterinsights_sitenote_note":"","_monsterinsights_sitenote_category":0,"footnotes":""},"class_list":["post-29512","page","type-page","status-publish","hentry"],"yoast_head":"<!-- This site is optimized with the Yoast SEO plugin v27.3 - https:\/\/yoast.com\/product\/yoast-seo-wordpress\/ -->\n<title>Wer sind wir - Henclewski &amp; Wyjatek<\/title>\n<meta name=\"robots\" content=\"index, follow, max-snippet:-1, max-image-preview:large, max-video-preview:-1\" \/>\n<link rel=\"canonical\" href=\"https:\/\/henclewskiwyjatek.pl\/de\/wer-sind-wir\/\" \/>\n<meta property=\"og:locale\" content=\"de_DE\" \/>\n<meta property=\"og:type\" content=\"article\" \/>\n<meta property=\"og:title\" content=\"Wer sind wir - Henclewski &amp; Wyjatek\" \/>\n<meta property=\"og:description\" content=\"Die Rechtanwaltskanzlei Henclewski &amp; Wyjatek entstand im Jahr 2010. Diese Zeit erlaubte es uns, die notwendige Erfahrung zu sammeln, um die Rechtsangelegenheiten unserer Mandanten zu f\u00fchren. Uns zeichnen die F\u00e4higkeiten und Kompetenzen aus, die bei der Erbringung von Rechtsdienstleistungen f\u00fcr Unternehmen besonders wichtig sind &#8211; wir sind f\u00fcr unsere Mandanten und die von uns bearbeiteten [&hellip;]\" \/>\n<meta property=\"og:url\" content=\"https:\/\/henclewskiwyjatek.pl\/de\/wer-sind-wir\/\" \/>\n<meta property=\"og:site_name\" content=\"Henclewski &amp; Wyjatek\" \/>\n<meta property=\"article:publisher\" content=\"https:\/\/www.facebook.com\/profile.php?id=100087508418448\" \/>\n<meta property=\"article:modified_time\" content=\"2025-10-24T09:53:03+00:00\" \/>\n<meta name=\"twitter:card\" content=\"summary_large_image\" \/>\n<meta name=\"twitter:label1\" content=\"Gesch\u00e4tzte Lesezeit\" \/>\n\t<meta name=\"twitter:data1\" content=\"1\u00a0Minute\" \/>\n<script type=\"application\/ld+json\" class=\"yoast-schema-graph\">{\"@context\":\"https:\\\/\\\/schema.org\",\"@graph\":[{\"@type\":\"WebPage\",\"@id\":\"https:\\\/\\\/henclewskiwyjatek.pl\\\/de\\\/wer-sind-wir\\\/\",\"url\":\"https:\\\/\\\/henclewskiwyjatek.pl\\\/de\\\/wer-sind-wir\\\/\",\"name\":\"Wer sind wir - Henclewski &amp; Wyjatek\",\"isPartOf\":{\"@id\":\"https:\\\/\\\/henclewskiwyjatek.pl\\\/#website\"},\"datePublished\":\"2020-06-06T15:52:36+00:00\",\"dateModified\":\"2025-10-24T09:53:03+00:00\",\"breadcrumb\":{\"@id\":\"https:\\\/\\\/henclewskiwyjatek.pl\\\/de\\\/wer-sind-wir\\\/#breadcrumb\"},\"inLanguage\":\"de\",\"potentialAction\":[{\"@type\":\"ReadAction\",\"target\":[\"https:\\\/\\\/henclewskiwyjatek.pl\\\/de\\\/wer-sind-wir\\\/\"]}]},{\"@type\":\"BreadcrumbList\",\"@id\":\"https:\\\/\\\/henclewskiwyjatek.pl\\\/de\\\/wer-sind-wir\\\/#breadcrumb\",\"itemListElement\":[{\"@type\":\"ListItem\",\"position\":1,\"name\":\"Strona g\u0142\u00f3wna\",\"item\":\"https:\\\/\\\/henclewskiwyjatek.pl\\\/de\\\/\"},{\"@type\":\"ListItem\",\"position\":2,\"name\":\"Wer sind wir\"}]},{\"@type\":\"WebSite\",\"@id\":\"https:\\\/\\\/henclewskiwyjatek.pl\\\/#website\",\"url\":\"https:\\\/\\\/henclewskiwyjatek.pl\\\/\",\"name\":\"Henclewski &amp; Wyjatek Kancelaria\",\"description\":\"Ihre Wirtschaftsanw\u00e4lte\",\"publisher\":{\"@id\":\"https:\\\/\\\/henclewskiwyjatek.pl\\\/#organization\"},\"potentialAction\":[{\"@type\":\"SearchAction\",\"target\":{\"@type\":\"EntryPoint\",\"urlTemplate\":\"https:\\\/\\\/henclewskiwyjatek.pl\\\/?s={search_term_string}\"},\"query-input\":{\"@type\":\"PropertyValueSpecification\",\"valueRequired\":true,\"valueName\":\"search_term_string\"}}],\"inLanguage\":\"de\"},{\"@type\":\"Organization\",\"@id\":\"https:\\\/\\\/henclewskiwyjatek.pl\\\/#organization\",\"name\":\"Henclewski &amp; Wyjatek Kancelaria\",\"url\":\"https:\\\/\\\/henclewskiwyjatek.pl\\\/\",\"logo\":{\"@type\":\"ImageObject\",\"inLanguage\":\"de\",\"@id\":\"https:\\\/\\\/henclewskiwyjatek.pl\\\/#\\\/schema\\\/logo\\\/image\\\/\",\"url\":\"https:\\\/\\\/henclewskiwyjatek.pl\\\/wp-content\\\/uploads\\\/2023\\\/06\\\/hw_logo.png\",\"contentUrl\":\"https:\\\/\\\/henclewskiwyjatek.pl\\\/wp-content\\\/uploads\\\/2023\\\/06\\\/hw_logo.png\",\"width\":479,\"height\":173,\"caption\":\"Henclewski &amp; Wyjatek Kancelaria\"},\"image\":{\"@id\":\"https:\\\/\\\/henclewskiwyjatek.pl\\\/#\\\/schema\\\/logo\\\/image\\\/\"},\"sameAs\":[\"https:\\\/\\\/www.facebook.com\\\/profile.php?id=100087508418448\",\"https:\\\/\\\/www.linkedin.com\\\/company\\\/38142911\\\/\"]}]}<\/script>\n<!-- \/ Yoast SEO plugin. -->","yoast_head_json":{"title":"Wer sind wir - Henclewski &amp; Wyjatek","robots":{"index":"index","follow":"follow","max-snippet":"max-snippet:-1","max-image-preview":"max-image-preview:large","max-video-preview":"max-video-preview:-1"},"canonical":"https:\/\/henclewskiwyjatek.pl\/de\/wer-sind-wir\/","og_locale":"de_DE","og_type":"article","og_title":"Wer sind wir - Henclewski &amp; Wyjatek","og_description":"Die Rechtanwaltskanzlei Henclewski &amp; Wyjatek entstand im Jahr 2010. Diese Zeit erlaubte es uns, die notwendige Erfahrung zu sammeln, um die Rechtsangelegenheiten unserer Mandanten zu f\u00fchren. Uns zeichnen die F\u00e4higkeiten und Kompetenzen aus, die bei der Erbringung von Rechtsdienstleistungen f\u00fcr Unternehmen besonders wichtig sind &#8211; wir sind f\u00fcr unsere Mandanten und die von uns bearbeiteten [&hellip;]","og_url":"https:\/\/henclewskiwyjatek.pl\/de\/wer-sind-wir\/","og_site_name":"Henclewski &amp; Wyjatek","article_publisher":"https:\/\/www.facebook.com\/profile.php?id=100087508418448","article_modified_time":"2025-10-24T09:53:03+00:00","twitter_card":"summary_large_image","twitter_misc":{"Gesch\u00e4tzte Lesezeit":"1\u00a0Minute"},"schema":{"@context":"https:\/\/schema.org","@graph":[{"@type":"WebPage","@id":"https:\/\/henclewskiwyjatek.pl\/de\/wer-sind-wir\/","url":"https:\/\/henclewskiwyjatek.pl\/de\/wer-sind-wir\/","name":"Wer sind wir - Henclewski &amp; Wyjatek","isPartOf":{"@id":"https:\/\/henclewskiwyjatek.pl\/#website"},"datePublished":"2020-06-06T15:52:36+00:00","dateModified":"2025-10-24T09:53:03+00:00","breadcrumb":{"@id":"https:\/\/henclewskiwyjatek.pl\/de\/wer-sind-wir\/#breadcrumb"},"inLanguage":"de","potentialAction":[{"@type":"ReadAction","target":["https:\/\/henclewskiwyjatek.pl\/de\/wer-sind-wir\/"]}]},{"@type":"BreadcrumbList","@id":"https:\/\/henclewskiwyjatek.pl\/de\/wer-sind-wir\/#breadcrumb","itemListElement":[{"@type":"ListItem","position":1,"name":"Strona g\u0142\u00f3wna","item":"https:\/\/henclewskiwyjatek.pl\/de\/"},{"@type":"ListItem","position":2,"name":"Wer sind wir"}]},{"@type":"WebSite","@id":"https:\/\/henclewskiwyjatek.pl\/#website","url":"https:\/\/henclewskiwyjatek.pl\/","name":"Henclewski &amp; Wyjatek Kancelaria","description":"Ihre Wirtschaftsanw\u00e4lte","publisher":{"@id":"https:\/\/henclewskiwyjatek.pl\/#organization"},"potentialAction":[{"@type":"SearchAction","target":{"@type":"EntryPoint","urlTemplate":"https:\/\/henclewskiwyjatek.pl\/?s={search_term_string}"},"query-input":{"@type":"PropertyValueSpecification","valueRequired":true,"valueName":"search_term_string"}}],"inLanguage":"de"},{"@type":"Organization","@id":"https:\/\/henclewskiwyjatek.pl\/#organization","name":"Henclewski &amp; Wyjatek Kancelaria","url":"https:\/\/henclewskiwyjatek.pl\/","logo":{"@type":"ImageObject","inLanguage":"de","@id":"https:\/\/henclewskiwyjatek.pl\/#\/schema\/logo\/image\/","url":"https:\/\/henclewskiwyjatek.pl\/wp-content\/uploads\/2023\/06\/hw_logo.png","contentUrl":"https:\/\/henclewskiwyjatek.pl\/wp-content\/uploads\/2023\/06\/hw_logo.png","width":479,"height":173,"caption":"Henclewski &amp; Wyjatek Kancelaria"},"image":{"@id":"https:\/\/henclewskiwyjatek.pl\/#\/schema\/logo\/image\/"},"sameAs":["https:\/\/www.facebook.com\/profile.php?id=100087508418448","https:\/\/www.linkedin.com\/company\/38142911\/"]}]}},"_links":{"self":[{"href":"https:\/\/henclewskiwyjatek.pl\/de\/wp-json\/wp\/v2\/pages\/29512","targetHints":{"allow":["GET"]}}],"collection":[{"href":"https:\/\/henclewskiwyjatek.pl\/de\/wp-json\/wp\/v2\/pages"}],"about":[{"href":"https:\/\/henclewskiwyjatek.pl\/de\/wp-json\/wp\/v2\/types\/page"}],"author":[{"embeddable":true,"href":"https:\/\/henclewskiwyjatek.pl\/de\/wp-json\/wp\/v2\/users\/3"}],"replies":[{"embeddable":true,"href":"https:\/\/henclewskiwyjatek.pl\/de\/wp-json\/wp\/v2\/comments?post=29512"}],"version-history":[{"count":6,"href":"https:\/\/henclewskiwyjatek.pl\/de\/wp-json\/wp\/v2\/pages\/29512\/revisions"}],"predecessor-version":[{"id":31254,"href":"https:\/\/henclewskiwyjatek.pl\/de\/wp-json\/wp\/v2\/pages\/29512\/revisions\/31254"}],"wp:attachment":[{"href":"https:\/\/henclewskiwyjatek.pl\/de\/wp-json\/wp\/v2\/media?parent=29512"}],"curies":[{"name":"wp","href":"https:\/\/api.w.org\/{rel}","templated":true}]}}