{"id":30728,"date":"2025-01-14T23:29:07","date_gmt":"2025-01-14T23:29:07","guid":{"rendered":"https:\/\/henclewskiwyjatek.pl\/team\/anwalte\/wiktoria-wzietek\/"},"modified":"2025-01-28T23:44:20","modified_gmt":"2025-01-28T23:44:20","slug":"wiktoria-wzietek","status":"publish","type":"page","link":"https:\/\/henclewskiwyjatek.pl\/de\/team\/anwalte\/wiktoria-wzietek\/","title":{"rendered":"Wiktoria Wzi\u0119tek"},"content":{"rendered":"\n<p style=\"text-align: justify;\">Absolventin der Rechtswissenschaften an der Fakult\u00e4t f\u00fcr Recht und Verwaltung der Nikolaus-Kopernikus-Universit\u00e4t in Toru\u0144. Seit 2024 macht sie ihre Anwaltsausbildung bei der Rechtsanwaltskammer Gro\u00dfpolen in Posen. <br \/>Ihr Interessensgebiet umfasst das weit gefasste Zivilrecht, insbesondere Streitigkeiten aus dem Bereich des Arbeitsrechts sowie des Handelsrechts. Sie spezialisiert sich in Rechtsdienstleistungen und Rechtshilfe f\u00fcr Unternehmer, gr\u00f6\u00dftenteils im Bereich der Durchsetzung von Forderungen in Gerichts- und Vollstreckungsverfahren.<\/p>\n","protected":false},"excerpt":{"rendered":"<p>Absolventin der Rechtswissenschaften an der Fakult\u00e4t f\u00fcr Recht und Verwaltung der Nikolaus-Kopernikus-Universit\u00e4t in Toru\u0144. Seit 2024 macht sie ihre Anwaltsausbildung bei der Rechtsanwaltskammer Gro\u00dfpolen in Posen. Ihr Interessensgebiet umfasst das weit gefasste Zivilrecht, insbesondere Streitigkeiten aus dem Bereich des Arbeitsrechts sowie des Handelsrechts. Sie spezialisiert sich in Rechtsdienstleistungen und Rechtshilfe f\u00fcr Unternehmer, gr\u00f6\u00dftenteils im Bereich [&hellip;]<\/p>\n","protected":false},"author":2,"featured_media":30792,"parent":29413,"menu_order":229,"comment_status":"closed","ping_status":"closed","template":"team-member-template.php","meta":{"_monsterinsights_skip_tracking":false,"_monsterinsights_sitenote_active":false,"_monsterinsights_sitenote_note":"","_monsterinsights_sitenote_category":0,"footnotes":""},"class_list":["post-30728","page","type-page","status-publish","has-post-thumbnail","hentry"],"yoast_head":"<!-- This site is optimized with the Yoast SEO plugin v27.3 - https:\/\/yoast.com\/product\/yoast-seo-wordpress\/ -->\n<title>Wiktoria Wzi\u0119tek - Henclewski &amp; Wyjatek<\/title>\n<meta name=\"robots\" content=\"index, follow, max-snippet:-1, max-image-preview:large, max-video-preview:-1\" \/>\n<link rel=\"canonical\" href=\"https:\/\/henclewskiwyjatek.pl\/de\/team\/anwalte\/wiktoria-wzietek\/\" \/>\n<meta property=\"og:locale\" content=\"de_DE\" \/>\n<meta property=\"og:type\" content=\"article\" \/>\n<meta property=\"og:title\" content=\"Wiktoria Wzi\u0119tek - Henclewski &amp; Wyjatek\" \/>\n<meta property=\"og:description\" content=\"Absolventin der Rechtswissenschaften an der Fakult\u00e4t f\u00fcr Recht und Verwaltung der Nikolaus-Kopernikus-Universit\u00e4t in Toru\u0144. Seit 2024 macht sie ihre Anwaltsausbildung bei der Rechtsanwaltskammer Gro\u00dfpolen in Posen. Ihr Interessensgebiet umfasst das weit gefasste Zivilrecht, insbesondere Streitigkeiten aus dem Bereich des Arbeitsrechts sowie des Handelsrechts. Sie spezialisiert sich in Rechtsdienstleistungen und Rechtshilfe f\u00fcr Unternehmer, gr\u00f6\u00dftenteils im Bereich [&hellip;]\" \/>\n<meta property=\"og:url\" content=\"https:\/\/henclewskiwyjatek.pl\/de\/team\/anwalte\/wiktoria-wzietek\/\" \/>\n<meta property=\"og:site_name\" content=\"Henclewski &amp; Wyjatek\" \/>\n<meta property=\"article:publisher\" content=\"https:\/\/www.facebook.com\/profile.php?id=100087508418448\" \/>\n<meta property=\"article:modified_time\" content=\"2025-01-28T23:44:20+00:00\" \/>\n<meta property=\"og:image\" content=\"https:\/\/henclewskiwyjatek.pl\/wp-content\/uploads\/2025\/01\/Wiktoria-Wzietek.jpg\" \/>\n\t<meta property=\"og:image:width\" content=\"1526\" \/>\n\t<meta property=\"og:image:height\" content=\"1878\" \/>\n\t<meta property=\"og:image:type\" content=\"image\/jpeg\" \/>\n<meta name=\"twitter:card\" content=\"summary_large_image\" \/>\n<meta name=\"twitter:label1\" content=\"Gesch\u00e4tzte Lesezeit\" \/>\n\t<meta name=\"twitter:data1\" content=\"1\u00a0Minute\" \/>\n<script type=\"application\/ld+json\" class=\"yoast-schema-graph\">{\"@context\":\"https:\\\/\\\/schema.org\",\"@graph\":[{\"@type\":\"WebPage\",\"@id\":\"https:\\\/\\\/henclewskiwyjatek.pl\\\/de\\\/team\\\/anwalte\\\/wiktoria-wzietek\\\/\",\"url\":\"https:\\\/\\\/henclewskiwyjatek.pl\\\/de\\\/team\\\/anwalte\\\/wiktoria-wzietek\\\/\",\"name\":\"Wiktoria Wzi\u0119tek - Henclewski &amp; Wyjatek\",\"isPartOf\":{\"@id\":\"https:\\\/\\\/henclewskiwyjatek.pl\\\/#website\"},\"primaryImageOfPage\":{\"@id\":\"https:\\\/\\\/henclewskiwyjatek.pl\\\/de\\\/team\\\/anwalte\\\/wiktoria-wzietek\\\/#primaryimage\"},\"image\":{\"@id\":\"https:\\\/\\\/henclewskiwyjatek.pl\\\/de\\\/team\\\/anwalte\\\/wiktoria-wzietek\\\/#primaryimage\"},\"thumbnailUrl\":\"https:\\\/\\\/henclewskiwyjatek.pl\\\/wp-content\\\/uploads\\\/2025\\\/01\\\/Wiktoria-Wzietek.jpg\",\"datePublished\":\"2025-01-14T23:29:07+00:00\",\"dateModified\":\"2025-01-28T23:44:20+00:00\",\"breadcrumb\":{\"@id\":\"https:\\\/\\\/henclewskiwyjatek.pl\\\/de\\\/team\\\/anwalte\\\/wiktoria-wzietek\\\/#breadcrumb\"},\"inLanguage\":\"de\",\"potentialAction\":[{\"@type\":\"ReadAction\",\"target\":[\"https:\\\/\\\/henclewskiwyjatek.pl\\\/de\\\/team\\\/anwalte\\\/wiktoria-wzietek\\\/\"]}]},{\"@type\":\"ImageObject\",\"inLanguage\":\"de\",\"@id\":\"https:\\\/\\\/henclewskiwyjatek.pl\\\/de\\\/team\\\/anwalte\\\/wiktoria-wzietek\\\/#primaryimage\",\"url\":\"https:\\\/\\\/henclewskiwyjatek.pl\\\/wp-content\\\/uploads\\\/2025\\\/01\\\/Wiktoria-Wzietek.jpg\",\"contentUrl\":\"https:\\\/\\\/henclewskiwyjatek.pl\\\/wp-content\\\/uploads\\\/2025\\\/01\\\/Wiktoria-Wzietek.jpg\",\"width\":1526,\"height\":1878},{\"@type\":\"BreadcrumbList\",\"@id\":\"https:\\\/\\\/henclewskiwyjatek.pl\\\/de\\\/team\\\/anwalte\\\/wiktoria-wzietek\\\/#breadcrumb\",\"itemListElement\":[{\"@type\":\"ListItem\",\"position\":1,\"name\":\"Strona g\u0142\u00f3wna\",\"item\":\"https:\\\/\\\/henclewskiwyjatek.pl\\\/de\\\/\"},{\"@type\":\"ListItem\",\"position\":2,\"name\":\"Team\",\"item\":\"https:\\\/\\\/henclewskiwyjatek.pl\\\/de\\\/team\\\/\"},{\"@type\":\"ListItem\",\"position\":3,\"name\":\"Anw\u00e4lte\",\"item\":\"https:\\\/\\\/henclewskiwyjatek.pl\\\/de\\\/team\\\/anwalte\\\/\"},{\"@type\":\"ListItem\",\"position\":4,\"name\":\"Wiktoria Wzi\u0119tek\"}]},{\"@type\":\"WebSite\",\"@id\":\"https:\\\/\\\/henclewskiwyjatek.pl\\\/#website\",\"url\":\"https:\\\/\\\/henclewskiwyjatek.pl\\\/\",\"name\":\"Henclewski &amp; Wyjatek Kancelaria\",\"description\":\"Ihre Wirtschaftsanw\u00e4lte\",\"publisher\":{\"@id\":\"https:\\\/\\\/henclewskiwyjatek.pl\\\/#organization\"},\"potentialAction\":[{\"@type\":\"SearchAction\",\"target\":{\"@type\":\"EntryPoint\",\"urlTemplate\":\"https:\\\/\\\/henclewskiwyjatek.pl\\\/?s={search_term_string}\"},\"query-input\":{\"@type\":\"PropertyValueSpecification\",\"valueRequired\":true,\"valueName\":\"search_term_string\"}}],\"inLanguage\":\"de\"},{\"@type\":\"Organization\",\"@id\":\"https:\\\/\\\/henclewskiwyjatek.pl\\\/#organization\",\"name\":\"Henclewski &amp; Wyjatek Kancelaria\",\"url\":\"https:\\\/\\\/henclewskiwyjatek.pl\\\/\",\"logo\":{\"@type\":\"ImageObject\",\"inLanguage\":\"de\",\"@id\":\"https:\\\/\\\/henclewskiwyjatek.pl\\\/#\\\/schema\\\/logo\\\/image\\\/\",\"url\":\"https:\\\/\\\/henclewskiwyjatek.pl\\\/wp-content\\\/uploads\\\/2023\\\/06\\\/hw_logo.png\",\"contentUrl\":\"https:\\\/\\\/henclewskiwyjatek.pl\\\/wp-content\\\/uploads\\\/2023\\\/06\\\/hw_logo.png\",\"width\":479,\"height\":173,\"caption\":\"Henclewski &amp; Wyjatek Kancelaria\"},\"image\":{\"@id\":\"https:\\\/\\\/henclewskiwyjatek.pl\\\/#\\\/schema\\\/logo\\\/image\\\/\"},\"sameAs\":[\"https:\\\/\\\/www.facebook.com\\\/profile.php?id=100087508418448\",\"https:\\\/\\\/www.linkedin.com\\\/company\\\/38142911\\\/\"]}]}<\/script>\n<!-- \/ Yoast SEO plugin. -->","yoast_head_json":{"title":"Wiktoria Wzi\u0119tek - Henclewski &amp; Wyjatek","robots":{"index":"index","follow":"follow","max-snippet":"max-snippet:-1","max-image-preview":"max-image-preview:large","max-video-preview":"max-video-preview:-1"},"canonical":"https:\/\/henclewskiwyjatek.pl\/de\/team\/anwalte\/wiktoria-wzietek\/","og_locale":"de_DE","og_type":"article","og_title":"Wiktoria Wzi\u0119tek - Henclewski &amp; Wyjatek","og_description":"Absolventin der Rechtswissenschaften an der Fakult\u00e4t f\u00fcr Recht und Verwaltung der Nikolaus-Kopernikus-Universit\u00e4t in Toru\u0144. Seit 2024 macht sie ihre Anwaltsausbildung bei der Rechtsanwaltskammer Gro\u00dfpolen in Posen. Ihr Interessensgebiet umfasst das weit gefasste Zivilrecht, insbesondere Streitigkeiten aus dem Bereich des Arbeitsrechts sowie des Handelsrechts. Sie spezialisiert sich in Rechtsdienstleistungen und Rechtshilfe f\u00fcr Unternehmer, gr\u00f6\u00dftenteils im Bereich [&hellip;]","og_url":"https:\/\/henclewskiwyjatek.pl\/de\/team\/anwalte\/wiktoria-wzietek\/","og_site_name":"Henclewski &amp; Wyjatek","article_publisher":"https:\/\/www.facebook.com\/profile.php?id=100087508418448","article_modified_time":"2025-01-28T23:44:20+00:00","og_image":[{"width":1526,"height":1878,"url":"https:\/\/henclewskiwyjatek.pl\/wp-content\/uploads\/2025\/01\/Wiktoria-Wzietek.jpg","type":"image\/jpeg"}],"twitter_card":"summary_large_image","twitter_misc":{"Gesch\u00e4tzte Lesezeit":"1\u00a0Minute"},"schema":{"@context":"https:\/\/schema.org","@graph":[{"@type":"WebPage","@id":"https:\/\/henclewskiwyjatek.pl\/de\/team\/anwalte\/wiktoria-wzietek\/","url":"https:\/\/henclewskiwyjatek.pl\/de\/team\/anwalte\/wiktoria-wzietek\/","name":"Wiktoria Wzi\u0119tek - Henclewski &amp; Wyjatek","isPartOf":{"@id":"https:\/\/henclewskiwyjatek.pl\/#website"},"primaryImageOfPage":{"@id":"https:\/\/henclewskiwyjatek.pl\/de\/team\/anwalte\/wiktoria-wzietek\/#primaryimage"},"image":{"@id":"https:\/\/henclewskiwyjatek.pl\/de\/team\/anwalte\/wiktoria-wzietek\/#primaryimage"},"thumbnailUrl":"https:\/\/henclewskiwyjatek.pl\/wp-content\/uploads\/2025\/01\/Wiktoria-Wzietek.jpg","datePublished":"2025-01-14T23:29:07+00:00","dateModified":"2025-01-28T23:44:20+00:00","breadcrumb":{"@id":"https:\/\/henclewskiwyjatek.pl\/de\/team\/anwalte\/wiktoria-wzietek\/#breadcrumb"},"inLanguage":"de","potentialAction":[{"@type":"ReadAction","target":["https:\/\/henclewskiwyjatek.pl\/de\/team\/anwalte\/wiktoria-wzietek\/"]}]},{"@type":"ImageObject","inLanguage":"de","@id":"https:\/\/henclewskiwyjatek.pl\/de\/team\/anwalte\/wiktoria-wzietek\/#primaryimage","url":"https:\/\/henclewskiwyjatek.pl\/wp-content\/uploads\/2025\/01\/Wiktoria-Wzietek.jpg","contentUrl":"https:\/\/henclewskiwyjatek.pl\/wp-content\/uploads\/2025\/01\/Wiktoria-Wzietek.jpg","width":1526,"height":1878},{"@type":"BreadcrumbList","@id":"https:\/\/henclewskiwyjatek.pl\/de\/team\/anwalte\/wiktoria-wzietek\/#breadcrumb","itemListElement":[{"@type":"ListItem","position":1,"name":"Strona g\u0142\u00f3wna","item":"https:\/\/henclewskiwyjatek.pl\/de\/"},{"@type":"ListItem","position":2,"name":"Team","item":"https:\/\/henclewskiwyjatek.pl\/de\/team\/"},{"@type":"ListItem","position":3,"name":"Anw\u00e4lte","item":"https:\/\/henclewskiwyjatek.pl\/de\/team\/anwalte\/"},{"@type":"ListItem","position":4,"name":"Wiktoria Wzi\u0119tek"}]},{"@type":"WebSite","@id":"https:\/\/henclewskiwyjatek.pl\/#website","url":"https:\/\/henclewskiwyjatek.pl\/","name":"Henclewski &amp; Wyjatek Kancelaria","description":"Ihre Wirtschaftsanw\u00e4lte","publisher":{"@id":"https:\/\/henclewskiwyjatek.pl\/#organization"},"potentialAction":[{"@type":"SearchAction","target":{"@type":"EntryPoint","urlTemplate":"https:\/\/henclewskiwyjatek.pl\/?s={search_term_string}"},"query-input":{"@type":"PropertyValueSpecification","valueRequired":true,"valueName":"search_term_string"}}],"inLanguage":"de"},{"@type":"Organization","@id":"https:\/\/henclewskiwyjatek.pl\/#organization","name":"Henclewski &amp; Wyjatek Kancelaria","url":"https:\/\/henclewskiwyjatek.pl\/","logo":{"@type":"ImageObject","inLanguage":"de","@id":"https:\/\/henclewskiwyjatek.pl\/#\/schema\/logo\/image\/","url":"https:\/\/henclewskiwyjatek.pl\/wp-content\/uploads\/2023\/06\/hw_logo.png","contentUrl":"https:\/\/henclewskiwyjatek.pl\/wp-content\/uploads\/2023\/06\/hw_logo.png","width":479,"height":173,"caption":"Henclewski &amp; Wyjatek Kancelaria"},"image":{"@id":"https:\/\/henclewskiwyjatek.pl\/#\/schema\/logo\/image\/"},"sameAs":["https:\/\/www.facebook.com\/profile.php?id=100087508418448","https:\/\/www.linkedin.com\/company\/38142911\/"]}]}},"_links":{"self":[{"href":"https:\/\/henclewskiwyjatek.pl\/de\/wp-json\/wp\/v2\/pages\/30728","targetHints":{"allow":["GET"]}}],"collection":[{"href":"https:\/\/henclewskiwyjatek.pl\/de\/wp-json\/wp\/v2\/pages"}],"about":[{"href":"https:\/\/henclewskiwyjatek.pl\/de\/wp-json\/wp\/v2\/types\/page"}],"author":[{"embeddable":true,"href":"https:\/\/henclewskiwyjatek.pl\/de\/wp-json\/wp\/v2\/users\/2"}],"replies":[{"embeddable":true,"href":"https:\/\/henclewskiwyjatek.pl\/de\/wp-json\/wp\/v2\/comments?post=30728"}],"version-history":[{"count":5,"href":"https:\/\/henclewskiwyjatek.pl\/de\/wp-json\/wp\/v2\/pages\/30728\/revisions"}],"predecessor-version":[{"id":30812,"href":"https:\/\/henclewskiwyjatek.pl\/de\/wp-json\/wp\/v2\/pages\/30728\/revisions\/30812"}],"up":[{"embeddable":true,"href":"https:\/\/henclewskiwyjatek.pl\/de\/wp-json\/wp\/v2\/pages\/29413"}],"wp:featuredmedia":[{"embeddable":true,"href":"https:\/\/henclewskiwyjatek.pl\/de\/wp-json\/wp\/v2\/media\/30792"}],"wp:attachment":[{"href":"https:\/\/henclewskiwyjatek.pl\/de\/wp-json\/wp\/v2\/media?parent=30728"}],"curies":[{"name":"wp","href":"https:\/\/api.w.org\/{rel}","templated":true}]}}