{"id":31322,"date":"2025-11-07T10:07:57","date_gmt":"2025-11-07T10:07:57","guid":{"rendered":"https:\/\/henclewskiwyjatek.pl\/?page_id=31322"},"modified":"2025-11-07T10:08:01","modified_gmt":"2025-11-07T10:08:01","slug":"cookie-richtlinie","status":"publish","type":"page","link":"https:\/\/henclewskiwyjatek.pl\/de\/cookie-richtlinie\/","title":{"rendered":"Cookie-Richtlinie"},"content":{"rendered":"\n\n\n<p><b>Cookie-Richtlinie f\u00fcr die Website henclewskiwyjatek.pl<\/b><\/p>\n<p>\u00a0<\/p>\n<p><b>I. Einleitende Bestimmungen<\/b><\/p>\n<ol start=\"1\">\n<li>\n<p>Diese Cookie-Richtlinie (nachfolgend \u201e<b>Richtlinie<\/b>\u201c genannt) legt die Regeln f\u00fcr das Speichern von und den Zugriff auf Daten auf den Ger\u00e4ten der Nutzer fest, die den Dienst nutzen, um elektronische Dienstleistungen durch den Administrator des Dienstes zu erbringen.<\/p>\n<\/li>\n<li>\n<p>Der Zweck dieser Richtlinie ist die Gew\u00e4hrleistung vollst\u00e4ndiger Transparenz und Einhaltung der geltenden Rechtsvorschriften, insbesondere:<\/p>\n<ul>\n<li>\n<p>Der Verordnung (EU) 2016\/679 des Europ\u00e4ischen Parlaments und des Rates vom 27. April 2016 zum Schutz nat\u00fcrlicher Personen bei der Verarbeitung personenbezogener Daten, zum freien Datenverkehr und zur Aufhebung der Richtlinie 95\/46\/EG (Datenschutz-Grundverordnung), nachfolgend \u201e<b>DSGVO<\/b>\u201c genannt.<\/p>\n<\/li>\n<li>\n<p>Des Gesetzes vom 16. Juli 2004 \u2013 Telekommunikationsgesetz (nachfolgend \u201e<b>Telekommunikationsgesetz<\/b>\u201c genannt).<\/p>\n<\/li>\n<\/ul>\n<\/li>\n<li>\n<p>Als Anwaltskanzlei verstehen wir die grundlegende Bedeutung von Vertrauen und Datenschutz. Wir behandeln den Schutz der Daten unserer Nutzer, einschlie\u00dflich potenzieller Mandanten, mit h\u00f6chster Priorit\u00e4t.<\/p>\n<\/li>\n<li>\n<p>Die in dieser Richtlinie verwendeten Begriffe bedeuten:<\/p>\n<ul>\n<li>\n<p><b>Dienst<\/b> \u2013 die Website, die unter der Adresse henclewskiwyjatek.pl betrieben wird.<\/p>\n<\/li>\n<li>\n<p><b>Verantwortlicher<\/b> \u2013 die f\u00fcr den Dienst und die Datenverarbeitung verantwortliche Stelle, die in Abschnitt II dieser Richtlinie genannt wird.<\/p>\n<\/li>\n<li>\n<p><b>Nutzer<\/b> \u2013 jede nat\u00fcrliche Person, die den Dienst besucht und dessen Ressourcen nutzt.<\/p>\n<\/li>\n<li>\n<p><b>Ger\u00e4t<\/b> \u2013 ein elektronisches Ger\u00e4t (Computer, Tablet, Smartphone) samt Software, \u00fcber das der Nutzer auf den Dienst zugreift.<\/p>\n<\/li>\n<li>\n<p><b>Cookies<\/b> \u2013 kleine Textdateien, die vom Webserver gesendet und auf dem Ger\u00e4t des Nutzers gespeichert werden.<\/p>\n<\/li>\n<\/ul>\n<\/li>\n<\/ol>\n<p>\u00a0<\/p>\n<p><b>II. Verantwortlicher f\u00fcr die Verarbeitung personenbezogener Daten<\/b><\/p>\n<p>Der Verantwortliche f\u00fcr die Verarbeitung personenbezogener Daten, die im Zusammenhang mit der Nutzung des Dienstes und der Verwendung von Cookies verarbeitet werden, ist: <b>KANCELARIA ADWOKACKA HENCLEWSKI, WYJATEK SP\u00d3\u0141KA KOMANDYTOWA<\/b>, Chwaliszewo 72\/7, 61-104 Pozna\u0144, Polen, NIP (StIdNr.): 7831664870, REGON (Stat. Nr.): 301635458, KRS (Landesgerichtsregister-Nr.): 0001142181<\/p>\n<p>In Angelegenheiten, die diese Richtlinie und die Verarbeitung personenbezogener Daten betreffen, kontaktieren Sie uns bitte:<\/p>\n<ul>\n<li>\n<p><b>E-Mail-Adresse:<\/b> biuro@henclewskiwyjatek.pl<\/p>\n<\/li>\n<li>\n<p><b>Korrespondenzadresse:<\/b> Chwaliszewo 72\/7, 61-104 Pozna\u0144<\/p>\n<\/li>\n<\/ul>\n<p>\u00a0<\/p>\n<p><b>III. Was sind Cookies und zu welchen Zwecken verwenden wir sie?<\/b><\/p>\n<ol start=\"1\">\n<li>\n<p>Cookies sind IT-Daten, insbesondere kleine Textdateien, die w\u00e4hrend des Besuchs von Websites auf dem Ger\u00e4t des Nutzers gespeichert und aufbewahrt werden.<\/p>\n<\/li>\n<li>\n<p>Cookies enthalten in der Regel den Namen der Domain, von der sie stammen, ihre eindeutige Nummer und die Dauer ihrer Speicherung auf dem Ger\u00e4t.<\/p>\n<\/li>\n<li>\n<p>In unserem Dienst werden Cookies zu folgenden Zwecken verwendet:<\/p>\n<ul>\n<li>\n<p><b>Funktional:<\/b> Gew\u00e4hrleistung des ordnungsgem\u00e4\u00dfen und sicheren Betriebs des Dienstes (z. B. Aufrechterhaltung der Sitzung).<\/p>\n<\/li>\n<li>\n<p><b>Analytisch:<\/b> Verst\u00e4ndnis daf\u00fcr, wie Nutzer den Dienst verwenden, Analyse von Verkehrsstatistiken, Identifizierung beliebter Inhalte und Optimierung der Seite, um sie intuitiver und n\u00fctzlicher zu gestalten.<\/p>\n<\/li>\n<li>\n<p><b>Marketing:<\/b> Durchf\u00fchrung von Werbema\u00dfnahmen f\u00fcr die Kanzlei, einschlie\u00dflich Remarketing, Ausrichtung personalisierter Werbung und Messung der Wirksamkeit dieser Ma\u00dfnahmen.<\/p>\n<\/li>\n<li>\n<p><b>Technisch:<\/b> Verwaltung von Skripten und Tags im Dienst zur Integration externer Tools.<\/p>\n<\/li>\n<\/ul>\n<\/li>\n<\/ol>\n<p>\u00a0<\/p>\n<p><b>IV. Arten der verwendeten Cookies und ihre Rechtsgrundlage<\/b><\/p>\n<p>Der Dienst verwendet die folgenden Kategorien von Cookies:<\/p>\n<p><b>1. Notwendige Cookies<\/b><\/p>\n<ul>\n<li>\n<p><b>Beschreibung:<\/b> Dies sind Dateien, die f\u00fcr das ordnungsgem\u00e4\u00dfe Funktionieren des Dienstes unerl\u00e4sslich sind. Sie erm\u00f6glichen die Navigation auf der Seite und die Nutzung ihrer Grundfunktionen (z. B. Navigation, Zugang zu sicheren Bereichen). Ohne diese Dateien kann der Dienst nicht korrekt funktionieren.<\/p>\n<\/li>\n<li>\n<p><b>Zweck:<\/b> Gew\u00e4hrleistung der Sicherheit, Aufrechterhaltung der Nutzersitzung.<\/p>\n<\/li>\n<li>\n<p><b>Rechtsgrundlage:<\/b> Art. 6 Abs. 1 lit. f DSGVO (das berechtigte Interesse des Verantwortlichen, das in der Gew\u00e4hrleistung des ordnungsgem\u00e4\u00dfen Betriebs und der Sicherheit des Dienstes besteht) und Art. 173 Abs. 3 Pkt. 2 des Telekommunikationsgesetzes (Cookies, die f\u00fcr die Durchf\u00fchrung einer \u00dcbertragung oder die Erbringung einer Dienstleistung erforderlich sind).<\/p>\n<\/li>\n<\/ul>\n<p><b>2. Analytische Cookies (z. B. Google Analytics)<\/b><\/p>\n<ul>\n<li>\n<p><b>Beschreibung:<\/b> Diese Dateien erm\u00f6glichen es uns, Besuche und Verkehrsquellen im Dienst zu z\u00e4hlen. Sie helfen uns zu verstehen, welche Inhalte das gr\u00f6\u00dfte Interesse wecken und wie sich die Nutzer auf der Seite bewegen.<\/p>\n<\/li>\n<li>\n<p><b>Zweck:<\/b> Verkehrsanalyse, Untersuchung des Nutzerverhaltens, Erstellung anonymer Statistiken, Optimierung von Inhalten und Struktur des Dienstes.<\/p>\n<\/li>\n<li>\n<p><b>Rechtsgrundlage:<\/b> Art. 6 Abs. 1 lit. a DSGVO (die freiwillige Einwilligung des Nutzers, die \u00fcber das Cookie-Banner erteilt wird).<\/p>\n<\/li>\n<\/ul>\n<p><b>3. Marketing-Cookies (z. B. Google Ads)<\/b><\/p>\n<ul>\n<li>\n<p><b>Beschreibung:<\/b> Diese Dateien werden verwendet, um die Wirksamkeit unserer Werbekampagnen zu messen und f\u00fcr Remarketing-Aktivit\u00e4ten. Sie erm\u00f6glichen die Anzeige von Werbung f\u00fcr unsere Dienstleistungen f\u00fcr Nutzer auf anderen Websites (z. B. im Google-Werbenetzwerk).<\/p>\n<\/li>\n<li>\n<p><b>Zweck:<\/b> Remarketing, Messung von Konversionen (z. B. \u00dcberpr\u00fcfung, ob ein Klick auf eine Anzeige zur Absendung eines Kontaktformulars gef\u00fchrt hat), Optimierung von Werbekampagnen.<\/p>\n<\/li>\n<li>\n<p><b>Rechtsgrundlage:<\/b> Art. 6 Abs. 1 lit. a DSGVO (die freiwillige Einwilligung des Nutzers, die \u00fcber das Cookie-Banner erteilt wird).<\/p>\n<\/li>\n<\/ul>\n<p>\u00a0<\/p>\n<p><b>V. Tools von Drittanbietern (Google)<\/b><\/p>\n<p>Zur Verwirklichung analytischer und marketingtechnischer Ziele nutzt der Dienst Tools, die von Drittanbietern bereitgestellt werden. <b>Drittanbieter:<\/b> Google Ireland Limited (Gordon House, Barrow Street, Dublin 4, Irland). Der Dienst verwendet die folgenden Google-Tools:<\/p>\n<ol start=\"1\">\n<li>\n<p><b>Google Analytics<\/b> Dient der Analyse von Dienst-Statistiken. Dieses Tool sammelt anonyme Informationen dar\u00fcber, wie Nutzer den Dienst verwenden (z. B. besuchte Unterseiten, auf der Seite verbrachte Zeit, Verkehrsquelle). Wir verwenden Mechanismen zur IP-Anonymisierung, was bedeutet, dass die IP-Adresse des Nutzers gek\u00fcrzt wird, bevor sie an Google \u00fcbermittelt wird. Diese Daten helfen uns, den Dienst zu optimieren.<\/p>\n<\/li>\n<li>\n<p><b>Google Ads<\/b> Dies ist das Werbesystem von Google, das wir verwenden, um:<\/p>\n<ul>\n<li>\n<p><b>Die Wirksamkeit von Kampagnen zu messen:<\/b> Cookies erm\u00f6glichen es uns, Konversionen zu messen, d. h. zu \u00fcberpr\u00fcfen, welche Aktionen im Dienst (z. B. das Ausf\u00fcllen eines Kontaktformulars) von Nutzern durchgef\u00fchrt wurden, die \u00fcber unsere Werbung auf die Seite gelangt sind.<\/p>\n<\/li>\n<li>\n<p><b>Remarketing-Listen zu erstellen:<\/b> Basierend auf einem Besuch im Dienst kann der Nutzer zu einer Remarketing-Liste hinzugef\u00fcgt werden. Dies erm\u00f6glicht es uns, ihm sp\u00e4ter unsere Werbung im Google-Werbenetzwerk anzuzeigen und ihn an die Dienstleistungen der Kanzlei zu erinnern.<\/p>\n<\/li>\n<\/ul>\n<\/li>\n<li>\n<p><b>Google Tag Manager (GTM)<\/b> Dies ist ein Tool, das ausschlie\u00dflich zur Verwaltung von Tags (Skripten) auf unserer Seite dient. GTM speichert oder verarbeitet selbst keine personenbezogenen Daten. Es dient der technischen Implementierung und Ausf\u00fchrung von Google Analytics- und Google Ads-Skripten auf der Grundlage der vom Nutzer erteilten Einwilligung.<\/p>\n<\/li>\n<\/ol>\n<p>Informationen dar\u00fcber, wie Google Daten verarbeitet, finden Sie in der Datenschutzerkl\u00e4rung von Google: <a class=\"ng-star-inserted\" href=\"https:\/\/policies.google.com\/privacy?authuser=1\" target=\"_blank\" rel=\"noopener\">https:\/\/policies.google.com\/privacy<\/a><\/p>\n<p>\u00a0<\/p>\n<p><b>VI. Speicherdauer der Cookies<\/b><\/p>\n<ol start=\"1\">\n<li>\n<p><b>Sitzungs-Cookies (Session-Cookies):<\/b> Dies sind tempor\u00e4re Dateien, die auf dem Ger\u00e4t des Nutzers gespeichert werden, bis er sich ausloggt, die Website verl\u00e4sst oder den Webbrowser schlie\u00dft.<\/p>\n<\/li>\n<li>\n<p><b>Permanente Cookies:<\/b> Diese werden auf dem Ger\u00e4t des Nutzers f\u00fcr die in den Cookie-Parametern festgelegte Zeit oder bis zu ihrer L\u00f6schung durch den Nutzer gespeichert.<\/p>\n<ul>\n<li>\n<p>Cookies im Zusammenhang mit <b>Google Analytics<\/b> (z. B. <code>_ga<\/code>): in der Regel bis zu <b>2 Jahre<\/b>.<\/p>\n<\/li>\n<li>\n<p>Cookies im Zusammenhang mit <b>Google Ads<\/b> (z. B. Conversion-Tracking, Remarketing): in der Regel bis zu <b>90 Tage<\/b>.<\/p>\n<\/li>\n<li>\n<p>Cookies, die den Einwilligungsstatus des Nutzers speichern: in der Regel 6 bis 12 Monate.<\/p>\n<\/li>\n<\/ul>\n<\/li>\n<\/ol>\n<p>\u00a0<\/p>\n<p><b>VII. Verwaltung von Cookies und Widerruf der Einwilligung<\/b><\/p>\n<ol start=\"1\">\n<li>\n<p>Beim ersten Besuch des Dienstes wird dem Nutzer ein Informationsbanner angezeigt, \u00fcber das er seine Einwilligung zur Verwendung von analytischen und Marketing-Cookies geben oder seine Pr\u00e4ferenzen verwalten kann.<\/p>\n<\/li>\n<li>\n<p><b>Widerruf der Einwilligung:<\/b> Der Nutzer hat das Recht, seine zuvor erteilte Einwilligung jederzeit zu widerrufen. Der Widerruf der Einwilligung ber\u00fchrt nicht die Rechtm\u00e4\u00dfigkeit der aufgrund der Einwilligung bis zum Widerruf erfolgten Verarbeitung.<\/p>\n<\/li>\n<li>\n<p>Die Einwilligung kann durch \u00c4ndern der Einstellungen im Cookie-Einwilligungsverwaltungsfenster, das im Dienst verf\u00fcgbar ist, widerrufen werden [hier sollte ein Link oder Mechanismus eingef\u00fcgt werden, z. B. &#8222;durch Klicken auf das Schild-\/Cookie-Symbol in der unteren linken Ecke des Bildschirms&#8220;].<\/p>\n<\/li>\n<li>\n<p>Der Nutzer kann Cookies auch \u00fcber die Einstellungen seines Webbrowsers verwalten, einschlie\u00dflich der vollst\u00e4ndigen Blockierung ihrer Speicherung oder der L\u00f6schung bereits gespeicherter Dateien.<\/p>\n<\/li>\n<\/ol>\n<p>\u00a0<\/p>\n<p><b>VIII. Anleitungen zur Verwaltung von Cookies in g\u00e4ngigen Browsern<\/b><\/p>\n<p>Der Nutzer kann die Einstellungen seines Browsers bez\u00fcglich Cookies selbst \u00e4ndern. Nachfolgend finden Sie Links zu den offiziellen Support-Seiten der Hersteller der g\u00e4ngigsten Browser:<\/p>\n<ul>\n<li>\n<p><b>Google Chrome:<\/b> <a class=\"ng-star-inserted\" href=\"https:\/\/support.google.com\/chrome\/answer\/95647?hl=pl&amp;authuser=1\" target=\"_blank\" rel=\"noopener\">https:\/\/support.google.com\/chrome\/answer\/95647?hl=pl<\/a><\/p>\n<\/li>\n<li>\n<p><b>Mozilla Firefox:<\/b> <a class=\"ng-star-inserted\" href=\"https:\/\/www.google.com\/search?q=https:\/\/support.mozilla.org\/de\/kb\/cookies-und-website-daten-in-firefox-loeschen&amp;authuser=1\" target=\"_blank\" rel=\"noopener\">https:\/\/support.mozilla.org\/de\/kb\/cookies-und-website-daten-in-firefox-loeschen<\/a><\/p>\n<\/li>\n<li>\n<p><b>Microsoft Edge:<\/b> <a class=\"ng-star-inserted\" href=\"https:\/\/www.google.com\/search?q=https:\/\/support.microsoft.com\/de-de\/microsoft-edge\/l%25C3%25B6schen-von-cookies-in-microsoft-edge-63947406-40ac-c3b8-57b9-2a946a29ae09&amp;authuser=1\" target=\"_blank\" rel=\"noopener\">https:\/\/support.microsoft.com\/de-de\/microsoft-edge\/l%C3%B6schen-von-cookies-in-microsoft-edge-63947406-40ac-c3b8-57b9-2a946a29ae09<\/a><\/p>\n<\/li>\n<li>\n<p><b>Apple Safari:<\/b> <a class=\"ng-star-inserted\" href=\"https:\/\/www.google.com\/search?q=https:\/\/support.apple.com\/de-de\/guide\/safari\/sfri11471\/mac&amp;authuser=1\" target=\"_blank\" rel=\"noopener\">https:\/\/support.apple.com\/de-de\/guide\/safari\/sfri11471\/mac<\/a><\/p>\n<\/li>\n<li>\n<p><b>Opera:<\/b> <a class=\"ng-star-inserted\" href=\"https:\/\/www.google.com\/search?q=https:\/\/help.opera.com\/de\/latest\/web-preferences\/%23cookies&amp;authuser=1\" target=\"_blank\" rel=\"noopener\">https:\/\/help.opera.com\/de\/latest\/web-preferences\/#cookies<\/a><\/p>\n<\/li>\n<\/ul>\n<p>Wir weisen darauf hin, dass die Einschr\u00e4nkung oder Deaktivierung der Verwendung von Cookies (insbesondere der notwendigen) die Funktionalit\u00e4t des Dienstes beeintr\u00e4chtigen kann.<\/p>\n<p>\u00a0<\/p>\n<p><b>IX. Rechte des Nutzers (DSGVO)<\/b><\/p>\n<p>Im Zusammenhang mit der Verarbeitung personenbezogener Daten (die durch Cookies gesammelt werden k\u00f6nnen) stehen dem Nutzer bestimmte Rechte zu:<\/p>\n<ul>\n<li>\n<p>Recht auf Auskunft \u00fcber die Daten.<\/p>\n<\/li>\n<li>\n<p>Recht auf Berichtigung der Daten.<\/p>\n<\/li>\n<li>\n<p>Recht auf L\u00f6schung der Daten (\u201eRecht auf Vergessenwerden\u201c).<\/p>\n<\/li>\n<li>\n<p>Recht auf Einschr\u00e4nkung der Verarbeitung.<\/p>\n<\/li>\n<li>\n<p>Recht auf Daten\u00fcbertragbarkeit.<\/p>\n<\/li>\n<li>\n<p>Widerspruchsrecht gegen die Verarbeitung (im Falle einer Verarbeitung auf der Grundlage von Art. 6 Abs. 1 lit. f DSGVO).<\/p>\n<\/li>\n<\/ul>\n<p>Detaillierte Informationen \u00fcber die Ihnen zustehenden Rechte und deren Aus\u00fcbung finden Sie in der <b>Datenschutzrichtlinie<\/b> des Dienstes henclewskiwyjatek.pl. Der Nutzer hat zudem das Recht, eine Beschwerde bei der Aufsichtsbeh\u00f6rde einzureichen, d. h. beim Pr\u00e4sidenten des Amtes f\u00fcr den Schutz personenbezogener Daten (Prezes Urz\u0119du Ochrony Danych Osobowych, ul. Stawki 2, 00-193 Warszawa, Polen).<\/p>\n<p>\u00a0<\/p>\n<p><b>X. Schlussbestimmungen<\/b><\/p>\n<ol start=\"1\">\n<li>\n<p>Der Verantwortliche beh\u00e4lt sich das Recht vor, \u00c4nderungen an dieser Cookie-Richtlinie vorzunehmen.<\/p>\n<\/li>\n<li>\n<p>Alle \u00c4nderungen werden im Dienst ver\u00f6ffentlicht und treten mit dem Tag ihrer Ver\u00f6ffentlichung in Kraft.<\/p>\n<\/li>\n<li>\n<p>Wir empfehlen Ihnen, den Inhalt der Richtlinie regelm\u00e4\u00dfig zu \u00fcberpr\u00fcfen.<\/p>\n<\/li>\n<\/ol>\n","protected":false},"excerpt":{"rendered":"<p>Cookie-Richtlinie f\u00fcr die Website henclewskiwyjatek.pl \u00a0 I. Einleitende Bestimmungen Diese Cookie-Richtlinie (nachfolgend \u201eRichtlinie\u201c genannt) legt die Regeln f\u00fcr das Speichern von und den Zugriff auf Daten auf den Ger\u00e4ten der Nutzer fest, die den Dienst nutzen, um elektronische Dienstleistungen durch den Administrator des Dienstes zu erbringen. Der Zweck dieser Richtlinie ist die Gew\u00e4hrleistung vollst\u00e4ndiger Transparenz [&hellip;]<\/p>\n","protected":false},"author":2,"featured_media":0,"parent":0,"menu_order":2,"comment_status":"closed","ping_status":"closed","template":"","meta":{"_monsterinsights_skip_tracking":false,"_monsterinsights_sitenote_active":false,"_monsterinsights_sitenote_note":"","_monsterinsights_sitenote_category":0,"footnotes":""},"class_list":["post-31322","page","type-page","status-publish","hentry"],"yoast_head":"<!-- This site is optimized with the Yoast SEO plugin v27.3 - https:\/\/yoast.com\/product\/yoast-seo-wordpress\/ -->\n<title>Cookie-Richtlinie - Henclewski &amp; Wyjatek<\/title>\n<meta name=\"robots\" content=\"index, follow, max-snippet:-1, max-image-preview:large, max-video-preview:-1\" \/>\n<link rel=\"canonical\" href=\"https:\/\/henclewskiwyjatek.pl\/de\/cookie-richtlinie\/\" \/>\n<meta property=\"og:locale\" content=\"de_DE\" \/>\n<meta property=\"og:type\" content=\"article\" \/>\n<meta property=\"og:title\" content=\"Cookie-Richtlinie - Henclewski &amp; Wyjatek\" \/>\n<meta property=\"og:description\" content=\"Cookie-Richtlinie f\u00fcr die Website henclewskiwyjatek.pl \u00a0 I. Einleitende Bestimmungen Diese Cookie-Richtlinie (nachfolgend \u201eRichtlinie\u201c genannt) legt die Regeln f\u00fcr das Speichern von und den Zugriff auf Daten auf den Ger\u00e4ten der Nutzer fest, die den Dienst nutzen, um elektronische Dienstleistungen durch den Administrator des Dienstes zu erbringen. Der Zweck dieser Richtlinie ist die Gew\u00e4hrleistung vollst\u00e4ndiger Transparenz [&hellip;]\" \/>\n<meta property=\"og:url\" content=\"https:\/\/henclewskiwyjatek.pl\/de\/cookie-richtlinie\/\" \/>\n<meta property=\"og:site_name\" content=\"Henclewski &amp; Wyjatek\" \/>\n<meta property=\"article:publisher\" content=\"https:\/\/www.facebook.com\/profile.php?id=100087508418448\" \/>\n<meta property=\"article:modified_time\" content=\"2025-11-07T10:08:01+00:00\" \/>\n<meta name=\"twitter:card\" content=\"summary_large_image\" \/>\n<meta name=\"twitter:label1\" content=\"Gesch\u00e4tzte Lesezeit\" \/>\n\t<meta name=\"twitter:data1\" content=\"9\u00a0Minuten\" \/>\n<script type=\"application\/ld+json\" class=\"yoast-schema-graph\">{\"@context\":\"https:\\\/\\\/schema.org\",\"@graph\":[{\"@type\":\"WebPage\",\"@id\":\"https:\\\/\\\/henclewskiwyjatek.pl\\\/de\\\/cookie-richtlinie\\\/\",\"url\":\"https:\\\/\\\/henclewskiwyjatek.pl\\\/de\\\/cookie-richtlinie\\\/\",\"name\":\"Cookie-Richtlinie - Henclewski &amp; Wyjatek\",\"isPartOf\":{\"@id\":\"https:\\\/\\\/henclewskiwyjatek.pl\\\/#website\"},\"datePublished\":\"2025-11-07T10:07:57+00:00\",\"dateModified\":\"2025-11-07T10:08:01+00:00\",\"breadcrumb\":{\"@id\":\"https:\\\/\\\/henclewskiwyjatek.pl\\\/de\\\/cookie-richtlinie\\\/#breadcrumb\"},\"inLanguage\":\"de\",\"potentialAction\":[{\"@type\":\"ReadAction\",\"target\":[\"https:\\\/\\\/henclewskiwyjatek.pl\\\/de\\\/cookie-richtlinie\\\/\"]}]},{\"@type\":\"BreadcrumbList\",\"@id\":\"https:\\\/\\\/henclewskiwyjatek.pl\\\/de\\\/cookie-richtlinie\\\/#breadcrumb\",\"itemListElement\":[{\"@type\":\"ListItem\",\"position\":1,\"name\":\"Strona g\u0142\u00f3wna\",\"item\":\"https:\\\/\\\/henclewskiwyjatek.pl\\\/de\\\/\"},{\"@type\":\"ListItem\",\"position\":2,\"name\":\"Cookie-Richtlinie\"}]},{\"@type\":\"WebSite\",\"@id\":\"https:\\\/\\\/henclewskiwyjatek.pl\\\/#website\",\"url\":\"https:\\\/\\\/henclewskiwyjatek.pl\\\/\",\"name\":\"Henclewski &amp; Wyjatek Kancelaria\",\"description\":\"Ihre Wirtschaftsanw\u00e4lte\",\"publisher\":{\"@id\":\"https:\\\/\\\/henclewskiwyjatek.pl\\\/#organization\"},\"potentialAction\":[{\"@type\":\"SearchAction\",\"target\":{\"@type\":\"EntryPoint\",\"urlTemplate\":\"https:\\\/\\\/henclewskiwyjatek.pl\\\/?s={search_term_string}\"},\"query-input\":{\"@type\":\"PropertyValueSpecification\",\"valueRequired\":true,\"valueName\":\"search_term_string\"}}],\"inLanguage\":\"de\"},{\"@type\":\"Organization\",\"@id\":\"https:\\\/\\\/henclewskiwyjatek.pl\\\/#organization\",\"name\":\"Henclewski &amp; Wyjatek Kancelaria\",\"url\":\"https:\\\/\\\/henclewskiwyjatek.pl\\\/\",\"logo\":{\"@type\":\"ImageObject\",\"inLanguage\":\"de\",\"@id\":\"https:\\\/\\\/henclewskiwyjatek.pl\\\/#\\\/schema\\\/logo\\\/image\\\/\",\"url\":\"https:\\\/\\\/henclewskiwyjatek.pl\\\/wp-content\\\/uploads\\\/2023\\\/06\\\/hw_logo.png\",\"contentUrl\":\"https:\\\/\\\/henclewskiwyjatek.pl\\\/wp-content\\\/uploads\\\/2023\\\/06\\\/hw_logo.png\",\"width\":479,\"height\":173,\"caption\":\"Henclewski &amp; Wyjatek Kancelaria\"},\"image\":{\"@id\":\"https:\\\/\\\/henclewskiwyjatek.pl\\\/#\\\/schema\\\/logo\\\/image\\\/\"},\"sameAs\":[\"https:\\\/\\\/www.facebook.com\\\/profile.php?id=100087508418448\",\"https:\\\/\\\/www.linkedin.com\\\/company\\\/38142911\\\/\"]}]}<\/script>\n<!-- \/ Yoast SEO plugin. -->","yoast_head_json":{"title":"Cookie-Richtlinie - Henclewski &amp; Wyjatek","robots":{"index":"index","follow":"follow","max-snippet":"max-snippet:-1","max-image-preview":"max-image-preview:large","max-video-preview":"max-video-preview:-1"},"canonical":"https:\/\/henclewskiwyjatek.pl\/de\/cookie-richtlinie\/","og_locale":"de_DE","og_type":"article","og_title":"Cookie-Richtlinie - Henclewski &amp; Wyjatek","og_description":"Cookie-Richtlinie f\u00fcr die Website henclewskiwyjatek.pl \u00a0 I. Einleitende Bestimmungen Diese Cookie-Richtlinie (nachfolgend \u201eRichtlinie\u201c genannt) legt die Regeln f\u00fcr das Speichern von und den Zugriff auf Daten auf den Ger\u00e4ten der Nutzer fest, die den Dienst nutzen, um elektronische Dienstleistungen durch den Administrator des Dienstes zu erbringen. Der Zweck dieser Richtlinie ist die Gew\u00e4hrleistung vollst\u00e4ndiger Transparenz [&hellip;]","og_url":"https:\/\/henclewskiwyjatek.pl\/de\/cookie-richtlinie\/","og_site_name":"Henclewski &amp; Wyjatek","article_publisher":"https:\/\/www.facebook.com\/profile.php?id=100087508418448","article_modified_time":"2025-11-07T10:08:01+00:00","twitter_card":"summary_large_image","twitter_misc":{"Gesch\u00e4tzte Lesezeit":"9\u00a0Minuten"},"schema":{"@context":"https:\/\/schema.org","@graph":[{"@type":"WebPage","@id":"https:\/\/henclewskiwyjatek.pl\/de\/cookie-richtlinie\/","url":"https:\/\/henclewskiwyjatek.pl\/de\/cookie-richtlinie\/","name":"Cookie-Richtlinie - Henclewski &amp; Wyjatek","isPartOf":{"@id":"https:\/\/henclewskiwyjatek.pl\/#website"},"datePublished":"2025-11-07T10:07:57+00:00","dateModified":"2025-11-07T10:08:01+00:00","breadcrumb":{"@id":"https:\/\/henclewskiwyjatek.pl\/de\/cookie-richtlinie\/#breadcrumb"},"inLanguage":"de","potentialAction":[{"@type":"ReadAction","target":["https:\/\/henclewskiwyjatek.pl\/de\/cookie-richtlinie\/"]}]},{"@type":"BreadcrumbList","@id":"https:\/\/henclewskiwyjatek.pl\/de\/cookie-richtlinie\/#breadcrumb","itemListElement":[{"@type":"ListItem","position":1,"name":"Strona g\u0142\u00f3wna","item":"https:\/\/henclewskiwyjatek.pl\/de\/"},{"@type":"ListItem","position":2,"name":"Cookie-Richtlinie"}]},{"@type":"WebSite","@id":"https:\/\/henclewskiwyjatek.pl\/#website","url":"https:\/\/henclewskiwyjatek.pl\/","name":"Henclewski &amp; Wyjatek Kancelaria","description":"Ihre Wirtschaftsanw\u00e4lte","publisher":{"@id":"https:\/\/henclewskiwyjatek.pl\/#organization"},"potentialAction":[{"@type":"SearchAction","target":{"@type":"EntryPoint","urlTemplate":"https:\/\/henclewskiwyjatek.pl\/?s={search_term_string}"},"query-input":{"@type":"PropertyValueSpecification","valueRequired":true,"valueName":"search_term_string"}}],"inLanguage":"de"},{"@type":"Organization","@id":"https:\/\/henclewskiwyjatek.pl\/#organization","name":"Henclewski &amp; Wyjatek Kancelaria","url":"https:\/\/henclewskiwyjatek.pl\/","logo":{"@type":"ImageObject","inLanguage":"de","@id":"https:\/\/henclewskiwyjatek.pl\/#\/schema\/logo\/image\/","url":"https:\/\/henclewskiwyjatek.pl\/wp-content\/uploads\/2023\/06\/hw_logo.png","contentUrl":"https:\/\/henclewskiwyjatek.pl\/wp-content\/uploads\/2023\/06\/hw_logo.png","width":479,"height":173,"caption":"Henclewski &amp; Wyjatek Kancelaria"},"image":{"@id":"https:\/\/henclewskiwyjatek.pl\/#\/schema\/logo\/image\/"},"sameAs":["https:\/\/www.facebook.com\/profile.php?id=100087508418448","https:\/\/www.linkedin.com\/company\/38142911\/"]}]}},"_links":{"self":[{"href":"https:\/\/henclewskiwyjatek.pl\/de\/wp-json\/wp\/v2\/pages\/31322","targetHints":{"allow":["GET"]}}],"collection":[{"href":"https:\/\/henclewskiwyjatek.pl\/de\/wp-json\/wp\/v2\/pages"}],"about":[{"href":"https:\/\/henclewskiwyjatek.pl\/de\/wp-json\/wp\/v2\/types\/page"}],"author":[{"embeddable":true,"href":"https:\/\/henclewskiwyjatek.pl\/de\/wp-json\/wp\/v2\/users\/2"}],"replies":[{"embeddable":true,"href":"https:\/\/henclewskiwyjatek.pl\/de\/wp-json\/wp\/v2\/comments?post=31322"}],"version-history":[{"count":1,"href":"https:\/\/henclewskiwyjatek.pl\/de\/wp-json\/wp\/v2\/pages\/31322\/revisions"}],"predecessor-version":[{"id":31323,"href":"https:\/\/henclewskiwyjatek.pl\/de\/wp-json\/wp\/v2\/pages\/31322\/revisions\/31323"}],"wp:attachment":[{"href":"https:\/\/henclewskiwyjatek.pl\/de\/wp-json\/wp\/v2\/media?parent=31322"}],"curies":[{"name":"wp","href":"https:\/\/api.w.org\/{rel}","templated":true}]}}