{"id":31324,"date":"2025-11-07T10:11:15","date_gmt":"2025-11-07T10:11:15","guid":{"rendered":"https:\/\/henclewskiwyjatek.pl\/?page_id=31324"},"modified":"2025-11-07T10:13:13","modified_gmt":"2025-11-07T10:13:13","slug":"datenschutzrichtlinie","status":"publish","type":"page","link":"https:\/\/henclewskiwyjatek.pl\/de\/datenschutzrichtlinie\/","title":{"rendered":"Datenschutzrichtlinie"},"content":{"rendered":"\n<p><b>Datenschutzrichtlinie f\u00fcr die Website henclewskiwyjatek.pl<\/b><\/p>\n<p>\u00a0<\/p>\n<p><b>I. Allgemeine Bestimmungen<\/b> Diese Datenschutzrichtlinie (nachfolgend \u201e<b>Richtlinie<\/b>\u201c genannt) legt die Grunds\u00e4tze f\u00fcr die Verarbeitung personenbezogener Daten der Nutzer im Zusammenhang mit der Nutzung der Website unter der Adresse <b>henclewskiwyjatek.pl<\/b> (nachfolgend \u201e<b>Dienst<\/b>\u201c genannt) fest.<\/p>\n<p>Die <b>KANCELARIA ADWOKACKA HENCLEWSKI, WYJATEK SP\u00d3\u0141KA KOMANDYTOWA<\/b> (nachfolgend \u201e<b>Kanzlei<\/b>\u201c genannt) misst dem Schutz der Privatsph\u00e4re und der Sicherheit der personenbezogenen Daten der Besucher des Dienstes h\u00f6chste Bedeutung bei.<\/p>\n<p>Die Rechtsgrundlage f\u00fcr diese Richtlinie ist insbesondere die Verordnung (EU) 2016\/679 des Europ\u00e4ischen Parlaments und des Rates vom 27. April 2016 zum Schutz nat\u00fcrlicher Personen bei der Verarbeitung personenbezogener Daten, zum freien Datenverkehr und zur Aufhebung der Richtlinie 95\/46\/EG (Datenschutz-Grundverordnung), nachfolgend \u201e<b>DSGVO<\/b>\u201c genannt.<\/p>\n<p>Die Nutzung des Dienstes ist freiwillig.<\/p>\n<p>\u00a0<\/p>\n<p><b>II. Verantwortlicher f\u00fcr die Verarbeitung personenbezogener Daten<\/b> Der Verantwortliche f\u00fcr Ihre personenbezogenen Daten (ADO) ist: <b>KANCELARIA ADWOKACKA HENCLEWSKI, WYJATEK SP\u00d3\u0141KA KOMANDYTOWA<\/b>, Chwaliszewo 72\/7, 61-104 Pozna\u0144, Polen, NIP (StIdNr.): 7831664870, REGON (Stat. Nr.): 301635458, KRS (Landesgerichtsregister-Nr.): 0001142181<\/p>\n<p>In allen Angelegenheiten, die die Verarbeitung personenbezogener Daten und die Aus\u00fcbung Ihrer Rechte im Zusammenhang mit deren Verarbeitung betreffen, k\u00f6nnen Sie uns kontaktieren: <b>Per E-Mail:<\/b> biuro@henclewskiwyjatek.pl<\/p>\n<p><b>Per Post:<\/b> Chwaliszewo 72\/7, 61-104 Pozna\u0144<\/p>\n<p>\u00a0<\/p>\n<p><b>III. Zwecke, Rechtsgrundlagen und Dauer der Datenverarbeitung<\/b> Der Verantwortliche verarbeitet Ihre personenbezogenen Daten zu folgenden Zwecken:<\/p>\n<p><b>1. Verwaltung des Dienstes und Gew\u00e4hrleistung seiner Sicherheit (Server-Protokolle)<\/b> <b>Zweck der Verarbeitung:<\/b> Bei jedem Besuch des Dienstes erfasst das System automatisch Daten in sogenannten Server-Protokollen (Logfiles). Diese umfassen u.a. Ihre IP-Adresse, Datum und Uhrzeit des Besuchs, Browsertyp und Betriebssystem. Diese Daten sind notwendig, um technische Probleme zu diagnostizieren, die Sicherheit der IT-Infrastruktur zu gew\u00e4hrleisten und den Dienst zu verwalten.<\/p>\n<p><b>Rechtsgrundlage:<\/b> Art. 6 Abs. 1 lit. f DSGVO (das berechtigte Interesse des Verantwortlichen, das in der Gew\u00e4hrleistung eines reibungslosen und sicheren Betriebs des Dienstes besteht).<\/p>\n<p><b>Speicherdauer:<\/b> Die Daten werden f\u00fcr die zur Analyse von Sicherheitsvorf\u00e4llen erforderliche Dauer gespeichert, in der Regel nicht l\u00e4nger als 30 Tage.<\/p>\n<p><b>2. Analytische und statistische Zwecke (Google Analytics)<\/b> <b>Zweck der Verarbeitung:<\/b> Sammlung anonymisierter statistischer Daten dar\u00fcber, wie die Nutzer den Dienst verwenden (z. B. beliebte Unterseiten, Verkehrsquellen). Diese Daten helfen uns, die Bed\u00fcrfnisse der Nutzer zu verstehen und den Dienst zu optimieren.<\/p>\n<p><b>Rechtsgrundlage:<\/b> Art. 6 Abs. 1 lit. a DSGVO (die freiwillige Einwilligung des Nutzers, die \u00fcber das Cookie-Banner erteilt wird).<\/p>\n<p><b>Speicherdauer:<\/b> Gem\u00e4\u00df den in der Cookie-Richtlinie festgelegten Fristen.<\/p>\n<p><b>3. Marketingzwecke (Google Ads)<\/b> <b>Zweck der Verarbeitung:<\/b> Durchf\u00fchrung von Remarketing-Ma\u00dfnahmen, die darin bestehen, Ihnen unsere Werbung auf anderen Websites (im Google-Werbenetzwerk) anzuzeigen, nachdem Sie unseren Dienst verlassen haben.<\/p>\n<p><b>Rechtsgrundlage:<\/b> Art. 6 Abs. 1 lit. a DSGVO (die freiwillige Einwilligung des Nutzers, die \u00fcber das Cookie-Banner erteilt wird).<\/p>\n<p><b>Speicherdauer:<\/b> Gem\u00e4\u00df den in der Cookie-Richtlinie festgelegten Fristen.<\/p>\n<p><b>4. Bearbeitung von Anfragen per Telefon oder E-Mail<\/b> <b>Zweck der Verarbeitung:<\/b> Obwohl kein Kontaktformular vorhanden ist, stellt der Dienst Kontaktdaten (Telefonnummer, E-Mail-Adresse) zur Verf\u00fcgung. Wenn Sie die Kanzlei \u00fcber diese Kan\u00e4le kontaktieren, verarbeiten wir Ihre Daten (wie Vorname, Nachname, E-Mail-Adresse, Telefonnummer und Inhalt der Anfrage), um eine Antwort zu erteilen oder ein Angebot f\u00fcr juristische Dienstleistungen zu unterbreiten.<\/p>\n<p><b>Rechtsgrundlage:<\/b> Art. 6 Abs. 1 lit. f DSGVO (das berechtigte Interesse des Verantwortlichen, das in der Bearbeitung der Korrespondenz und der Beantwortung von Anfragen besteht), oder<\/p>\n<p>Art. 6 Abs. 1 lit. b DSGVO (Durchf\u00fchrung von Ma\u00dfnahmen auf Anfrage der betroffenen Person vor Abschluss eines Vertrags). <b>Speicherdauer:<\/b> Die Daten werden f\u00fcr die Dauer verarbeitet, die zur Beendigung der Korrespondenz in der jeweiligen Angelegenheit erforderlich ist, und anschlie\u00dfend f\u00fcr den Zeitraum, der zur Geltendmachung, Verfolgung oder Verteidigung von Anspr\u00fcchen erforderlich ist (d.h. f\u00fcr die Dauer der Verj\u00e4hrungsfrist).<\/p>\n<p><b>5. Feststellung, Geltendmachung oder Verteidigung von Anspr\u00fcchen<\/b> <b>Zweck der Verarbeitung:<\/b> Archivierung von Daten zur Sicherung von Informationen f\u00fcr den Fall, dass ein rechtlicher Bedarf besteht, Tatsachen nachzuweisen oder sich gegen Anspr\u00fcche zu verteidigen.<\/p>\n<p><b>Rechtsgrundlage:<\/b> Art. 6 Abs. 1 lit. f DSGVO (das berechtigte Interesse des Verantwortlichen).<\/p>\n<p><b>Speicherdauer:<\/b> Bis zum Ablauf der gesetzlichen Verj\u00e4hrungsfristen f\u00fcr Anspr\u00fcche.<\/p>\n<p>\u00a0<\/p>\n<p><b>IV. Empf\u00e4nger personenbezogener Daten<\/b> Im Zusammenhang mit der gef\u00fchrten T\u00e4tigkeit kann der Verantwortliche die Verarbeitung Ihrer personenbezogenen Daten den folgenden Kategorien von Empf\u00e4ngern anvertrauen: <b>Hosting- und IT-Dienstleister:<\/b> Stellen, die die technische Betreuung und das Hosting des Dienstes gew\u00e4hrleisten.<\/p>\n<p><b>Google Ireland Limited:<\/b> Soweit Sie Ihre Einwilligung erteilt haben \u2013 zur Nutzung von Analyse- (Google Analytics) und Marketing-Tools (Google Ads).<\/p>\n<p><b>Andere Subunternehmer:<\/b> Stellen, die Unterst\u00fctzungsleistungen f\u00fcr die Kanzlei erbringen (z. B. E-Mail-Dienste, Beratung). Diese Stellen verarbeiten Daten ausschlie\u00dflich auf der Grundlage eines Auftragsverarbeitungsvertrags und nur in dem Umfang, der zur Erreichung der vom Verantwortlichen festgelegten Zwecke erforderlich ist.<\/p>\n<p>\u00a0<\/p>\n<p><b>V. Daten\u00fcbermittlung au\u00dferhalb des Europ\u00e4ischen Wirtschaftsraums (EWR)<\/b> Im Zusammenhang mit der Nutzung von Google-Tools (Analytics, Ads, Tag Manager) k\u00f6nnen Ihre personenbezogenen Daten (die auf der Grundlage Ihrer Einwilligung erhoben werden) in die Vereinigten Staaten, d.h. ein Land au\u00dferhalb des EWR, \u00fcbermittelt werden.<\/p>\n<p>Google LLC (die Muttergesellschaft) wendet Konformit\u00e4tsmechanismen in Form von <b>Standardvertragsklauseln (SCC)<\/b> an, die von der Europ\u00e4ischen Kommission genehmigt wurden, um ein angemessenes Datenschutzniveau gem\u00e4\u00df den Anforderungen der DSGVO zu gew\u00e4hrleisten.<\/p>\n<p>Detaillierte Informationen dar\u00fcber, wie Google Daten verarbeitet, finden Sie unter: <a class=\"ng-star-inserted\" href=\"https:\/\/policies.google.com\/privacy?authuser=1\" target=\"_blank\" rel=\"noopener\">https:\/\/policies.google.com\/privacy<\/a><\/p>\n<p>\u00a0<\/p>\n<p><b>VI. Ihre Rechte (Gem\u00e4\u00df DSGVO)<\/b> Im Zusammenhang mit der Verarbeitung Ihrer personenbezogenen Daten stehen Ihnen die folgenden Rechte zu: <b>Recht auf Auskunft<\/b> (Art. 15 DSGVO): Das Recht, eine Best\u00e4tigung dar\u00fcber zu erhalten, ob wir Ihre Daten verarbeiten, sowie eine Kopie dieser Daten zu erhalten.<\/p>\n<p><b>Recht auf Berichtigung<\/b> (Art. 16 DSGVO): Das Recht, die Berichtigung unrichtiger oder die Vervollst\u00e4ndigung unvollst\u00e4ndiger Daten zu verlangen.<\/p>\n<p><b>Recht auf L\u00f6schung \u2013 \u201eRecht auf Vergessenwerden\u201c<\/b> (Art. 17 DSGVO): Das Recht, die L\u00f6schung von Daten zu verlangen, wenn sie u. a. f\u00fcr die Zwecke, f\u00fcr die sie erhoben wurden, nicht mehr notwendig sind.<\/p>\n<p><b>Recht auf Einschr\u00e4nkung der Verarbeitung<\/b> (Art. 18 DSGVO): Das Recht, die &#8222;Sperrung&#8220; von Daten in bestimmten F\u00e4llen zu verlangen (z. B. w\u00e4hrend der \u00dcberpr\u00fcfung ihrer Richtigkeit).<\/p>\n<p><b>Recht auf Daten\u00fcbertragbarkeit<\/b> (Art. 20 DSGVO): Das Recht, Daten in einem strukturierten Format zu erhalten und sie einem anderen Verantwortlichen zu \u00fcbermitteln (gilt f\u00fcr Daten, die auf der Grundlage einer Einwilligung oder eines Vertrags verarbeitet werden).<\/p>\n<p><b>Widerspruchsrecht<\/b> (Art. 21 DSGVO): Sie k\u00f6nnen jederzeit (aus Gr\u00fcnden, die sich aus Ihrer besonderen Situation ergeben) Widerspruch gegen die Verarbeitung von Daten einlegen, die auf einem <b>berechtigten Interesse<\/b> (Art. 6 Abs. 1 lit. f DSGVO) beruht, z. B. gegen die Verarbeitung von Daten in Server-Protokollen.<\/p>\n<p><b>Recht auf Widerruf der Einwilligung<\/b> (Art. 7 Abs. 3 DSGVO): Sie haben das Recht, Ihre <b>Einwilligung<\/b> zur Verarbeitung von Daten zu Analyse- und Marketingzwecken (Cookies) jederzeit zu <b>widerrufen<\/b>.<\/p>\n<p>Der Widerruf der Einwilligung ber\u00fchrt nicht die Rechtm\u00e4\u00dfigkeit der aufgrund der Einwilligung bis zum Widerruf erfolgten Verarbeitung.<\/p>\n<p>Die Einwilligung kann auf die in der Cookie-Richtlinie beschriebene Weise widerrufen werden (durch \u00c4ndern der Einstellungen im Einwilligungsverwaltungsfenster). <b>Recht auf Beschwerde bei einer Aufsichtsbeh\u00f6rde:<\/b> Wenn Sie der Ansicht sind, dass die Verarbeitung der Daten gegen die DSGVO verst\u00f6\u00dft, haben Sie das Recht, eine Beschwerde beim Pr\u00e4sidenten des Amtes f\u00fcr den Schutz personenbezogener Daten (PUODO) (Adresse: ul. Stawki 2, 00-193 Warszawa, Polen) einzulegen.<\/p>\n<p>\u00a0<\/p>\n<p><b>VII. Cookies<\/b> Der Dienst verwendet Cookies und \u00e4hnliche Technologien.<\/p>\n<p>Cookies werden u.a. zu analytischen und Marketingzwecken verwendet, ausschlie\u00dflich auf der Grundlage Ihrer freiwilligen Einwilligung.<\/p>\n<p>Detaillierte Informationen zu den Arten der verwendeten Cookies, den Zwecken ihrer Verwendung und den M\u00f6glichkeiten zur Verwaltung der Einwilligungen (einschlie\u00dflich ihres Widerrufs) finden Sie in der <a href=\"https:\/\/henclewskiwyjatek.pl\/de\/cookie-richtlinie\/\"><b>Cookie-Richtlinie<\/b><\/a>.<\/p>\n<p>\u00a0<\/p>\n<p><b>VIII. Automatisierte Entscheidungsfindung und Profiling<\/b> Der Verantwortliche trifft Ihnen gegen\u00fcber keine automatisierten Entscheidungen, die rechtliche Auswirkungen f\u00fcr Sie h\u00e4tten oder Sie in \u00e4hnlicher Weise erheblich beeintr\u00e4chtigen w\u00fcrden.<\/p>\n<p>Daten, die auf der Grundlage Ihrer Einwilligung (Cookies) erhoben werden, k\u00f6nnen f\u00fcr <b>Profiling<\/b> zu Marketingzwecken (Google Ads Remarketing) verwendet werden. Das bedeutet, dass wir Ihnen auf der Grundlage Ihrer Aktivit\u00e4t im Dienst m\u00f6glicherweise gezieltere Werbebotschaften im Google-Netzwerk zukommen lassen.<\/p>\n<p>\u00a0<\/p>\n<p><b>IX. \u00c4nderungen der Datenschutzrichtlinie<\/b> Diese Richtlinie wird laufend \u00fcberpr\u00fcft und bei Bedarf aktualisiert.<\/p>\n<p>Alle \u00c4nderungen treten mit dem Tag der Ver\u00f6ffentlichung des neuen Inhalts der Richtlinie im Dienst in Kraft.<\/p>\n\n\n","protected":false},"excerpt":{"rendered":"<p>Datenschutzrichtlinie f\u00fcr die Website henclewskiwyjatek.pl \u00a0 I. Allgemeine Bestimmungen Diese Datenschutzrichtlinie (nachfolgend \u201eRichtlinie\u201c genannt) legt die Grunds\u00e4tze f\u00fcr die Verarbeitung personenbezogener Daten der Nutzer im Zusammenhang mit der Nutzung der Website unter der Adresse henclewskiwyjatek.pl (nachfolgend \u201eDienst\u201c genannt) fest. Die KANCELARIA ADWOKACKA HENCLEWSKI, WYJATEK SP\u00d3\u0141KA KOMANDYTOWA (nachfolgend \u201eKanzlei\u201c genannt) misst dem Schutz der Privatsph\u00e4re und [&hellip;]<\/p>\n","protected":false},"author":2,"featured_media":0,"parent":0,"menu_order":1,"comment_status":"closed","ping_status":"closed","template":"","meta":{"_monsterinsights_skip_tracking":false,"_monsterinsights_sitenote_active":false,"_monsterinsights_sitenote_note":"","_monsterinsights_sitenote_category":0,"footnotes":""},"class_list":["post-31324","page","type-page","status-publish","hentry"],"yoast_head":"<!-- This site is optimized with the Yoast SEO plugin v27.3 - https:\/\/yoast.com\/product\/yoast-seo-wordpress\/ -->\n<title>Datenschutzrichtlinie - Henclewski &amp; Wyjatek<\/title>\n<meta name=\"robots\" content=\"index, follow, max-snippet:-1, max-image-preview:large, max-video-preview:-1\" \/>\n<link rel=\"canonical\" href=\"https:\/\/henclewskiwyjatek.pl\/de\/datenschutzrichtlinie\/\" \/>\n<meta property=\"og:locale\" content=\"de_DE\" \/>\n<meta property=\"og:type\" content=\"article\" \/>\n<meta property=\"og:title\" content=\"Datenschutzrichtlinie - Henclewski &amp; Wyjatek\" \/>\n<meta property=\"og:description\" content=\"Datenschutzrichtlinie f\u00fcr die Website henclewskiwyjatek.pl \u00a0 I. Allgemeine Bestimmungen Diese Datenschutzrichtlinie (nachfolgend \u201eRichtlinie\u201c genannt) legt die Grunds\u00e4tze f\u00fcr die Verarbeitung personenbezogener Daten der Nutzer im Zusammenhang mit der Nutzung der Website unter der Adresse henclewskiwyjatek.pl (nachfolgend \u201eDienst\u201c genannt) fest. Die KANCELARIA ADWOKACKA HENCLEWSKI, WYJATEK SP\u00d3\u0141KA KOMANDYTOWA (nachfolgend \u201eKanzlei\u201c genannt) misst dem Schutz der Privatsph\u00e4re und [&hellip;]\" \/>\n<meta property=\"og:url\" content=\"https:\/\/henclewskiwyjatek.pl\/de\/datenschutzrichtlinie\/\" \/>\n<meta property=\"og:site_name\" content=\"Henclewski &amp; Wyjatek\" \/>\n<meta property=\"article:publisher\" content=\"https:\/\/www.facebook.com\/profile.php?id=100087508418448\" \/>\n<meta property=\"article:modified_time\" content=\"2025-11-07T10:13:13+00:00\" \/>\n<meta name=\"twitter:card\" content=\"summary_large_image\" \/>\n<meta name=\"twitter:label1\" content=\"Gesch\u00e4tzte Lesezeit\" \/>\n\t<meta name=\"twitter:data1\" content=\"8\u00a0Minuten\" \/>\n<script type=\"application\/ld+json\" class=\"yoast-schema-graph\">{\"@context\":\"https:\\\/\\\/schema.org\",\"@graph\":[{\"@type\":\"WebPage\",\"@id\":\"https:\\\/\\\/henclewskiwyjatek.pl\\\/de\\\/datenschutzrichtlinie\\\/\",\"url\":\"https:\\\/\\\/henclewskiwyjatek.pl\\\/de\\\/datenschutzrichtlinie\\\/\",\"name\":\"Datenschutzrichtlinie - Henclewski &amp; Wyjatek\",\"isPartOf\":{\"@id\":\"https:\\\/\\\/henclewskiwyjatek.pl\\\/#website\"},\"datePublished\":\"2025-11-07T10:11:15+00:00\",\"dateModified\":\"2025-11-07T10:13:13+00:00\",\"breadcrumb\":{\"@id\":\"https:\\\/\\\/henclewskiwyjatek.pl\\\/de\\\/datenschutzrichtlinie\\\/#breadcrumb\"},\"inLanguage\":\"de\",\"potentialAction\":[{\"@type\":\"ReadAction\",\"target\":[\"https:\\\/\\\/henclewskiwyjatek.pl\\\/de\\\/datenschutzrichtlinie\\\/\"]}]},{\"@type\":\"BreadcrumbList\",\"@id\":\"https:\\\/\\\/henclewskiwyjatek.pl\\\/de\\\/datenschutzrichtlinie\\\/#breadcrumb\",\"itemListElement\":[{\"@type\":\"ListItem\",\"position\":1,\"name\":\"Strona g\u0142\u00f3wna\",\"item\":\"https:\\\/\\\/henclewskiwyjatek.pl\\\/de\\\/\"},{\"@type\":\"ListItem\",\"position\":2,\"name\":\"Datenschutzrichtlinie\"}]},{\"@type\":\"WebSite\",\"@id\":\"https:\\\/\\\/henclewskiwyjatek.pl\\\/#website\",\"url\":\"https:\\\/\\\/henclewskiwyjatek.pl\\\/\",\"name\":\"Henclewski &amp; Wyjatek Kancelaria\",\"description\":\"Ihre Wirtschaftsanw\u00e4lte\",\"publisher\":{\"@id\":\"https:\\\/\\\/henclewskiwyjatek.pl\\\/#organization\"},\"potentialAction\":[{\"@type\":\"SearchAction\",\"target\":{\"@type\":\"EntryPoint\",\"urlTemplate\":\"https:\\\/\\\/henclewskiwyjatek.pl\\\/?s={search_term_string}\"},\"query-input\":{\"@type\":\"PropertyValueSpecification\",\"valueRequired\":true,\"valueName\":\"search_term_string\"}}],\"inLanguage\":\"de\"},{\"@type\":\"Organization\",\"@id\":\"https:\\\/\\\/henclewskiwyjatek.pl\\\/#organization\",\"name\":\"Henclewski &amp; Wyjatek Kancelaria\",\"url\":\"https:\\\/\\\/henclewskiwyjatek.pl\\\/\",\"logo\":{\"@type\":\"ImageObject\",\"inLanguage\":\"de\",\"@id\":\"https:\\\/\\\/henclewskiwyjatek.pl\\\/#\\\/schema\\\/logo\\\/image\\\/\",\"url\":\"https:\\\/\\\/henclewskiwyjatek.pl\\\/wp-content\\\/uploads\\\/2023\\\/06\\\/hw_logo.png\",\"contentUrl\":\"https:\\\/\\\/henclewskiwyjatek.pl\\\/wp-content\\\/uploads\\\/2023\\\/06\\\/hw_logo.png\",\"width\":479,\"height\":173,\"caption\":\"Henclewski &amp; Wyjatek Kancelaria\"},\"image\":{\"@id\":\"https:\\\/\\\/henclewskiwyjatek.pl\\\/#\\\/schema\\\/logo\\\/image\\\/\"},\"sameAs\":[\"https:\\\/\\\/www.facebook.com\\\/profile.php?id=100087508418448\",\"https:\\\/\\\/www.linkedin.com\\\/company\\\/38142911\\\/\"]}]}<\/script>\n<!-- \/ Yoast SEO plugin. -->","yoast_head_json":{"title":"Datenschutzrichtlinie - Henclewski &amp; Wyjatek","robots":{"index":"index","follow":"follow","max-snippet":"max-snippet:-1","max-image-preview":"max-image-preview:large","max-video-preview":"max-video-preview:-1"},"canonical":"https:\/\/henclewskiwyjatek.pl\/de\/datenschutzrichtlinie\/","og_locale":"de_DE","og_type":"article","og_title":"Datenschutzrichtlinie - Henclewski &amp; Wyjatek","og_description":"Datenschutzrichtlinie f\u00fcr die Website henclewskiwyjatek.pl \u00a0 I. Allgemeine Bestimmungen Diese Datenschutzrichtlinie (nachfolgend \u201eRichtlinie\u201c genannt) legt die Grunds\u00e4tze f\u00fcr die Verarbeitung personenbezogener Daten der Nutzer im Zusammenhang mit der Nutzung der Website unter der Adresse henclewskiwyjatek.pl (nachfolgend \u201eDienst\u201c genannt) fest. Die KANCELARIA ADWOKACKA HENCLEWSKI, WYJATEK SP\u00d3\u0141KA KOMANDYTOWA (nachfolgend \u201eKanzlei\u201c genannt) misst dem Schutz der Privatsph\u00e4re und [&hellip;]","og_url":"https:\/\/henclewskiwyjatek.pl\/de\/datenschutzrichtlinie\/","og_site_name":"Henclewski &amp; Wyjatek","article_publisher":"https:\/\/www.facebook.com\/profile.php?id=100087508418448","article_modified_time":"2025-11-07T10:13:13+00:00","twitter_card":"summary_large_image","twitter_misc":{"Gesch\u00e4tzte Lesezeit":"8\u00a0Minuten"},"schema":{"@context":"https:\/\/schema.org","@graph":[{"@type":"WebPage","@id":"https:\/\/henclewskiwyjatek.pl\/de\/datenschutzrichtlinie\/","url":"https:\/\/henclewskiwyjatek.pl\/de\/datenschutzrichtlinie\/","name":"Datenschutzrichtlinie - Henclewski &amp; Wyjatek","isPartOf":{"@id":"https:\/\/henclewskiwyjatek.pl\/#website"},"datePublished":"2025-11-07T10:11:15+00:00","dateModified":"2025-11-07T10:13:13+00:00","breadcrumb":{"@id":"https:\/\/henclewskiwyjatek.pl\/de\/datenschutzrichtlinie\/#breadcrumb"},"inLanguage":"de","potentialAction":[{"@type":"ReadAction","target":["https:\/\/henclewskiwyjatek.pl\/de\/datenschutzrichtlinie\/"]}]},{"@type":"BreadcrumbList","@id":"https:\/\/henclewskiwyjatek.pl\/de\/datenschutzrichtlinie\/#breadcrumb","itemListElement":[{"@type":"ListItem","position":1,"name":"Strona g\u0142\u00f3wna","item":"https:\/\/henclewskiwyjatek.pl\/de\/"},{"@type":"ListItem","position":2,"name":"Datenschutzrichtlinie"}]},{"@type":"WebSite","@id":"https:\/\/henclewskiwyjatek.pl\/#website","url":"https:\/\/henclewskiwyjatek.pl\/","name":"Henclewski &amp; Wyjatek Kancelaria","description":"Ihre Wirtschaftsanw\u00e4lte","publisher":{"@id":"https:\/\/henclewskiwyjatek.pl\/#organization"},"potentialAction":[{"@type":"SearchAction","target":{"@type":"EntryPoint","urlTemplate":"https:\/\/henclewskiwyjatek.pl\/?s={search_term_string}"},"query-input":{"@type":"PropertyValueSpecification","valueRequired":true,"valueName":"search_term_string"}}],"inLanguage":"de"},{"@type":"Organization","@id":"https:\/\/henclewskiwyjatek.pl\/#organization","name":"Henclewski &amp; Wyjatek Kancelaria","url":"https:\/\/henclewskiwyjatek.pl\/","logo":{"@type":"ImageObject","inLanguage":"de","@id":"https:\/\/henclewskiwyjatek.pl\/#\/schema\/logo\/image\/","url":"https:\/\/henclewskiwyjatek.pl\/wp-content\/uploads\/2023\/06\/hw_logo.png","contentUrl":"https:\/\/henclewskiwyjatek.pl\/wp-content\/uploads\/2023\/06\/hw_logo.png","width":479,"height":173,"caption":"Henclewski &amp; Wyjatek Kancelaria"},"image":{"@id":"https:\/\/henclewskiwyjatek.pl\/#\/schema\/logo\/image\/"},"sameAs":["https:\/\/www.facebook.com\/profile.php?id=100087508418448","https:\/\/www.linkedin.com\/company\/38142911\/"]}]}},"_links":{"self":[{"href":"https:\/\/henclewskiwyjatek.pl\/de\/wp-json\/wp\/v2\/pages\/31324","targetHints":{"allow":["GET"]}}],"collection":[{"href":"https:\/\/henclewskiwyjatek.pl\/de\/wp-json\/wp\/v2\/pages"}],"about":[{"href":"https:\/\/henclewskiwyjatek.pl\/de\/wp-json\/wp\/v2\/types\/page"}],"author":[{"embeddable":true,"href":"https:\/\/henclewskiwyjatek.pl\/de\/wp-json\/wp\/v2\/users\/2"}],"replies":[{"embeddable":true,"href":"https:\/\/henclewskiwyjatek.pl\/de\/wp-json\/wp\/v2\/comments?post=31324"}],"version-history":[{"count":2,"href":"https:\/\/henclewskiwyjatek.pl\/de\/wp-json\/wp\/v2\/pages\/31324\/revisions"}],"predecessor-version":[{"id":31326,"href":"https:\/\/henclewskiwyjatek.pl\/de\/wp-json\/wp\/v2\/pages\/31324\/revisions\/31326"}],"wp:attachment":[{"href":"https:\/\/henclewskiwyjatek.pl\/de\/wp-json\/wp\/v2\/media?parent=31324"}],"curies":[{"name":"wp","href":"https:\/\/api.w.org\/{rel}","templated":true}]}}