{"id":30968,"date":"2025-07-16T13:38:02","date_gmt":"2025-07-16T13:38:02","guid":{"rendered":"https:\/\/henclewskiwyjatek.pl\/team\/lawyers\/marcin-skoczylas\/"},"modified":"2025-07-16T19:08:44","modified_gmt":"2025-07-16T19:08:44","slug":"marcin-skoczylas","status":"publish","type":"page","link":"https:\/\/henclewskiwyjatek.pl\/en\/team\/lawyers\/marcin-skoczylas\/","title":{"rendered":"Marcin Skoczylas"},"content":{"rendered":"\n<p style=\"text-align: justify;\">Attorney-at-law, graduate of the Faculty of Law and Administration at Adam Mickiewicz University in Pozna\u0144. He completed his legal training at the Regional Chamber of Attorneys-at-Law in Pozna\u0144 and obtained his professional license in 2024.<\/p>\n<p data-start=\"1232\" data-end=\"1385\">He gained professional experience in reputable law firms in Pozna\u0144 and as a judicial assistant in the commercial and criminal divisions of common courts.<\/p>\n<p data-start=\"1387\" data-end=\"1577\">He specializes in civil and commercial litigation and commercial contract law. He represents clients in court proceedings, with particular focus on civil and commercial disputes.<\/p>\n","protected":false},"excerpt":{"rendered":"<p>Attorney-at-law, graduate of the Faculty of Law and Administration at Adam Mickiewicz University in Pozna\u0144. He completed his legal training at the Regional Chamber of Attorneys-at-Law in Pozna\u0144 and obtained his professional license in 2024. He gained professional experience in reputable law firms in Pozna\u0144 and as a judicial assistant in the commercial and criminal [&hellip;]<\/p>\n","protected":false},"author":2,"featured_media":30984,"parent":24524,"menu_order":164,"comment_status":"closed","ping_status":"closed","template":"team-member-template.php","meta":{"_monsterinsights_skip_tracking":false,"_monsterinsights_sitenote_active":false,"_monsterinsights_sitenote_note":"","_monsterinsights_sitenote_category":0,"footnotes":""},"class_list":["post-30968","page","type-page","status-publish","has-post-thumbnail","hentry"],"yoast_head":"<!-- This site is optimized with the Yoast SEO plugin v27.3 - https:\/\/yoast.com\/product\/yoast-seo-wordpress\/ -->\n<title>Marcin Skoczylas - Henclewski &amp; Wyjatek<\/title>\n<meta name=\"robots\" content=\"index, follow, max-snippet:-1, max-image-preview:large, max-video-preview:-1\" \/>\n<link rel=\"canonical\" href=\"https:\/\/henclewskiwyjatek.pl\/en\/team\/lawyers\/marcin-skoczylas\/\" \/>\n<meta property=\"og:locale\" content=\"en_US\" \/>\n<meta property=\"og:type\" content=\"article\" \/>\n<meta property=\"og:title\" content=\"Marcin Skoczylas - Henclewski &amp; Wyjatek\" \/>\n<meta property=\"og:description\" content=\"Attorney-at-law, graduate of the Faculty of Law and Administration at Adam Mickiewicz University in Pozna\u0144. He completed his legal training at the Regional Chamber of Attorneys-at-Law in Pozna\u0144 and obtained his professional license in 2024. He gained professional experience in reputable law firms in Pozna\u0144 and as a judicial assistant in the commercial and criminal [&hellip;]\" \/>\n<meta property=\"og:url\" content=\"https:\/\/henclewskiwyjatek.pl\/en\/team\/lawyers\/marcin-skoczylas\/\" \/>\n<meta property=\"og:site_name\" content=\"Henclewski &amp; Wyjatek\" \/>\n<meta property=\"article:publisher\" content=\"https:\/\/www.facebook.com\/profile.php?id=100087508418448\" \/>\n<meta property=\"article:modified_time\" content=\"2025-07-16T19:08:44+00:00\" \/>\n<meta property=\"og:image\" content=\"https:\/\/henclewskiwyjatek.pl\/wp-content\/uploads\/2025\/07\/Marcin-Skoczylas-900x1107-1.jpg\" \/>\n\t<meta property=\"og:image:width\" content=\"900\" \/>\n\t<meta property=\"og:image:height\" content=\"1107\" \/>\n\t<meta property=\"og:image:type\" content=\"image\/jpeg\" \/>\n<meta name=\"twitter:card\" content=\"summary_large_image\" \/>\n<meta name=\"twitter:label1\" content=\"Est. reading time\" \/>\n\t<meta name=\"twitter:data1\" content=\"1 minute\" \/>\n<script type=\"application\/ld+json\" class=\"yoast-schema-graph\">{\"@context\":\"https:\\\/\\\/schema.org\",\"@graph\":[{\"@type\":\"WebPage\",\"@id\":\"https:\\\/\\\/henclewskiwyjatek.pl\\\/en\\\/team\\\/lawyers\\\/marcin-skoczylas\\\/\",\"url\":\"https:\\\/\\\/henclewskiwyjatek.pl\\\/en\\\/team\\\/lawyers\\\/marcin-skoczylas\\\/\",\"name\":\"Marcin Skoczylas - Henclewski &amp; Wyjatek\",\"isPartOf\":{\"@id\":\"https:\\\/\\\/henclewskiwyjatek.pl\\\/#website\"},\"primaryImageOfPage\":{\"@id\":\"https:\\\/\\\/henclewskiwyjatek.pl\\\/en\\\/team\\\/lawyers\\\/marcin-skoczylas\\\/#primaryimage\"},\"image\":{\"@id\":\"https:\\\/\\\/henclewskiwyjatek.pl\\\/en\\\/team\\\/lawyers\\\/marcin-skoczylas\\\/#primaryimage\"},\"thumbnailUrl\":\"https:\\\/\\\/henclewskiwyjatek.pl\\\/wp-content\\\/uploads\\\/2025\\\/07\\\/Marcin-Skoczylas-900x1107-1.jpg\",\"datePublished\":\"2025-07-16T13:38:02+00:00\",\"dateModified\":\"2025-07-16T19:08:44+00:00\",\"breadcrumb\":{\"@id\":\"https:\\\/\\\/henclewskiwyjatek.pl\\\/en\\\/team\\\/lawyers\\\/marcin-skoczylas\\\/#breadcrumb\"},\"inLanguage\":\"en-US\",\"potentialAction\":[{\"@type\":\"ReadAction\",\"target\":[\"https:\\\/\\\/henclewskiwyjatek.pl\\\/en\\\/team\\\/lawyers\\\/marcin-skoczylas\\\/\"]}]},{\"@type\":\"ImageObject\",\"inLanguage\":\"en-US\",\"@id\":\"https:\\\/\\\/henclewskiwyjatek.pl\\\/en\\\/team\\\/lawyers\\\/marcin-skoczylas\\\/#primaryimage\",\"url\":\"https:\\\/\\\/henclewskiwyjatek.pl\\\/wp-content\\\/uploads\\\/2025\\\/07\\\/Marcin-Skoczylas-900x1107-1.jpg\",\"contentUrl\":\"https:\\\/\\\/henclewskiwyjatek.pl\\\/wp-content\\\/uploads\\\/2025\\\/07\\\/Marcin-Skoczylas-900x1107-1.jpg\",\"width\":900,\"height\":1107},{\"@type\":\"BreadcrumbList\",\"@id\":\"https:\\\/\\\/henclewskiwyjatek.pl\\\/en\\\/team\\\/lawyers\\\/marcin-skoczylas\\\/#breadcrumb\",\"itemListElement\":[{\"@type\":\"ListItem\",\"position\":1,\"name\":\"Strona g\u0142\u00f3wna\",\"item\":\"https:\\\/\\\/henclewskiwyjatek.pl\\\/en\\\/\"},{\"@type\":\"ListItem\",\"position\":2,\"name\":\"Team\",\"item\":\"https:\\\/\\\/henclewskiwyjatek.pl\\\/en\\\/team\\\/\"},{\"@type\":\"ListItem\",\"position\":3,\"name\":\"Lawyers\",\"item\":\"https:\\\/\\\/henclewskiwyjatek.pl\\\/en\\\/team\\\/lawyers\\\/\"},{\"@type\":\"ListItem\",\"position\":4,\"name\":\"Marcin Skoczylas\"}]},{\"@type\":\"WebSite\",\"@id\":\"https:\\\/\\\/henclewskiwyjatek.pl\\\/#website\",\"url\":\"https:\\\/\\\/henclewskiwyjatek.pl\\\/\",\"name\":\"Henclewski &amp; Wyjatek Kancelaria\",\"description\":\"attorneys of Your business\",\"publisher\":{\"@id\":\"https:\\\/\\\/henclewskiwyjatek.pl\\\/#organization\"},\"potentialAction\":[{\"@type\":\"SearchAction\",\"target\":{\"@type\":\"EntryPoint\",\"urlTemplate\":\"https:\\\/\\\/henclewskiwyjatek.pl\\\/?s={search_term_string}\"},\"query-input\":{\"@type\":\"PropertyValueSpecification\",\"valueRequired\":true,\"valueName\":\"search_term_string\"}}],\"inLanguage\":\"en-US\"},{\"@type\":\"Organization\",\"@id\":\"https:\\\/\\\/henclewskiwyjatek.pl\\\/#organization\",\"name\":\"Henclewski &amp; Wyjatek Kancelaria\",\"url\":\"https:\\\/\\\/henclewskiwyjatek.pl\\\/\",\"logo\":{\"@type\":\"ImageObject\",\"inLanguage\":\"en-US\",\"@id\":\"https:\\\/\\\/henclewskiwyjatek.pl\\\/#\\\/schema\\\/logo\\\/image\\\/\",\"url\":\"https:\\\/\\\/henclewskiwyjatek.pl\\\/wp-content\\\/uploads\\\/2023\\\/06\\\/hw_logo.png\",\"contentUrl\":\"https:\\\/\\\/henclewskiwyjatek.pl\\\/wp-content\\\/uploads\\\/2023\\\/06\\\/hw_logo.png\",\"width\":479,\"height\":173,\"caption\":\"Henclewski &amp; Wyjatek Kancelaria\"},\"image\":{\"@id\":\"https:\\\/\\\/henclewskiwyjatek.pl\\\/#\\\/schema\\\/logo\\\/image\\\/\"},\"sameAs\":[\"https:\\\/\\\/www.facebook.com\\\/profile.php?id=100087508418448\",\"https:\\\/\\\/www.linkedin.com\\\/company\\\/38142911\\\/\"]}]}<\/script>\n<!-- \/ Yoast SEO plugin. -->","yoast_head_json":{"title":"Marcin Skoczylas - Henclewski &amp; Wyjatek","robots":{"index":"index","follow":"follow","max-snippet":"max-snippet:-1","max-image-preview":"max-image-preview:large","max-video-preview":"max-video-preview:-1"},"canonical":"https:\/\/henclewskiwyjatek.pl\/en\/team\/lawyers\/marcin-skoczylas\/","og_locale":"en_US","og_type":"article","og_title":"Marcin Skoczylas - Henclewski &amp; Wyjatek","og_description":"Attorney-at-law, graduate of the Faculty of Law and Administration at Adam Mickiewicz University in Pozna\u0144. He completed his legal training at the Regional Chamber of Attorneys-at-Law in Pozna\u0144 and obtained his professional license in 2024. He gained professional experience in reputable law firms in Pozna\u0144 and as a judicial assistant in the commercial and criminal [&hellip;]","og_url":"https:\/\/henclewskiwyjatek.pl\/en\/team\/lawyers\/marcin-skoczylas\/","og_site_name":"Henclewski &amp; Wyjatek","article_publisher":"https:\/\/www.facebook.com\/profile.php?id=100087508418448","article_modified_time":"2025-07-16T19:08:44+00:00","og_image":[{"width":900,"height":1107,"url":"https:\/\/henclewskiwyjatek.pl\/wp-content\/uploads\/2025\/07\/Marcin-Skoczylas-900x1107-1.jpg","type":"image\/jpeg"}],"twitter_card":"summary_large_image","twitter_misc":{"Est. reading time":"1 minute"},"schema":{"@context":"https:\/\/schema.org","@graph":[{"@type":"WebPage","@id":"https:\/\/henclewskiwyjatek.pl\/en\/team\/lawyers\/marcin-skoczylas\/","url":"https:\/\/henclewskiwyjatek.pl\/en\/team\/lawyers\/marcin-skoczylas\/","name":"Marcin Skoczylas - Henclewski &amp; Wyjatek","isPartOf":{"@id":"https:\/\/henclewskiwyjatek.pl\/#website"},"primaryImageOfPage":{"@id":"https:\/\/henclewskiwyjatek.pl\/en\/team\/lawyers\/marcin-skoczylas\/#primaryimage"},"image":{"@id":"https:\/\/henclewskiwyjatek.pl\/en\/team\/lawyers\/marcin-skoczylas\/#primaryimage"},"thumbnailUrl":"https:\/\/henclewskiwyjatek.pl\/wp-content\/uploads\/2025\/07\/Marcin-Skoczylas-900x1107-1.jpg","datePublished":"2025-07-16T13:38:02+00:00","dateModified":"2025-07-16T19:08:44+00:00","breadcrumb":{"@id":"https:\/\/henclewskiwyjatek.pl\/en\/team\/lawyers\/marcin-skoczylas\/#breadcrumb"},"inLanguage":"en-US","potentialAction":[{"@type":"ReadAction","target":["https:\/\/henclewskiwyjatek.pl\/en\/team\/lawyers\/marcin-skoczylas\/"]}]},{"@type":"ImageObject","inLanguage":"en-US","@id":"https:\/\/henclewskiwyjatek.pl\/en\/team\/lawyers\/marcin-skoczylas\/#primaryimage","url":"https:\/\/henclewskiwyjatek.pl\/wp-content\/uploads\/2025\/07\/Marcin-Skoczylas-900x1107-1.jpg","contentUrl":"https:\/\/henclewskiwyjatek.pl\/wp-content\/uploads\/2025\/07\/Marcin-Skoczylas-900x1107-1.jpg","width":900,"height":1107},{"@type":"BreadcrumbList","@id":"https:\/\/henclewskiwyjatek.pl\/en\/team\/lawyers\/marcin-skoczylas\/#breadcrumb","itemListElement":[{"@type":"ListItem","position":1,"name":"Strona g\u0142\u00f3wna","item":"https:\/\/henclewskiwyjatek.pl\/en\/"},{"@type":"ListItem","position":2,"name":"Team","item":"https:\/\/henclewskiwyjatek.pl\/en\/team\/"},{"@type":"ListItem","position":3,"name":"Lawyers","item":"https:\/\/henclewskiwyjatek.pl\/en\/team\/lawyers\/"},{"@type":"ListItem","position":4,"name":"Marcin Skoczylas"}]},{"@type":"WebSite","@id":"https:\/\/henclewskiwyjatek.pl\/#website","url":"https:\/\/henclewskiwyjatek.pl\/","name":"Henclewski &amp; Wyjatek Kancelaria","description":"attorneys of Your business","publisher":{"@id":"https:\/\/henclewskiwyjatek.pl\/#organization"},"potentialAction":[{"@type":"SearchAction","target":{"@type":"EntryPoint","urlTemplate":"https:\/\/henclewskiwyjatek.pl\/?s={search_term_string}"},"query-input":{"@type":"PropertyValueSpecification","valueRequired":true,"valueName":"search_term_string"}}],"inLanguage":"en-US"},{"@type":"Organization","@id":"https:\/\/henclewskiwyjatek.pl\/#organization","name":"Henclewski &amp; Wyjatek Kancelaria","url":"https:\/\/henclewskiwyjatek.pl\/","logo":{"@type":"ImageObject","inLanguage":"en-US","@id":"https:\/\/henclewskiwyjatek.pl\/#\/schema\/logo\/image\/","url":"https:\/\/henclewskiwyjatek.pl\/wp-content\/uploads\/2023\/06\/hw_logo.png","contentUrl":"https:\/\/henclewskiwyjatek.pl\/wp-content\/uploads\/2023\/06\/hw_logo.png","width":479,"height":173,"caption":"Henclewski &amp; Wyjatek Kancelaria"},"image":{"@id":"https:\/\/henclewskiwyjatek.pl\/#\/schema\/logo\/image\/"},"sameAs":["https:\/\/www.facebook.com\/profile.php?id=100087508418448","https:\/\/www.linkedin.com\/company\/38142911\/"]}]}},"_links":{"self":[{"href":"https:\/\/henclewskiwyjatek.pl\/en\/wp-json\/wp\/v2\/pages\/30968","targetHints":{"allow":["GET"]}}],"collection":[{"href":"https:\/\/henclewskiwyjatek.pl\/en\/wp-json\/wp\/v2\/pages"}],"about":[{"href":"https:\/\/henclewskiwyjatek.pl\/en\/wp-json\/wp\/v2\/types\/page"}],"author":[{"embeddable":true,"href":"https:\/\/henclewskiwyjatek.pl\/en\/wp-json\/wp\/v2\/users\/2"}],"replies":[{"embeddable":true,"href":"https:\/\/henclewskiwyjatek.pl\/en\/wp-json\/wp\/v2\/comments?post=30968"}],"version-history":[{"count":5,"href":"https:\/\/henclewskiwyjatek.pl\/en\/wp-json\/wp\/v2\/pages\/30968\/revisions"}],"predecessor-version":[{"id":30974,"href":"https:\/\/henclewskiwyjatek.pl\/en\/wp-json\/wp\/v2\/pages\/30968\/revisions\/30974"}],"up":[{"embeddable":true,"href":"https:\/\/henclewskiwyjatek.pl\/en\/wp-json\/wp\/v2\/pages\/24524"}],"wp:featuredmedia":[{"embeddable":true,"href":"https:\/\/henclewskiwyjatek.pl\/en\/wp-json\/wp\/v2\/media\/30984"}],"wp:attachment":[{"href":"https:\/\/henclewskiwyjatek.pl\/en\/wp-json\/wp\/v2\/media?parent=30968"}],"curies":[{"name":"wp","href":"https:\/\/api.w.org\/{rel}","templated":true}]}}