{"id":31269,"date":"2025-10-24T13:18:27","date_gmt":"2025-10-24T13:18:27","guid":{"rendered":"https:\/\/henclewskiwyjatek.pl\/?page_id=31269"},"modified":"2026-02-17T13:36:50","modified_gmt":"2026-02-17T13:36:50","slug":"transport-and-forwarding-law","status":"publish","type":"page","link":"https:\/\/henclewskiwyjatek.pl\/en\/our-services\/transport-and-forwarding-law\/","title":{"rendered":"Transport and Forwarding Law"},"content":{"rendered":"<p>[vc_row][vc_column width=&#8221;1\/1&#8243;][mk_fancy_title tag_name=&#8221;h2&#8243; style=&#8221;false&#8221; color=&#8221;#393836&#8243; size=&#8221;18&#8243; font_weight=&#8221;inhert&#8221; margin_top=&#8221;0&#8243; margin_bottom=&#8221;18&#8243; font_family=&#8221;none&#8221; align=&#8221;left&#8221;]Us\u0142ugi prawne dla firm rodzinnych[\/mk_fancy_title][vc_column_text disable_pattern=&#8221;true&#8221; align=&#8221;left&#8221; margin_bottom=&#8221;0&#8243;]<\/p>\n<p>Firmy rodzinne stanowi\u0105 bardzo wa\u017cne ogniwo gospodarki. Charakteryzuj\u0105 si\u0119 one specyficznym cyklem rozwoju, a co za tym idzie zwi\u0105zanymi z tymi problemami. Jako kancelaria wsp\u00f3\u0142pracuj\u0105ca od samego pocz\u0105tku z tego typu podmiotami, rozumiemy konieczno\u015b\u0107 odpowiedniego podej\u015bcia do obs\u0142ugiwanych przez nas spraw.<\/p>\n<p>Wiemy, \u017ce dla tego typu podmiot\u00f3w liczy si\u0119 dopasowanie us\u0142ugi prawnej do cz\u0119sto rozdrobnionej struktury organizacyjnej oraz zapewnienie mo\u017cliwej kompleksowej obs\u0142ugi zwi\u0105zanej z prowadzonymi przez dan\u0105 firm\u0119 biznesami. Ponad 10-letnia praktyka pozwoli\u0142y nam stworzy\u0107 proces obs\u0142ugi prawnej firm rodzinnych, kt\u00f3ra zapewnia elastyczno\u015b\u0107 i sprawne dzia\u0142anie, gwarantuj\u0105ce nieprzerwany rozw\u00f3j firmy.[\/vc_column_text][\/vc_column][\/vc_row][vc_row][vc_column width=&#8221;1\/1&#8243;][mk_divider style=&#8221;thin_solid&#8221; divider_width=&#8221;page_divider&#8221; margin_top=&#8221;20&#8243; margin_bottom=&#8221;20&#8243; width=&#8221;1\/1&#8243; el_position=&#8221;first last&#8221;][\/vc_column][\/vc_row][vc_row][vc_column width=&#8221;1\/1&#8243; el_position=&#8221;first&#8221;][mk_fancy_title tag_name=&#8221;h2&#8243; style=&#8221;false&#8221; color=&#8221;#393836&#8243; size=&#8221;18&#8243; font_weight=&#8221;inhert&#8221; margin_top=&#8221;0&#8243; margin_bottom=&#8221;18&#8243; font_family=&#8221;none&#8221; align=&#8221;left&#8221;]Co oferujemy?[\/mk_fancy_title][vc_column_text disable_pattern=&#8221;true&#8221; align=&#8221;left&#8221; margin_bottom=&#8221;0&#8243;]Oferujemy us\u0142ugi, kt\u00f3re gwarantuj\u0105 obs\u0142ug\u0119 firm rodzinnych w ka\u017cdym wymiarze prawa gospodarczego.\u00a0Jeste\u015bmy w stanie zapewni\u0107 kompleksowy serwis naszych us\u0142ug na najwy\u017cszym poziomie.[\/vc_column_text][mk_divider margin_top=&#8221;20&#8243; margin_bottom=&#8221;20&#8243; width=&#8221;1\/1&#8243; el_position=&#8221;first last&#8221; style=&#8221;padding_space&#8221; divider_width=&#8221;full_width&#8221;][mk_icon_box title=&#8221;Si\u0142a nast\u0119pnego pokolenia&#8221; text_size=&#8221;16&#8243; font_weight=&#8221;inhert&#8221; icon=&#8221;moon-users-2&#8243; style=&#8221;boxed&#8221; icon_size=&#8221;small&#8221; icon_location=&#8221;left&#8221; circled=&#8221;false&#8221; icon_color=&#8221;#898989&#8243; icon_circle_color=&#8221;#e1e1e1&#8243; icon_circle_border_color=&#8221;#c0c0c0&#8243; box_blur=&#8221;false&#8221; margin=&#8221;30&#8243; width=&#8221;1\/1&#8243; el_position=&#8221;first last&#8221;]Sukcesja jest bardzo wa\u017cnym elementem ka\u017cdego rodzinnego biznesu, niezale\u017cnie od jego wielko\u015bci. Przy procesach staramy si\u0119 zrozumie\u0107 ide\u0119 samej skucesji oraz doradzamy jak zrealizowa\u0107 planowany rezultat.[\/mk_icon_box][mk_icon_box title=&#8221;Materialna niezale\u017cno\u015b\u0107&#8221; text_size=&#8221;16&#8243; font_weight=&#8221;inhert&#8221; icon=&#8221;moon-chart&#8221; style=&#8221;boxed&#8221; icon_size=&#8221;small&#8221; icon_location=&#8221;left&#8221; circled=&#8221;false&#8221; icon_color=&#8221;#898989&#8243; icon_circle_color=&#8221;#e1e1e1&#8243; icon_circle_border_color=&#8221;#c0c0c0&#8243; box_blur=&#8221;false&#8221; margin=&#8221;30&#8243; width=&#8221;1\/1&#8243; el_position=&#8221;first last&#8221;]Specjalizujemy si\u0119 w doaradztwie i zabezpieczeniu prowadzonego biznesu oraz rozdzielenie go od maj\u0105tku rodzinnego. W ramach tego mo\u017cemy, np. pom\u00f3c w doborze optymalnej formy prowadzenia firmy, a w razie konieczno\u015bci, zapewniamy przeprowadzenie stosowanych przekszta\u0142ce\u0144.[\/mk_icon_box][mk_icon_box title=&#8221;Si\u0142a mniejszego&#8221; text_size=&#8221;16&#8243; font_weight=&#8221;inhert&#8221; icon=&#8221;icon-shield&#8221; style=&#8221;boxed&#8221; icon_size=&#8221;small&#8221; icon_location=&#8221;left&#8221; circled=&#8221;false&#8221; icon_color=&#8221;#898989&#8243; icon_circle_color=&#8221;#e1e1e1&#8243; icon_circle_border_color=&#8221;#c0c0c0&#8243; box_blur=&#8221;false&#8221; margin=&#8221;30&#8243; width=&#8221;1\/1&#8243; el_position=&#8221;first last&#8221;]Wiele firm rodzinnych spotyka si\u0119 z problemami nieuczciwych praktyk biznesowych, kt\u00f3re mog\u0105 spowodowa\u0107 problemy w funkcjonowaniu przedsi\u0119biorstwa. B\u0119d\u0105c adwokatami biznesu, pomagamy takim firmom w negocjacjach, windykacjach nale\u017cno\u015bci i innych.[\/mk_icon_box][mk_icon_box title=&#8221;Pomagamy w byciu na bie\u017c\u0105co z przepisami&#8221; text_size=&#8221;16&#8243; font_weight=&#8221;inhert&#8221; icon=&#8221;moon-calendar-2&#8243; style=&#8221;boxed&#8221; icon_size=&#8221;small&#8221; icon_location=&#8221;left&#8221; circled=&#8221;false&#8221; icon_color=&#8221;#898989&#8243; icon_circle_color=&#8221;#e1e1e1&#8243; icon_circle_border_color=&#8221;#c0c0c0&#8243; box_blur=&#8221;false&#8221; margin=&#8221;30&#8243; width=&#8221;1\/1&#8243; el_position=&#8221;first last&#8221;]Ka\u017cdy nasz Klient, b\u0119dzie m\u00f3g\u0142 skorzysta\u0107 z naszej wyj\u0105tkowej oferty &#8211; darmowych szkole\u0144 z wybranych aspekt\u00f3w prawa gospodarczego, stosownie do bie\u017c\u0105cych potrzeb Klienta.[\/mk_icon_box][\/vc_column][\/vc_row][vc_row][vc_column width=&#8221;1\/1&#8243;][mk_divider style=&#8221;padding_space&#8221; margin_top=&#8221;20&#8243; margin_bottom=&#8221;20&#8243; width=&#8221;1\/1&#8243; el_position=&#8221;first last&#8221;][\/vc_column][\/vc_row][vc_row][vc_column width=&#8221;1\/1&#8243;][mk_fancy_title tag_name=&#8221;h1&#8243; style=&#8221;true&#8221; color=&#8221;#222222&#8243; size=&#8221;14&#8243; font_weight=&#8221;inhert&#8221; margin_top=&#8221;0&#8243; margin_bottom=&#8221;18&#8243; font_family=&#8221;none&#8221; align=&#8221;left&#8221; width=&#8221;1\/1&#8243; el_position=&#8221;first&#8221;]Nasze us\u0142ugi[\/mk_fancy_title][\/vc_column][\/vc_row][vc_row][vc_column width=&#8221;1\/3&#8243; el_position=&#8221;first&#8221;][mk_custom_list style=&#8221;e262&#8243; icon_color=&#8221;#751461&#8243; margin_bottom=&#8221;30&#8243; width=&#8221;1\/1&#8243; el_position=&#8221;first last&#8221; align=&#8221;none&#8221;]<\/p>\n<ul>\n<li>windykacja nale\u017cno\u015bci<\/li>\n<li>procesy s\u0105dowe<\/li>\n<li>prawo pracy<\/li>\n<li>tworzenie i opiniowanie um\u00f3w handlowych<\/li>\n<\/ul>\n<p>[\/mk_custom_list][\/vc_column][vc_column width=&#8221;1\/3&#8243;][mk_custom_list style=&#8221;e262&#8243; icon_color=&#8221;#751461&#8243; margin_bottom=&#8221;30&#8243; width=&#8221;1\/1&#8243; el_position=&#8221;first last&#8221; align=&#8221;none&#8221;]<\/p>\n<ul>\n<li>prowadzenie post\u0119powa\u0144 administracyjnych<\/li>\n<li>prawo karne gospodarcze<\/li>\n<li>prawo cywilne<\/li>\n<li>prawo cywilne ze szczeg\u00f3lnym uwzgl\u0119dnieniem problematyki nieruchomo\u015bci<\/li>\n<\/ul>\n<p>[\/mk_custom_list][\/vc_column][vc_column width=&#8221;1\/3&#8243;][mk_custom_list style=&#8221;e262&#8243; icon_color=&#8221;#751461&#8243; margin_bottom=&#8221;30&#8243; width=&#8221;1\/1&#8243; el_position=&#8221;first last&#8221; align=&#8221;none&#8221;]<\/p>\n<ul>\n<li>w\u0142asno\u015b\u0107 intelektualna<\/li>\n<li>sukcesja rodzinna<\/li>\n<li>formy organizacyjno-prawne<\/li>\n<li>rozdzielno\u015b\u0107 maj\u0105tkowa<\/li>\n<\/ul>\n<p>[\/mk_custom_list][\/vc_column][\/vc_row][vc_row][vc_column width=&#8221;1\/1&#8243;][mk_divider style=&#8221;thin_solid&#8221; divider_width=&#8221;page_divider&#8221; margin_top=&#8221;20&#8243; margin_bottom=&#8221;20&#8243; width=&#8221;1\/1&#8243; el_position=&#8221;first last&#8221;][\/vc_column][\/vc_row][mk_page_section border_color=&#8221;#e5e5e5&#8243; bg_color=&#8221;#f6f6f6&#8243; attachment=&#8221;scroll&#8221; bg_position=&#8221;left top&#8221; bg_repeat=&#8221;repeat&#8221; bg_stretch=&#8221;false&#8221; enable_3d=&#8221;false&#8221; speed_factor=&#8221;0&#8243; section_layout=&#8221;full&#8221; sidebar=&#8221;Shortcodes&#8221; min_height=&#8221;100&#8243; padding_top=&#8221;60&#8243; padding_bottom=&#8221;0&#8243; margin_bottom=&#8221;0&#8243; last_page=&#8221;true&#8221;][vc_column width=&#8221;3\/4&#8243;][mk_fancy_title tag_name=&#8221;h3&#8243; style=&#8221;false&#8221; color=&#8221;#333333&#8243; size=&#8221;28&#8243; font_weight=&#8221;300&#8243; margin_top=&#8221;0&#8243; margin_bottom=&#8221;0&#8243; font_family=&#8221;none&#8221; align=&#8221;center&#8221; width=&#8221;1\/1&#8243; el_position=&#8221;first last&#8221;]Twoje sprawy potocz\u0105 si\u0119 we w\u0142a\u015bciwy kierunku.[\/mk_fancy_title][\/vc_column][vc_column width=&#8221;1\/4&#8243;][mk_button dimension=&#8221;three&#8221; size=&#8221;large&#8221; bg_color=&#8221;#791664&#8243; text_color=&#8221;light&#8221; icon=&#8221;moon-users-2&#8243; url=&#8221;http:\/\/test.smartidea.pl\/?page_id=2761&#8243; target=&#8221;_self&#8221; align=&#8221;center&#8221; margin_top=&#8221;0&#8243; margin_bottom=&#8221;0&#8243; width=&#8221;1\/1&#8243; el_position=&#8221;first last&#8221; outline_button_color=&#8221;#666666&#8243; outline_txt_color=&#8221;#666666&#8243; outline_txt_hover_color=&#8221;#ffffff&#8221;]POZNAJ NASZ ZESP\u00d3\u0141[\/mk_button][\/vc_column][\/mk_page_section]<\/p>\n","protected":false},"excerpt":{"rendered":"<p>[vc_row][vc_column width=&#8221;1\/1&#8243;][mk_fancy_title tag_name=&#8221;h2&#8243; style=&#8221;false&#8221; color=&#8221;#393836&#8243; size=&#8221;18&#8243; font_weight=&#8221;inhert&#8221; margin_top=&#8221;0&#8243; margin_bottom=&#8221;18&#8243; font_family=&#8221;none&#8221; align=&#8221;left&#8221;]Us\u0142ugi prawne dla firm rodzinnych[\/mk_fancy_title][vc_column_text disable_pattern=&#8221;true&#8221; align=&#8221;left&#8221; margin_bottom=&#8221;0&#8243;] Firmy rodzinne stanowi\u0105 bardzo wa\u017cne ogniwo gospodarki. Charakteryzuj\u0105 si\u0119 one specyficznym cyklem rozwoju, a co za tym idzie zwi\u0105zanymi z tymi problemami. Jako kancelaria wsp\u00f3\u0142pracuj\u0105ca od samego pocz\u0105tku z tego typu podmiotami, rozumiemy konieczno\u015b\u0107 odpowiedniego podej\u015bcia do [&hellip;]<\/p>\n","protected":false},"author":2,"featured_media":0,"parent":24467,"menu_order":150,"comment_status":"closed","ping_status":"closed","template":"offer-template.php","meta":{"_monsterinsights_skip_tracking":false,"_monsterinsights_sitenote_active":false,"_monsterinsights_sitenote_note":"","_monsterinsights_sitenote_category":0,"footnotes":""},"class_list":["post-31269","page","type-page","status-publish","hentry"],"yoast_head":"<!-- This site is optimized with the Yoast SEO plugin v27.3 - https:\/\/yoast.com\/product\/yoast-seo-wordpress\/ -->\n<title>Transport and Forwarding Law - Henclewski &amp; Wyjatek<\/title>\n<meta name=\"description\" content=\"Legal support for transport and freight forwarding companies, ranging from disputes with insurers to the review and assessment of contracts.\" \/>\n<meta name=\"robots\" content=\"index, follow, max-snippet:-1, max-image-preview:large, max-video-preview:-1\" \/>\n<link rel=\"canonical\" href=\"https:\/\/henclewskiwyjatek.pl\/en\/our-services\/transport-and-forwarding-law\/\" \/>\n<meta property=\"og:locale\" content=\"en_US\" \/>\n<meta property=\"og:type\" content=\"article\" \/>\n<meta property=\"og:title\" content=\"Transport and Forwarding Law - Henclewski &amp; Wyjatek\" \/>\n<meta property=\"og:description\" content=\"Legal support for transport and freight forwarding companies, ranging from disputes with insurers to the review and assessment of contracts.\" \/>\n<meta property=\"og:url\" content=\"https:\/\/henclewskiwyjatek.pl\/en\/our-services\/transport-and-forwarding-law\/\" \/>\n<meta property=\"og:site_name\" content=\"Henclewski &amp; Wyjatek\" \/>\n<meta property=\"article:publisher\" content=\"https:\/\/www.facebook.com\/profile.php?id=100087508418448\" \/>\n<meta property=\"article:modified_time\" content=\"2026-02-17T13:36:50+00:00\" \/>\n<meta name=\"twitter:card\" content=\"summary_large_image\" \/>\n<meta name=\"twitter:label1\" content=\"Est. reading time\" \/>\n\t<meta name=\"twitter:data1\" content=\"3 minutes\" \/>\n<script type=\"application\/ld+json\" class=\"yoast-schema-graph\">{\"@context\":\"https:\\\/\\\/schema.org\",\"@graph\":[{\"@type\":\"WebPage\",\"@id\":\"https:\\\/\\\/henclewskiwyjatek.pl\\\/en\\\/our-services\\\/transport-and-forwarding-law\\\/\",\"url\":\"https:\\\/\\\/henclewskiwyjatek.pl\\\/en\\\/our-services\\\/transport-and-forwarding-law\\\/\",\"name\":\"Transport and Forwarding Law - Henclewski &amp; Wyjatek\",\"isPartOf\":{\"@id\":\"https:\\\/\\\/henclewskiwyjatek.pl\\\/#website\"},\"datePublished\":\"2025-10-24T13:18:27+00:00\",\"dateModified\":\"2026-02-17T13:36:50+00:00\",\"description\":\"Legal support for transport and freight forwarding companies, ranging from disputes with insurers to the review and assessment of contracts.\",\"breadcrumb\":{\"@id\":\"https:\\\/\\\/henclewskiwyjatek.pl\\\/en\\\/our-services\\\/transport-and-forwarding-law\\\/#breadcrumb\"},\"inLanguage\":\"en-US\",\"potentialAction\":[{\"@type\":\"ReadAction\",\"target\":[\"https:\\\/\\\/henclewskiwyjatek.pl\\\/en\\\/our-services\\\/transport-and-forwarding-law\\\/\"]}]},{\"@type\":\"BreadcrumbList\",\"@id\":\"https:\\\/\\\/henclewskiwyjatek.pl\\\/en\\\/our-services\\\/transport-and-forwarding-law\\\/#breadcrumb\",\"itemListElement\":[{\"@type\":\"ListItem\",\"position\":1,\"name\":\"Strona g\u0142\u00f3wna\",\"item\":\"https:\\\/\\\/henclewskiwyjatek.pl\\\/en\\\/\"},{\"@type\":\"ListItem\",\"position\":2,\"name\":\"Our services\",\"item\":\"https:\\\/\\\/henclewskiwyjatek.pl\\\/en\\\/our-services\\\/\"},{\"@type\":\"ListItem\",\"position\":3,\"name\":\"Transport and Forwarding Law\"}]},{\"@type\":\"WebSite\",\"@id\":\"https:\\\/\\\/henclewskiwyjatek.pl\\\/#website\",\"url\":\"https:\\\/\\\/henclewskiwyjatek.pl\\\/\",\"name\":\"Henclewski &amp; Wyjatek Kancelaria\",\"description\":\"attorneys of Your business\",\"publisher\":{\"@id\":\"https:\\\/\\\/henclewskiwyjatek.pl\\\/#organization\"},\"potentialAction\":[{\"@type\":\"SearchAction\",\"target\":{\"@type\":\"EntryPoint\",\"urlTemplate\":\"https:\\\/\\\/henclewskiwyjatek.pl\\\/?s={search_term_string}\"},\"query-input\":{\"@type\":\"PropertyValueSpecification\",\"valueRequired\":true,\"valueName\":\"search_term_string\"}}],\"inLanguage\":\"en-US\"},{\"@type\":\"Organization\",\"@id\":\"https:\\\/\\\/henclewskiwyjatek.pl\\\/#organization\",\"name\":\"Henclewski &amp; Wyjatek Kancelaria\",\"url\":\"https:\\\/\\\/henclewskiwyjatek.pl\\\/\",\"logo\":{\"@type\":\"ImageObject\",\"inLanguage\":\"en-US\",\"@id\":\"https:\\\/\\\/henclewskiwyjatek.pl\\\/#\\\/schema\\\/logo\\\/image\\\/\",\"url\":\"https:\\\/\\\/henclewskiwyjatek.pl\\\/wp-content\\\/uploads\\\/2023\\\/06\\\/hw_logo.png\",\"contentUrl\":\"https:\\\/\\\/henclewskiwyjatek.pl\\\/wp-content\\\/uploads\\\/2023\\\/06\\\/hw_logo.png\",\"width\":479,\"height\":173,\"caption\":\"Henclewski &amp; Wyjatek Kancelaria\"},\"image\":{\"@id\":\"https:\\\/\\\/henclewskiwyjatek.pl\\\/#\\\/schema\\\/logo\\\/image\\\/\"},\"sameAs\":[\"https:\\\/\\\/www.facebook.com\\\/profile.php?id=100087508418448\",\"https:\\\/\\\/www.linkedin.com\\\/company\\\/38142911\\\/\"]}]}<\/script>\n<!-- \/ Yoast SEO plugin. -->","yoast_head_json":{"title":"Transport and Forwarding Law - Henclewski &amp; Wyjatek","description":"Legal support for transport and freight forwarding companies, ranging from disputes with insurers to the review and assessment of contracts.","robots":{"index":"index","follow":"follow","max-snippet":"max-snippet:-1","max-image-preview":"max-image-preview:large","max-video-preview":"max-video-preview:-1"},"canonical":"https:\/\/henclewskiwyjatek.pl\/en\/our-services\/transport-and-forwarding-law\/","og_locale":"en_US","og_type":"article","og_title":"Transport and Forwarding Law - Henclewski &amp; Wyjatek","og_description":"Legal support for transport and freight forwarding companies, ranging from disputes with insurers to the review and assessment of contracts.","og_url":"https:\/\/henclewskiwyjatek.pl\/en\/our-services\/transport-and-forwarding-law\/","og_site_name":"Henclewski &amp; Wyjatek","article_publisher":"https:\/\/www.facebook.com\/profile.php?id=100087508418448","article_modified_time":"2026-02-17T13:36:50+00:00","twitter_card":"summary_large_image","twitter_misc":{"Est. reading time":"3 minutes"},"schema":{"@context":"https:\/\/schema.org","@graph":[{"@type":"WebPage","@id":"https:\/\/henclewskiwyjatek.pl\/en\/our-services\/transport-and-forwarding-law\/","url":"https:\/\/henclewskiwyjatek.pl\/en\/our-services\/transport-and-forwarding-law\/","name":"Transport and Forwarding Law - Henclewski &amp; Wyjatek","isPartOf":{"@id":"https:\/\/henclewskiwyjatek.pl\/#website"},"datePublished":"2025-10-24T13:18:27+00:00","dateModified":"2026-02-17T13:36:50+00:00","description":"Legal support for transport and freight forwarding companies, ranging from disputes with insurers to the review and assessment of contracts.","breadcrumb":{"@id":"https:\/\/henclewskiwyjatek.pl\/en\/our-services\/transport-and-forwarding-law\/#breadcrumb"},"inLanguage":"en-US","potentialAction":[{"@type":"ReadAction","target":["https:\/\/henclewskiwyjatek.pl\/en\/our-services\/transport-and-forwarding-law\/"]}]},{"@type":"BreadcrumbList","@id":"https:\/\/henclewskiwyjatek.pl\/en\/our-services\/transport-and-forwarding-law\/#breadcrumb","itemListElement":[{"@type":"ListItem","position":1,"name":"Strona g\u0142\u00f3wna","item":"https:\/\/henclewskiwyjatek.pl\/en\/"},{"@type":"ListItem","position":2,"name":"Our services","item":"https:\/\/henclewskiwyjatek.pl\/en\/our-services\/"},{"@type":"ListItem","position":3,"name":"Transport and Forwarding Law"}]},{"@type":"WebSite","@id":"https:\/\/henclewskiwyjatek.pl\/#website","url":"https:\/\/henclewskiwyjatek.pl\/","name":"Henclewski &amp; Wyjatek Kancelaria","description":"attorneys of Your business","publisher":{"@id":"https:\/\/henclewskiwyjatek.pl\/#organization"},"potentialAction":[{"@type":"SearchAction","target":{"@type":"EntryPoint","urlTemplate":"https:\/\/henclewskiwyjatek.pl\/?s={search_term_string}"},"query-input":{"@type":"PropertyValueSpecification","valueRequired":true,"valueName":"search_term_string"}}],"inLanguage":"en-US"},{"@type":"Organization","@id":"https:\/\/henclewskiwyjatek.pl\/#organization","name":"Henclewski &amp; Wyjatek Kancelaria","url":"https:\/\/henclewskiwyjatek.pl\/","logo":{"@type":"ImageObject","inLanguage":"en-US","@id":"https:\/\/henclewskiwyjatek.pl\/#\/schema\/logo\/image\/","url":"https:\/\/henclewskiwyjatek.pl\/wp-content\/uploads\/2023\/06\/hw_logo.png","contentUrl":"https:\/\/henclewskiwyjatek.pl\/wp-content\/uploads\/2023\/06\/hw_logo.png","width":479,"height":173,"caption":"Henclewski &amp; Wyjatek Kancelaria"},"image":{"@id":"https:\/\/henclewskiwyjatek.pl\/#\/schema\/logo\/image\/"},"sameAs":["https:\/\/www.facebook.com\/profile.php?id=100087508418448","https:\/\/www.linkedin.com\/company\/38142911\/"]}]}},"_links":{"self":[{"href":"https:\/\/henclewskiwyjatek.pl\/en\/wp-json\/wp\/v2\/pages\/31269","targetHints":{"allow":["GET"]}}],"collection":[{"href":"https:\/\/henclewskiwyjatek.pl\/en\/wp-json\/wp\/v2\/pages"}],"about":[{"href":"https:\/\/henclewskiwyjatek.pl\/en\/wp-json\/wp\/v2\/types\/page"}],"author":[{"embeddable":true,"href":"https:\/\/henclewskiwyjatek.pl\/en\/wp-json\/wp\/v2\/users\/2"}],"replies":[{"embeddable":true,"href":"https:\/\/henclewskiwyjatek.pl\/en\/wp-json\/wp\/v2\/comments?post=31269"}],"version-history":[{"count":5,"href":"https:\/\/henclewskiwyjatek.pl\/en\/wp-json\/wp\/v2\/pages\/31269\/revisions"}],"predecessor-version":[{"id":31275,"href":"https:\/\/henclewskiwyjatek.pl\/en\/wp-json\/wp\/v2\/pages\/31269\/revisions\/31275"}],"up":[{"embeddable":true,"href":"https:\/\/henclewskiwyjatek.pl\/en\/wp-json\/wp\/v2\/pages\/24467"}],"wp:attachment":[{"href":"https:\/\/henclewskiwyjatek.pl\/en\/wp-json\/wp\/v2\/media?parent=31269"}],"curies":[{"name":"wp","href":"https:\/\/api.w.org\/{rel}","templated":true}]}}